{"id":85,"date":"2014-10-21T12:02:30","date_gmt":"2014-10-21T10:02:30","guid":{"rendered":"http:\/\/blogs2.abo.fi\/lumia\/?page_id=85"},"modified":"2016-11-11T08:55:58","modified_gmt":"2016-11-11T08:55:58","slug":"steg2","status":"publish","type":"page","link":"https:\/\/blogs2.abo.fi\/xperia\/steg2\/","title":{"rendered":"Steg 2: Nano-SIM"},"content":{"rendered":"<pre>Till <strong>Sony Xperia<\/strong>\u00a0beh\u00f6ver du ett\u00a0Nano-SIM kort. Det \u00e4r den minsta delen. H\u00e4r ser du ett exempel. Om du har ett \u00e4ldre Micro-SIM kort t.ex. fr\u00e5n Lumia 630 s\u00e5 m\u00e5ste du kontakta Helpdesk f\u00f6r att f\u00e5 ett nytt.\r\n\r\nBryt f\u00f6rsiktigt...\r\n\r\n<a href=\"http:\/\/blogs2.abo.fi\/w10p\/steg2\/elisasim\/\" rel=\"attachment wp-att-416\"><img loading=\"lazy\" decoding=\"async\" class=\"alignnone wp-image-416 size-medium\" src=\"http:\/\/blogs2.abo.fi\/xperia\/wp-content\/uploads\/sites\/49\/2014\/10\/ElisaSim-e1454501912254-300x169.jpg\" alt=\"ElisaSim\" width=\"300\" height=\"169\" srcset=\"https:\/\/blogs2.abo.fi\/xperia\/wp-content\/uploads\/sites\/49\/2014\/10\/ElisaSim-e1454501912254-300x169.jpg 300w, https:\/\/blogs2.abo.fi\/xperia\/wp-content\/uploads\/sites\/49\/2014\/10\/ElisaSim-e1454501912254-768x431.jpg 768w, https:\/\/blogs2.abo.fi\/xperia\/wp-content\/uploads\/sites\/49\/2014\/10\/ElisaSim-e1454501912254-1024x575.jpg 1024w\" sizes=\"auto, (max-width: 300px) 100vw, 300px\" \/><\/a><\/pre>\n<hr \/>\n<p><a title=\"Steg 3: S\u00e4tt i SIM-kortet och batteriet\" href=\"http:\/\/blogs2.abo.fi\/xperia\/steg3\/\">G\u00e5 vidare till steg 3<\/a><\/p>\n","protected":false},"excerpt":{"rendered":"<p>Till Sony Xperia\u00a0beh\u00f6ver du ett\u00a0Nano-SIM kort. Det \u00e4r den minsta delen. H\u00e4r ser du ett exempel. Om du har ett \u00e4ldre Micro-SIM kort t.ex. fr\u00e5n Lumia 630 s\u00e5 m\u00e5ste du kontakta Helpdesk f\u00f6r att f\u00e5 ett nytt. Bryt f\u00f6rsiktigt&#8230; G\u00e5 vidare till steg 3<\/p>\n","protected":false},"author":8,"featured_media":0,"parent":0,"menu_order":0,"comment_status":"closed","ping_status":"closed","template":"","meta":{"footnotes":""},"class_list":["post-85","page","type-page","status-publish","hentry"],"_links":{"self":[{"href":"https:\/\/blogs2.abo.fi\/xperia\/wp-json\/wp\/v2\/pages\/85","targetHints":{"allow":["GET"]}}],"collection":[{"href":"https:\/\/blogs2.abo.fi\/xperia\/wp-json\/wp\/v2\/pages"}],"about":[{"href":"https:\/\/blogs2.abo.fi\/xperia\/wp-json\/wp\/v2\/types\/page"}],"author":[{"embeddable":true,"href":"https:\/\/blogs2.abo.fi\/xperia\/wp-json\/wp\/v2\/users\/8"}],"replies":[{"embeddable":true,"href":"https:\/\/blogs2.abo.fi\/xperia\/wp-json\/wp\/v2\/comments?post=85"}],"version-history":[{"count":5,"href":"https:\/\/blogs2.abo.fi\/xperia\/wp-json\/wp\/v2\/pages\/85\/revisions"}],"predecessor-version":[{"id":609,"href":"https:\/\/blogs2.abo.fi\/xperia\/wp-json\/wp\/v2\/pages\/85\/revisions\/609"}],"wp:attachment":[{"href":"https:\/\/blogs2.abo.fi\/xperia\/wp-json\/wp\/v2\/media?parent=85"}],"curies":[{"name":"wp","href":"https:\/\/api.w.org\/{rel}","templated":true}]}}