{"id":80,"date":"2014-10-21T11:53:46","date_gmt":"2014-10-21T09:53:46","guid":{"rendered":"http:\/\/blogs2.abo.fi\/lumia\/?page_id=80"},"modified":"2017-03-21T15:14:15","modified_gmt":"2017-03-21T15:14:15","slug":"steg6","status":"publish","type":"page","link":"https:\/\/blogs2.abo.fi\/xperia\/steg6\/","title":{"rendered":"Steg 6: L\u00e5ssk\u00e4rm"},"content":{"rendered":"<pre><strong>Om du redan satt l\u00e5skod i <a href=\"http:\/\/blogs2.abo.fi\/xperia\/steg4\/\">Steg 4<\/a> kan du hoppa \u00f6ver detta.\r\n\r\nObs! <\/strong>Kom ih\u00e5g\/skriv upp l\u00e5skoden. Om du gl\u00f6mmer koden till l\u00e5ssk\u00e4rmen f\u00f6rlorar du all information. Telefonen kan d\u00e4refter endast anv\u00e4ndas om den \u00e5terst\u00e4lls till de ursprungliga fabriksinst\u00e4llningarna.\r\n\r\nNotera: Detta \u00e4r allts\u00e5 inte samma sak som din <a href=\"http:\/\/blogs2.abo.fi\/xperia\/steg5\/\">SIM PIN-kod<\/a>.<\/pre>\n<pre style=\"text-align: justify\">Leta reda p\u00e5 <strong>Settings <a href=\"http:\/\/blogs2.abo.fi\/xperia\/wp-content\/uploads\/sites\/49\/2014\/10\/start-icon-settings_InvariantCulture_Default.png\"><img loading=\"lazy\" decoding=\"async\" class=\"size-full wp-image-73\" src=\"http:\/\/blogs2.abo.fi\/xperia\/wp-content\/uploads\/sites\/49\/2014\/10\/start-icon-settings_InvariantCulture_Default.png\" alt=\"start-icon-settings_InvariantCulture_Default\" width=\"28\" height=\"28\" \/><\/a><\/strong><\/pre>\n<pre style=\"text-align: justify\"><strong>Settings -<\/strong>\r\n\r\n<a href=\"http:\/\/blogs2.abo.fi\/xperia\/steg5\/screenshot_20161111-145611\/\" rel=\"attachment wp-att-275\"><img loading=\"lazy\" decoding=\"async\" class=\"alignnone wp-image-645 size-medium\" src=\"http:\/\/blogs2.abo.fi\/xperia\/wp-content\/uploads\/sites\/49\/2014\/10\/Screenshot_20161111-145611-169x300.png\" width=\"169\" height=\"300\" srcset=\"https:\/\/blogs2.abo.fi\/xperia\/wp-content\/uploads\/sites\/49\/2014\/10\/Screenshot_20161111-145611-169x300.png 169w, https:\/\/blogs2.abo.fi\/xperia\/wp-content\/uploads\/sites\/49\/2014\/10\/Screenshot_20161111-145611-768x1365.png 768w, https:\/\/blogs2.abo.fi\/xperia\/wp-content\/uploads\/sites\/49\/2014\/10\/Screenshot_20161111-145611-576x1024.png 576w, https:\/\/blogs2.abo.fi\/xperia\/wp-content\/uploads\/sites\/49\/2014\/10\/Screenshot_20161111-145611.png 1080w\" sizes=\"auto, (max-width: 169px) 100vw, 169px\" \/><\/a>\r\nTryck p\u00e5 <strong>Lock screen &amp; security <\/strong><\/pre>\n<pre><strong>Lock screen &amp; security -\r\n<\/strong>\r\n<a href=\"http:\/\/blogs2.abo.fi\/xperia\/steg6\/screenshot_20170218-213316\/\" rel=\"attachment wp-att-276\"><img loading=\"lazy\" decoding=\"async\" class=\"alignnone wp-image-708 size-medium\" src=\"http:\/\/blogs2.abo.fi\/xperia\/wp-content\/uploads\/sites\/49\/2014\/10\/Screenshot_20170218-213316-169x300.png\" width=\"169\" height=\"300\" srcset=\"https:\/\/blogs2.abo.fi\/xperia\/wp-content\/uploads\/sites\/49\/2014\/10\/Screenshot_20170218-213316-169x300.png 169w, https:\/\/blogs2.abo.fi\/xperia\/wp-content\/uploads\/sites\/49\/2014\/10\/Screenshot_20170218-213316-768x1365.png 768w, https:\/\/blogs2.abo.fi\/xperia\/wp-content\/uploads\/sites\/49\/2014\/10\/Screenshot_20170218-213316-576x1024.png 576w, https:\/\/blogs2.abo.fi\/xperia\/wp-content\/uploads\/sites\/49\/2014\/10\/Screenshot_20170218-213316.png 1080w\" sizes=\"auto, (max-width: 169px) 100vw, 169px\" \/><\/a>\r\nTryck p\u00e5 <strong><strong>Screen Lock\r\n <\/strong><\/strong><\/pre>\n<pre><strong>Secure start-up -<\/strong>\r\n\r\n<a href=\"http:\/\/blogs2.abo.fi\/xperia\/steg6\/screenshot_20170218-213437\/\" rel=\"attachment wp-att-278\"><img loading=\"lazy\" decoding=\"async\" class=\"alignnone wp-image-709 size-medium\" src=\"http:\/\/blogs2.abo.fi\/xperia\/wp-content\/uploads\/sites\/49\/2014\/10\/Screenshot_20170218-213437-169x300.png\" width=\"169\" height=\"300\" srcset=\"https:\/\/blogs2.abo.fi\/xperia\/wp-content\/uploads\/sites\/49\/2014\/10\/Screenshot_20170218-213437-169x300.png 169w, https:\/\/blogs2.abo.fi\/xperia\/wp-content\/uploads\/sites\/49\/2014\/10\/Screenshot_20170218-213437-768x1365.png 768w, https:\/\/blogs2.abo.fi\/xperia\/wp-content\/uploads\/sites\/49\/2014\/10\/Screenshot_20170218-213437-576x1024.png 576w, https:\/\/blogs2.abo.fi\/xperia\/wp-content\/uploads\/sites\/49\/2014\/10\/Screenshot_20170218-213437.png 1080w\" sizes=\"auto, (max-width: 169px) 100vw, 169px\" \/><\/a>\r\nTryck p\u00e5<strong> PIN required after restarting <\/strong>om du vill ha extra s\u00e4kerhet\r\nOBS! guiden forts\u00e4tter som om du valt detta alternativ.\r\n(Annars Tryck p\u00e5<strong> No thanks<\/strong>)<\/pre>\n<pre><strong>Unlock selection -<\/strong>\r\n\r\n<a href=\"http:\/\/blogs2.abo.fi\/xperia\/steg6\/screenshot_20170218-214254\/\" rel=\"attachment wp-att-280\"><img loading=\"lazy\" decoding=\"async\" class=\"alignnone wp-image-710 size-medium\" src=\"http:\/\/blogs2.abo.fi\/xperia\/wp-content\/uploads\/sites\/49\/2014\/10\/Screenshot_20170218-214254-169x300.png\" width=\"169\" height=\"300\" srcset=\"https:\/\/blogs2.abo.fi\/xperia\/wp-content\/uploads\/sites\/49\/2014\/10\/Screenshot_20170218-214254-169x300.png 169w, https:\/\/blogs2.abo.fi\/xperia\/wp-content\/uploads\/sites\/49\/2014\/10\/Screenshot_20170218-214254-768x1365.png 768w, https:\/\/blogs2.abo.fi\/xperia\/wp-content\/uploads\/sites\/49\/2014\/10\/Screenshot_20170218-214254-576x1024.png 576w, https:\/\/blogs2.abo.fi\/xperia\/wp-content\/uploads\/sites\/49\/2014\/10\/Screenshot_20170218-214254.png 1080w\" sizes=\"auto, (max-width: 169px) 100vw, 169px\" \/><\/a>\r\n(Du har inte <strong>Fingerprint<\/strong> alternativet p\u00e5 en <strong>Sony E5<\/strong>)\r\nTryck p\u00e5\u00a0<strong>Fingerprint+ Pin<\/strong><\/pre>\n<pre><strong>Choose your PIN -<\/strong>\r\n\r\n\r\n<a href=\"http:\/\/blogs2.abo.fi\/xperia\/steg6\/screenshot_20170218-214320\/\" rel=\"attachment wp-att-483\"><img loading=\"lazy\" decoding=\"async\" class=\"alignnone wp-image-711 size-medium\" src=\"http:\/\/blogs2.abo.fi\/xperia\/wp-content\/uploads\/sites\/49\/2014\/10\/Screenshot_20170218-214320-169x300.png\" width=\"169\" height=\"300\" srcset=\"https:\/\/blogs2.abo.fi\/xperia\/wp-content\/uploads\/sites\/49\/2014\/10\/Screenshot_20170218-214320-169x300.png 169w, https:\/\/blogs2.abo.fi\/xperia\/wp-content\/uploads\/sites\/49\/2014\/10\/Screenshot_20170218-214320-768x1365.png 768w, https:\/\/blogs2.abo.fi\/xperia\/wp-content\/uploads\/sites\/49\/2014\/10\/Screenshot_20170218-214320-576x1024.png 576w, https:\/\/blogs2.abo.fi\/xperia\/wp-content\/uploads\/sites\/49\/2014\/10\/Screenshot_20170218-214320.png 1080w\" sizes=\"auto, (max-width: 169px) 100vw, 169px\" \/><\/a>\r\nSkapa ditt l\u00f6senord f\u00f6r l\u00e5ssk\u00e4rmen\r\nTryck\u00a0p\u00e5 <strong>Continue <\/strong>och upprepa en g\u00e5ng till\r\n<\/pre>\n<hr \/>\n<p><a title=\"Steg 7: Kontakter och kalender\" href=\"http:\/\/blogs2.abo.fi\/xperia\/steg7\/\">G\u00e5 vidare till steg\u00a07<\/a><\/p>\n","protected":false},"excerpt":{"rendered":"<p>Om du redan satt l\u00e5skod i Steg 4 kan du hoppa \u00f6ver detta. Obs! Kom ih\u00e5g\/skriv upp l\u00e5skoden. Om du gl\u00f6mmer koden till l\u00e5ssk\u00e4rmen f\u00f6rlorar du all information. Telefonen kan d\u00e4refter endast anv\u00e4ndas om den \u00e5terst\u00e4lls till de ursprungliga fabriksinst\u00e4llningarna. Notera: Detta \u00e4r allts\u00e5 inte samma sak som din SIM PIN-kod. Leta reda p\u00e5 Settings &hellip; <a href=\"https:\/\/blogs2.abo.fi\/xperia\/steg6\/\" class=\"more-link\">Forts\u00e4tt l\u00e4sa <span class=\"screen-reader-text\">Steg 6: L\u00e5ssk\u00e4rm<\/span><\/a><\/p>\n","protected":false},"author":116,"featured_media":0,"parent":0,"menu_order":0,"comment_status":"closed","ping_status":"open","template":"","meta":{"footnotes":""},"class_list":["post-80","page","type-page","status-publish","hentry"],"_links":{"self":[{"href":"https:\/\/blogs2.abo.fi\/xperia\/wp-json\/wp\/v2\/pages\/80","targetHints":{"allow":["GET"]}}],"collection":[{"href":"https:\/\/blogs2.abo.fi\/xperia\/wp-json\/wp\/v2\/pages"}],"about":[{"href":"https:\/\/blogs2.abo.fi\/xperia\/wp-json\/wp\/v2\/types\/page"}],"author":[{"embeddable":true,"href":"https:\/\/blogs2.abo.fi\/xperia\/wp-json\/wp\/v2\/users\/116"}],"replies":[{"embeddable":true,"href":"https:\/\/blogs2.abo.fi\/xperia\/wp-json\/wp\/v2\/comments?post=80"}],"version-history":[{"count":20,"href":"https:\/\/blogs2.abo.fi\/xperia\/wp-json\/wp\/v2\/pages\/80\/revisions"}],"predecessor-version":[{"id":776,"href":"https:\/\/blogs2.abo.fi\/xperia\/wp-json\/wp\/v2\/pages\/80\/revisions\/776"}],"wp:attachment":[{"href":"https:\/\/blogs2.abo.fi\/xperia\/wp-json\/wp\/v2\/media?parent=80"}],"curies":[{"name":"wp","href":"https:\/\/api.w.org\/{rel}","templated":true}]}}