{"id":49,"date":"2014-10-21T10:36:07","date_gmt":"2014-10-21T08:36:07","guid":{"rendered":"http:\/\/blogs2.abo.fi\/testest\/?page_id=49"},"modified":"2017-03-21T14:20:50","modified_gmt":"2017-03-21T14:20:50","slug":"steg3","status":"publish","type":"page","link":"https:\/\/blogs2.abo.fi\/xperia\/steg3\/","title":{"rendered":"Steg 3: S\u00e4tt i SIM-kortet"},"content":{"rendered":"<pre>Akademins Sony Xperia modeller \u00e4r <em>inte<\/em>\u00a0Dual-SIM telefoner, och det kommer <em>inte<\/em> med ett <a href=\"https:\/\/sv.wikipedia.org\/wiki\/MicroSD\" target=\"_blank\"><strong>MicroSD<\/strong> minneskort<\/a>. Inne i f\u00f6rpackningen eller p\u00e5 baksidan av telefonen finns en instruktion fastklistrad hur du s\u00e4tter i SIM-kortet.<\/pre>\n<pre><a href=\"http:\/\/blogs2.abo.fi\/xperia\/steg3\/xperia_x_sim\/\" rel=\"attachment wp-att-610\"><img loading=\"lazy\" decoding=\"async\" class=\"alignnone size-medium wp-image-610\" src=\"http:\/\/blogs2.abo.fi\/xperia\/wp-content\/uploads\/sites\/49\/2014\/10\/xperia_x_sim-195x300.jpg\" alt=\"xperia_x_sim\" width=\"195\" height=\"300\" srcset=\"https:\/\/blogs2.abo.fi\/xperia\/wp-content\/uploads\/sites\/49\/2014\/10\/xperia_x_sim-195x300.jpg 195w, https:\/\/blogs2.abo.fi\/xperia\/wp-content\/uploads\/sites\/49\/2014\/10\/xperia_x_sim-768x1181.jpg 768w, https:\/\/blogs2.abo.fi\/xperia\/wp-content\/uploads\/sites\/49\/2014\/10\/xperia_x_sim-666x1024.jpg 666w, https:\/\/blogs2.abo.fi\/xperia\/wp-content\/uploads\/sites\/49\/2014\/10\/xperia_x_sim.jpg 1817w\" sizes=\"auto, (max-width: 195px) 100vw, 195px\" \/><\/a><\/pre>\n<hr \/>\n<p><a title=\"Steg 4: De f\u00f6rsta inst\u00e4llningarna\" href=\"http:\/\/blogs2.abo.fi\/xperia\/steg4\/\">G\u00e5 vidare till steg 4<\/a><\/p>\n","protected":false},"excerpt":{"rendered":"<p>Akademins Sony Xperia modeller \u00e4r inte\u00a0Dual-SIM telefoner, och det kommer inte med ett MicroSD minneskort. Inne i f\u00f6rpackningen eller p\u00e5 baksidan av telefonen finns en instruktion fastklistrad hur du s\u00e4tter i SIM-kortet. G\u00e5 vidare till steg 4<\/p>\n","protected":false},"author":8,"featured_media":0,"parent":0,"menu_order":0,"comment_status":"closed","ping_status":"closed","template":"","meta":{"footnotes":""},"class_list":["post-49","page","type-page","status-publish","hentry"],"_links":{"self":[{"href":"https:\/\/blogs2.abo.fi\/xperia\/wp-json\/wp\/v2\/pages\/49","targetHints":{"allow":["GET"]}}],"collection":[{"href":"https:\/\/blogs2.abo.fi\/xperia\/wp-json\/wp\/v2\/pages"}],"about":[{"href":"https:\/\/blogs2.abo.fi\/xperia\/wp-json\/wp\/v2\/types\/page"}],"author":[{"embeddable":true,"href":"https:\/\/blogs2.abo.fi\/xperia\/wp-json\/wp\/v2\/users\/8"}],"replies":[{"embeddable":true,"href":"https:\/\/blogs2.abo.fi\/xperia\/wp-json\/wp\/v2\/comments?post=49"}],"version-history":[{"count":8,"href":"https:\/\/blogs2.abo.fi\/xperia\/wp-json\/wp\/v2\/pages\/49\/revisions"}],"predecessor-version":[{"id":770,"href":"https:\/\/blogs2.abo.fi\/xperia\/wp-json\/wp\/v2\/pages\/49\/revisions\/770"}],"wp:attachment":[{"href":"https:\/\/blogs2.abo.fi\/xperia\/wp-json\/wp\/v2\/media?parent=49"}],"curies":[{"name":"wp","href":"https:\/\/api.w.org\/{rel}","templated":true}]}}