{"id":45,"date":"2014-10-21T10:30:51","date_gmt":"2014-10-21T08:30:51","guid":{"rendered":"http:\/\/blogs2.abo.fi\/testest\/?page_id=45"},"modified":"2017-02-28T10:33:58","modified_gmt":"2017-02-28T10:33:58","slug":"steg1","status":"publish","type":"page","link":"https:\/\/blogs2.abo.fi\/xperia\/","title":{"rendered":"Steg 1: Allm\u00e4n information"},"content":{"rendered":"<pre><span style=\"color: #008000\"><strong>Hej och v\u00e4lkommen<\/strong><\/span> till den h\u00e4r guiden som lotsar dig steg f\u00f6r steg genom de inst\u00e4llningar som ska g\u00f6ras f\u00f6r att din nya Sony telefon ska b\u00f6rja fungera!\r\n\r\nKlicka p\u00e5 l\u00e4nken om du vill veta mer om din telefon p\u00e5 Sonys sidor.\r\n\r\n<strong><a href=\"https:\/\/www.sonymobile.com\/se\/products\/phones\/xperia-e5\/\" target=\"_blank\">Sony Xperia E5<\/a> \/ <strong><a href=\"https:\/\/www.sonymobile.com\/se\/products\/phones\/xperia-x\/\" target=\"_blank\">Sony Xperia X<\/a> \/\u00a0<a href=\"https:\/\/www.sonymobile.com\/se\/products\/phones\/xperia-x-performance\/\" target=\"_blank\">Sony Xperia X Performance<\/a><\/strong><\/strong>\r\n\r\nF\u00f6r att en mobiltelefon med operativsystemet Android skall fungera v\u00e4l beh\u00f6ver du ett Google-konto, i praktiken en Gmail-adress. Du kan skapa ett med telefonen eller h\u00e4r &gt; <a href=\"https:\/\/accounts.google.com\/signup\" target=\"_blank\">Skapa ett Google-konto<\/a><\/pre>\n<hr \/>\n<p><a title=\"Steg 2: S\u00e4tt i SIM-kortet och batteriet\" href=\"http:\/\/blogs2.abo.fi\/xperia\/steg2\/\">G\u00e5 vidare till steg 2<\/a><\/p>\n","protected":false},"excerpt":{"rendered":"<p>Hej och v\u00e4lkommen till den h\u00e4r guiden som lotsar dig steg f\u00f6r steg genom de inst\u00e4llningar som ska g\u00f6ras f\u00f6r att din nya Sony telefon ska b\u00f6rja fungera! Klicka p\u00e5 l\u00e4nken om du vill veta mer om din telefon p\u00e5 Sonys sidor. Sony Xperia E5 \/ Sony Xperia X \/\u00a0Sony Xperia X Performance F\u00f6r att &hellip; <a href=\"https:\/\/blogs2.abo.fi\/xperia\/\" class=\"more-link\">Forts\u00e4tt l\u00e4sa <span class=\"screen-reader-text\">Steg 1: Allm\u00e4n information<\/span><\/a><\/p>\n","protected":false},"author":8,"featured_media":0,"parent":0,"menu_order":0,"comment_status":"closed","ping_status":"closed","template":"","meta":{"footnotes":""},"class_list":["post-45","page","type-page","status-publish","hentry"],"_links":{"self":[{"href":"https:\/\/blogs2.abo.fi\/xperia\/wp-json\/wp\/v2\/pages\/45","targetHints":{"allow":["GET"]}}],"collection":[{"href":"https:\/\/blogs2.abo.fi\/xperia\/wp-json\/wp\/v2\/pages"}],"about":[{"href":"https:\/\/blogs2.abo.fi\/xperia\/wp-json\/wp\/v2\/types\/page"}],"author":[{"embeddable":true,"href":"https:\/\/blogs2.abo.fi\/xperia\/wp-json\/wp\/v2\/users\/8"}],"replies":[{"embeddable":true,"href":"https:\/\/blogs2.abo.fi\/xperia\/wp-json\/wp\/v2\/comments?post=45"}],"version-history":[{"count":17,"href":"https:\/\/blogs2.abo.fi\/xperia\/wp-json\/wp\/v2\/pages\/45\/revisions"}],"predecessor-version":[{"id":750,"href":"https:\/\/blogs2.abo.fi\/xperia\/wp-json\/wp\/v2\/pages\/45\/revisions\/750"}],"wp:attachment":[{"href":"https:\/\/blogs2.abo.fi\/xperia\/wp-json\/wp\/v2\/media?parent=45"}],"curies":[{"name":"wp","href":"https:\/\/api.w.org\/{rel}","templated":true}]}}