{"id":375,"date":"2016-01-27T14:50:51","date_gmt":"2016-01-27T12:50:51","guid":{"rendered":"http:\/\/blogs2.abo.fi\/lumia\/?page_id=375"},"modified":"2017-08-18T14:11:19","modified_gmt":"2017-08-18T14:11:19","slug":"vpn","status":"publish","type":"page","link":"https:\/\/blogs2.abo.fi\/xperia\/vpn\/","title":{"rendered":"VPN"},"content":{"rendered":"<p>Leta reda p\u00e5 applikationen <strong>Settings <a href=\"http:\/\/blogs2.abo.fi\/xperia\/wp-content\/uploads\/sites\/49\/2014\/10\/start-icon-settings_InvariantCulture_Default.png\"><img loading=\"lazy\" decoding=\"async\" class=\"alignnone size-full wp-image-73\" src=\"http:\/\/blogs2.abo.fi\/xperia\/wp-content\/uploads\/sites\/49\/2014\/10\/start-icon-settings_InvariantCulture_Default.png\" alt=\"start-icon-settings_InvariantCulture_Default\" width=\"28\" height=\"28\" \/><\/a><\/strong><\/p>\n<p><a href=\"http:\/\/blogs2.abo.fi\/xperia\/vpn\/screenshot_20170818-165946\/\" rel=\"attachment wp-att-843\"><img loading=\"lazy\" decoding=\"async\" class=\"alignnone size-medium wp-image-843\" src=\"http:\/\/blogs2.abo.fi\/xperia\/wp-content\/uploads\/sites\/49\/2016\/01\/Screenshot_20170818-165946-169x300.png\" alt=\"\" width=\"169\" height=\"300\" srcset=\"https:\/\/blogs2.abo.fi\/xperia\/wp-content\/uploads\/sites\/49\/2016\/01\/Screenshot_20170818-165946-169x300.png 169w, https:\/\/blogs2.abo.fi\/xperia\/wp-content\/uploads\/sites\/49\/2016\/01\/Screenshot_20170818-165946-768x1365.png 768w, https:\/\/blogs2.abo.fi\/xperia\/wp-content\/uploads\/sites\/49\/2016\/01\/Screenshot_20170818-165946-576x1024.png 576w, https:\/\/blogs2.abo.fi\/xperia\/wp-content\/uploads\/sites\/49\/2016\/01\/Screenshot_20170818-165946.png 1080w\" sizes=\"auto, (max-width: 169px) 100vw, 169px\" \/><\/a><\/p>\n<ol>\n<li>Tryck p\u00e5 More<strong><br \/>\n<\/strong><\/li>\n<li>Tryck sedan p\u00e5 <strong>VPN<\/strong>\u00a0 (Bild saknas)<\/li>\n<li>Tryck sedan p\u00e5 + tecket (Bild saknas)<\/li>\n<\/ol>\n<p>Fyll i data<\/p>\n<ol>\n<li><strong>Name (valfritt)<\/strong> skriv t.ex.<strong> \u00c5A VPN L2PT<br \/>\n<\/strong><\/li>\n<li><strong>Type\u00a0<\/strong>\u00e4ndra till<strong> L2TP \/ IPSec PSK<\/strong><\/li>\n<li><strong>Server address\u00a0<\/strong>skriv<strong>\u00a0\u00a0aa-vpn1.abo.fi<\/strong><\/li>\n<li><strong>IPSec Pre-shared key <\/strong>skriv<strong> akademi<\/strong><\/li>\n<li><strong>Username:<\/strong> Skriv <strong>anv\u00e4ndarnamnet<\/strong> i formatet <strong>username@abo.fi<\/strong><\/li>\n<li><strong>Password<\/strong> Skriv in ditt <strong>akademil\u00f6senord<\/strong> **************<\/li>\n<li><strong>Always-on<\/strong> &gt; <strong>l\u00e4mna tomt<\/strong><\/li>\n<li>Tryck p\u00e5 <strong>Save<\/strong><\/li>\n<\/ol>\n","protected":false},"excerpt":{"rendered":"<p>Leta reda p\u00e5 applikationen Settings Tryck p\u00e5 More Tryck sedan p\u00e5 VPN\u00a0 (Bild saknas) Tryck sedan p\u00e5 + tecket (Bild saknas) Fyll i data Name (valfritt) skriv t.ex. \u00c5A VPN L2PT Type\u00a0\u00e4ndra till L2TP \/ IPSec PSK Server address\u00a0skriv\u00a0\u00a0aa-vpn1.abo.fi IPSec Pre-shared key skriv akademi Username: Skriv anv\u00e4ndarnamnet i formatet username@abo.fi Password Skriv in ditt akademil\u00f6senord &hellip; <a href=\"https:\/\/blogs2.abo.fi\/xperia\/vpn\/\" class=\"more-link\">Forts\u00e4tt l\u00e4sa <span class=\"screen-reader-text\">VPN<\/span><\/a><\/p>\n","protected":false},"author":116,"featured_media":0,"parent":0,"menu_order":0,"comment_status":"closed","ping_status":"closed","template":"","meta":{"footnotes":""},"class_list":["post-375","page","type-page","status-publish","hentry"],"_links":{"self":[{"href":"https:\/\/blogs2.abo.fi\/xperia\/wp-json\/wp\/v2\/pages\/375","targetHints":{"allow":["GET"]}}],"collection":[{"href":"https:\/\/blogs2.abo.fi\/xperia\/wp-json\/wp\/v2\/pages"}],"about":[{"href":"https:\/\/blogs2.abo.fi\/xperia\/wp-json\/wp\/v2\/types\/page"}],"author":[{"embeddable":true,"href":"https:\/\/blogs2.abo.fi\/xperia\/wp-json\/wp\/v2\/users\/116"}],"replies":[{"embeddable":true,"href":"https:\/\/blogs2.abo.fi\/xperia\/wp-json\/wp\/v2\/comments?post=375"}],"version-history":[{"count":3,"href":"https:\/\/blogs2.abo.fi\/xperia\/wp-json\/wp\/v2\/pages\/375\/revisions"}],"predecessor-version":[{"id":845,"href":"https:\/\/blogs2.abo.fi\/xperia\/wp-json\/wp\/v2\/pages\/375\/revisions\/845"}],"wp:attachment":[{"href":"https:\/\/blogs2.abo.fi\/xperia\/wp-json\/wp\/v2\/media?parent=375"}],"curies":[{"name":"wp","href":"https:\/\/api.w.org\/{rel}","templated":true}]}}