{"id":183,"date":"2014-10-30T15:30:26","date_gmt":"2014-10-30T13:30:26","guid":{"rendered":"http:\/\/blogs2.abo.fi\/lumia\/?page_id=183"},"modified":"2017-08-18T13:56:58","modified_gmt":"2017-08-18T13:56:58","slug":"vidarekopplig","status":"publish","type":"page","link":"https:\/\/blogs2.abo.fi\/xperia\/vidarekopplig\/","title":{"rendered":"Vidarekopplig"},"content":{"rendered":"<h3>S\u00e5 h\u00e4r vidarekopplar du samtal till ett annat telefonnummer<\/h3>\n<p>Anv\u00e4nd inte mobiltelefonens funktion f\u00f6r vidarekoppling.<\/p>\n<p>Man m\u00e5ste g\u00f6ra vidarekoppling med verktyget <a href=\"https:\/\/ring.mob2.elisa.fi\">Elisa Ring<\/a><\/p>\n<p>&nbsp;<\/p>\n","protected":false},"excerpt":{"rendered":"<p>S\u00e5 h\u00e4r vidarekopplar du samtal till ett annat telefonnummer Anv\u00e4nd inte mobiltelefonens funktion f\u00f6r vidarekoppling. Man m\u00e5ste g\u00f6ra vidarekoppling med verktyget Elisa Ring &nbsp;<\/p>\n","protected":false},"author":116,"featured_media":0,"parent":0,"menu_order":0,"comment_status":"closed","ping_status":"open","template":"","meta":{"footnotes":""},"class_list":["post-183","page","type-page","status-publish","hentry"],"_links":{"self":[{"href":"https:\/\/blogs2.abo.fi\/xperia\/wp-json\/wp\/v2\/pages\/183","targetHints":{"allow":["GET"]}}],"collection":[{"href":"https:\/\/blogs2.abo.fi\/xperia\/wp-json\/wp\/v2\/pages"}],"about":[{"href":"https:\/\/blogs2.abo.fi\/xperia\/wp-json\/wp\/v2\/types\/page"}],"author":[{"embeddable":true,"href":"https:\/\/blogs2.abo.fi\/xperia\/wp-json\/wp\/v2\/users\/116"}],"replies":[{"embeddable":true,"href":"https:\/\/blogs2.abo.fi\/xperia\/wp-json\/wp\/v2\/comments?post=183"}],"version-history":[{"count":2,"href":"https:\/\/blogs2.abo.fi\/xperia\/wp-json\/wp\/v2\/pages\/183\/revisions"}],"predecessor-version":[{"id":842,"href":"https:\/\/blogs2.abo.fi\/xperia\/wp-json\/wp\/v2\/pages\/183\/revisions\/842"}],"wp:attachment":[{"href":"https:\/\/blogs2.abo.fi\/xperia\/wp-json\/wp\/v2\/media?parent=183"}],"curies":[{"name":"wp","href":"https:\/\/api.w.org\/{rel}","templated":true}]}}