{"id":103,"date":"2014-10-21T12:10:47","date_gmt":"2014-10-21T10:10:47","guid":{"rendered":"http:\/\/blogs2.abo.fi\/lumia\/?page_id=103"},"modified":"2017-08-18T13:52:36","modified_gmt":"2017-08-18T13:52:36","slug":"steg10","status":"publish","type":"page","link":"https:\/\/blogs2.abo.fi\/xperia\/steg10\/","title":{"rendered":"Steg 10: Kom i g\u00e5ng med Sony Xperia"},"content":{"rendered":"<p>GRATTIS! Du kom s\u00e5 h\u00e4r l\u00e5ngt!<\/p>\n<p>Det finns mycket information p\u00e5 n\u00e4tet!<\/p>\n<p>&nbsp;<\/p>\n<p>&nbsp;<\/p>\n<p>&nbsp;<\/p>\n","protected":false},"excerpt":{"rendered":"<p>GRATTIS! Du kom s\u00e5 h\u00e4r l\u00e5ngt! Det finns mycket information p\u00e5 n\u00e4tet! &nbsp; &nbsp; &nbsp;<\/p>\n","protected":false},"author":8,"featured_media":0,"parent":0,"menu_order":0,"comment_status":"closed","ping_status":"open","template":"","meta":{"footnotes":""},"class_list":["post-103","page","type-page","status-publish","hentry"],"_links":{"self":[{"href":"https:\/\/blogs2.abo.fi\/xperia\/wp-json\/wp\/v2\/pages\/103","targetHints":{"allow":["GET"]}}],"collection":[{"href":"https:\/\/blogs2.abo.fi\/xperia\/wp-json\/wp\/v2\/pages"}],"about":[{"href":"https:\/\/blogs2.abo.fi\/xperia\/wp-json\/wp\/v2\/types\/page"}],"author":[{"embeddable":true,"href":"https:\/\/blogs2.abo.fi\/xperia\/wp-json\/wp\/v2\/users\/8"}],"replies":[{"embeddable":true,"href":"https:\/\/blogs2.abo.fi\/xperia\/wp-json\/wp\/v2\/comments?post=103"}],"version-history":[{"count":3,"href":"https:\/\/blogs2.abo.fi\/xperia\/wp-json\/wp\/v2\/pages\/103\/revisions"}],"predecessor-version":[{"id":837,"href":"https:\/\/blogs2.abo.fi\/xperia\/wp-json\/wp\/v2\/pages\/103\/revisions\/837"}],"wp:attachment":[{"href":"https:\/\/blogs2.abo.fi\/xperia\/wp-json\/wp\/v2\/media?parent=103"}],"curies":[{"name":"wp","href":"https:\/\/api.w.org\/{rel}","templated":true}]}}