{"id":53,"date":"2014-10-21T10:40:35","date_gmt":"2014-10-21T08:40:35","guid":{"rendered":"http:\/\/blogs2.abo.fi\/testest\/?page_id=53"},"modified":"2016-04-14T15:40:33","modified_gmt":"2016-04-14T13:40:33","slug":"steg8","status":"publish","type":"page","link":"https:\/\/blogs2.abo.fi\/w10p\/steg8\/","title":{"rendered":"Steg 8: St\u00e4ll in e-post p\u00e5 din telefon"},"content":{"rendered":"<div class=\"summary\">\n<h1>Det h\u00e4r steget \u00e4r frivilligt.<\/h1>\n<p><strong>Tryck p\u00e5 Start knappen\u00a0 <a href=\"http:\/\/blogs2.abo.fi\/w10p\/wp-content\/uploads\/sites\/45\/2014\/10\/hardware-icon-start-button_InvariantCulture_Default.png\"><img loading=\"lazy\" decoding=\"async\" class=\"alignnone size-full wp-image-63\" src=\"http:\/\/blogs2.abo.fi\/w10p\/wp-content\/uploads\/sites\/45\/2014\/10\/hardware-icon-start-button_InvariantCulture_Default.png\" alt=\"hardware-icon-start-button_InvariantCulture_Default\" width=\"28\" height=\"28\" \/><\/a><\/strong><\/p>\n<p><strong>Svep sk\u00e4rmen (\u00e5t v\u00e4nster) s\u00e5 att <a href=\"http:\/\/www.windowsphone.com\/sv-se\/how-to\/wp8\/settings-and-personalization\/wheres-the-app-list\" target=\"_blank\">Applistan blir synlig<\/a><\/strong><\/p>\n<p>Leta reda p\u00e5 applikationen <strong>Settings <a href=\"http:\/\/blogs2.abo.fi\/w10p\/wp-content\/uploads\/sites\/45\/2014\/10\/start-icon-settings_InvariantCulture_Default.png\"><img loading=\"lazy\" decoding=\"async\" class=\"alignnone size-full wp-image-73\" src=\"http:\/\/blogs2.abo.fi\/w10p\/wp-content\/uploads\/sites\/45\/2014\/10\/start-icon-settings_InvariantCulture_Default.png\" alt=\"start-icon-settings_InvariantCulture_Default\" width=\"28\" height=\"28\" \/><\/a><\/strong><\/p>\n<p><a href=\"http:\/\/blogs2.abo.fi\/w10p\/steg5\/wp10simpin1\/\" rel=\"attachment wp-att-289\"><img loading=\"lazy\" decoding=\"async\" class=\"alignnone wp-image-471 size-medium\" src=\"http:\/\/blogs2.abo.fi\/w10p\/wp-content\/uploads\/sites\/45\/2014\/10\/wp10simpin1-160x300.png\" alt=\"\" width=\"160\" height=\"300\" srcset=\"https:\/\/blogs2.abo.fi\/w10p\/wp-content\/uploads\/sites\/45\/2014\/10\/wp10simpin1-160x300.png 160w, https:\/\/blogs2.abo.fi\/w10p\/wp-content\/uploads\/sites\/45\/2014\/10\/wp10simpin1-548x1024.png 548w, https:\/\/blogs2.abo.fi\/w10p\/wp-content\/uploads\/sites\/45\/2014\/10\/wp10simpin1.png 554w\" sizes=\"auto, (max-width: 160px) 100vw, 160px\" \/><\/a><\/p>\n<ul>\n<li>Tryck p\u00e5<strong> Accounts<\/strong><\/li>\n<\/ul>\n<p><a href=\"http:\/\/blogs2.abo.fi\/w10p\/steg7\/wp10accounts1\/\" rel=\"attachment wp-att-288\"><img loading=\"lazy\" decoding=\"async\" class=\"alignnone wp-image-492 size-medium\" src=\"http:\/\/blogs2.abo.fi\/w10p\/wp-content\/uploads\/sites\/45\/2014\/10\/wp10accounts1-161x300.png\" alt=\"\" width=\"161\" height=\"300\" srcset=\"https:\/\/blogs2.abo.fi\/w10p\/wp-content\/uploads\/sites\/45\/2014\/10\/wp10accounts1-161x300.png 161w, https:\/\/blogs2.abo.fi\/w10p\/wp-content\/uploads\/sites\/45\/2014\/10\/wp10accounts1-551x1024.png 551w, https:\/\/blogs2.abo.fi\/w10p\/wp-content\/uploads\/sites\/45\/2014\/10\/wp10accounts1.png 559w\" sizes=\"auto, (max-width: 161px) 100vw, 161px\" \/><\/a><\/p>\n<ul>\n<li>Tryck p\u00e5 <strong>Your email and accounts<\/strong><\/li>\n<\/ul>\n<p><a href=\"http:\/\/blogs2.abo.fi\/w10p\/steg7\/wp10accounts2\/\" rel=\"attachment wp-att-287\"><img loading=\"lazy\" decoding=\"async\" class=\"alignnone wp-image-493 size-medium\" src=\"http:\/\/blogs2.abo.fi\/w10p\/wp-content\/uploads\/sites\/45\/2014\/10\/wp10accounts2-162x300.png\" alt=\"\" width=\"162\" height=\"300\" srcset=\"https:\/\/blogs2.abo.fi\/w10p\/wp-content\/uploads\/sites\/45\/2014\/10\/wp10accounts2-162x300.png 162w, https:\/\/blogs2.abo.fi\/w10p\/wp-content\/uploads\/sites\/45\/2014\/10\/wp10accounts2-552x1024.png 552w, https:\/\/blogs2.abo.fi\/w10p\/wp-content\/uploads\/sites\/45\/2014\/10\/wp10accounts2.png 560w\" sizes=\"auto, (max-width: 162px) 100vw, 162px\" \/><\/a><\/p>\n<ul>\n<li>Tryck p\u00e5 <strong>Add an account<\/strong><\/li>\n<\/ul>\n<p><a href=\"http:\/\/blogs2.abo.fi\/w10p\/steg7\/wp10accounts3\/\" rel=\"attachment wp-att-286\"><img loading=\"lazy\" decoding=\"async\" class=\"alignnone wp-image-494 size-medium\" src=\"http:\/\/blogs2.abo.fi\/w10p\/wp-content\/uploads\/sites\/45\/2014\/10\/wp10accounts3-162x300.png\" alt=\"\" width=\"162\" height=\"300\" srcset=\"https:\/\/blogs2.abo.fi\/w10p\/wp-content\/uploads\/sites\/45\/2014\/10\/wp10accounts3-162x300.png 162w, https:\/\/blogs2.abo.fi\/w10p\/wp-content\/uploads\/sites\/45\/2014\/10\/wp10accounts3-553x1024.png 553w, https:\/\/blogs2.abo.fi\/w10p\/wp-content\/uploads\/sites\/45\/2014\/10\/wp10accounts3.png 560w\" sizes=\"auto, (max-width: 162px) 100vw, 162px\" \/><\/a><\/p>\n<ol>\n<li>Tryck p\u00e5 <strong>Advanced set-up<\/strong><\/li>\n<li>Tryck p\u00e5 <strong>Internet email <\/strong>(bild saknas)<strong><br \/>\n<\/strong><\/li>\n<\/ol>\n<p><strong>INTERNET EMAIL ACCOUNT \u2013 del 1<\/strong><\/p>\n<p><a href=\"http:\/\/blogs2.abo.fi\/w10p\/steg8\/wp10internetemailaccount1\/\"><img loading=\"lazy\" decoding=\"async\" class=\"alignnone wp-image-504 size-medium\" src=\"http:\/\/blogs2.abo.fi\/w10p\/wp-content\/uploads\/sites\/45\/2014\/10\/wp10internetemailaccount1-160x300.png\" alt=\"\" width=\"160\" height=\"300\" srcset=\"https:\/\/blogs2.abo.fi\/w10p\/wp-content\/uploads\/sites\/45\/2014\/10\/wp10internetemailaccount1-160x300.png 160w, https:\/\/blogs2.abo.fi\/w10p\/wp-content\/uploads\/sites\/45\/2014\/10\/wp10internetemailaccount1-548x1024.png 548w, https:\/\/blogs2.abo.fi\/w10p\/wp-content\/uploads\/sites\/45\/2014\/10\/wp10internetemailaccount1.png 551w\" sizes=\"auto, (max-width: 160px) 100vw, 160px\" \/><\/a><\/p>\n<ol>\n<li>Account namne <strong>Abo email <\/strong>(fritt att ange eget namn)<strong><br \/>\n<\/strong><\/li>\n<li>Your name Skriv ditt <strong>F\u00f6rnamn Efternamn<br \/>\n<\/strong><\/li>\n<li>Incomming email server <strong>imap.abo.fi<\/strong><\/li>\n<li>Account type <strong>IMAP4<\/strong><\/li>\n<li>Email adress <strong>fornamn.efternamn@abo.fi<\/strong><\/li>\n<li>Scrolla lite ner och forts\u00e4tt fylla i.<\/li>\n<\/ol>\n<p><strong>INTERNET EMAIL ACCOUNT \u2013 del 2<\/strong><\/p>\n<p><a href=\"http:\/\/blogs2.abo.fi\/w10p\/steg8\/wp10internetemailaccount2-2\/\"><img loading=\"lazy\" decoding=\"async\" class=\"alignnone wp-image-508 size-medium\" src=\"http:\/\/blogs2.abo.fi\/w10p\/wp-content\/uploads\/sites\/45\/2014\/10\/wp10internetemailaccount2-1-161x300.png\" alt=\"\" width=\"161\" height=\"300\" srcset=\"https:\/\/blogs2.abo.fi\/w10p\/wp-content\/uploads\/sites\/45\/2014\/10\/wp10internetemailaccount2-1-161x300.png 161w, https:\/\/blogs2.abo.fi\/w10p\/wp-content\/uploads\/sites\/45\/2014\/10\/wp10internetemailaccount2-1.png 539w\" sizes=\"auto, (max-width: 161px) 100vw, 161px\" \/><\/a><\/p>\n<ol>\n<li>Username Skriv anv\u00e4ndarnamnet i formatet <strong>username<\/strong><br \/>\n(INTE username@abo.fi)<\/li>\n<li>Password Skriv in ditt akademil\u00f6senord ***************<\/li>\n<li>Outgoing (SMTP) email server <strong>smtp.abo.fi<\/strong><\/li>\n<\/ol>\n<p>Kruxa f\u00f6r:<\/p>\n<ol>\n<li>Outgoing server requires authentication<\/li>\n<li>Use the same username and password for sending email<\/li>\n<li>Require SSL for incomming email<\/li>\n<li>Require SSL outgoing email<\/li>\n<\/ol>\n<p><strong>Tryck p\u00e5 Sign in<\/strong><\/p>\n<p><strong>Syncing&#8230;<\/strong>\u00a0 (detta kan ta tid)<\/p>\n<hr \/>\n<p><a title=\"Steg 9: Byt Spr\u00e5k\" href=\"http:\/\/blogs2.abo.fi\/w10p\/steg9\/\">G\u00e5 vidare till steg\u00a09<\/a><\/p>\n<\/div>\n","protected":false},"excerpt":{"rendered":"<p>Det h\u00e4r steget \u00e4r frivilligt. Tryck p\u00e5 Start knappen\u00a0 Svep sk\u00e4rmen (\u00e5t v\u00e4nster) s\u00e5 att Applistan blir synlig Leta reda p\u00e5 applikationen Settings Tryck p\u00e5 Accounts Tryck p\u00e5 Your email and accounts Tryck p\u00e5 Add an account Tryck p\u00e5 Advanced set-up Tryck p\u00e5 Internet email (bild saknas) INTERNET EMAIL ACCOUNT \u2013 del 1 Account namne &hellip; <a href=\"https:\/\/blogs2.abo.fi\/w10p\/steg8\/\" class=\"more-link\">Forts\u00e4tt l\u00e4sa <span class=\"screen-reader-text\">Steg 8: St\u00e4ll in e-post p\u00e5 din telefon<\/span><\/a><\/p>\n","protected":false},"author":116,"featured_media":0,"parent":0,"menu_order":0,"comment_status":"closed","ping_status":"closed","template":"","meta":{"footnotes":""},"class_list":["post-53","page","type-page","status-publish","hentry"],"_links":{"self":[{"href":"https:\/\/blogs2.abo.fi\/w10p\/wp-json\/wp\/v2\/pages\/53","targetHints":{"allow":["GET"]}}],"collection":[{"href":"https:\/\/blogs2.abo.fi\/w10p\/wp-json\/wp\/v2\/pages"}],"about":[{"href":"https:\/\/blogs2.abo.fi\/w10p\/wp-json\/wp\/v2\/types\/page"}],"author":[{"embeddable":true,"href":"https:\/\/blogs2.abo.fi\/w10p\/wp-json\/wp\/v2\/users\/116"}],"replies":[{"embeddable":true,"href":"https:\/\/blogs2.abo.fi\/w10p\/wp-json\/wp\/v2\/comments?post=53"}],"version-history":[{"count":9,"href":"https:\/\/blogs2.abo.fi\/w10p\/wp-json\/wp\/v2\/pages\/53\/revisions"}],"predecessor-version":[{"id":511,"href":"https:\/\/blogs2.abo.fi\/w10p\/wp-json\/wp\/v2\/pages\/53\/revisions\/511"}],"wp:attachment":[{"href":"https:\/\/blogs2.abo.fi\/w10p\/wp-json\/wp\/v2\/media?parent=53"}],"curies":[{"name":"wp","href":"https:\/\/api.w.org\/{rel}","templated":true}]}}