{"id":51,"date":"2014-10-21T10:38:16","date_gmt":"2014-10-21T08:38:16","guid":{"rendered":"http:\/\/blogs2.abo.fi\/testest\/?page_id=51"},"modified":"2016-02-04T16:06:36","modified_gmt":"2016-02-04T14:06:36","slug":"steg4","status":"publish","type":"page","link":"https:\/\/blogs2.abo.fi\/w10p\/steg4\/","title":{"rendered":"Steg 4: De f\u00f6rsta inst\u00e4llningarna"},"content":{"rendered":"<p><strong>D<\/strong><strong>u b\u00f6r ta i bruk din telefon f\u00f6rsta g\u00e5ngen p\u00e5 en plats d\u00e4r det finns <a href=\"http:\/\/www.abo.fi\/stodenhet\/wifi\" target=\"_blank\">Eduroam<\/a>\u00a0eller WiFi, ifall din anslutning inte inneh\u00e5ller mobildata.\u00a0<\/strong><\/p>\n<p>F\u00f6lj instruktionerna p\u00e5 engelska, du kan \u00e4ndra spr\u00e5k n\u00e4r du \u00e4r f\u00e4rdig i steg 9: Byt spr\u00e5k<\/p>\n<p>Starta telefonen genom att trycka p\u00e5 str\u00f6mknappen p\u00e5 sidan.<\/p>\n<p><strong>Tervetuloa &#8211;<\/strong><strong>\u00a0<\/strong><\/p>\n<ol>\n<li>Valitse kieli: leta reda p\u00e5 och v\u00e4lj <strong>English<\/strong> (United Kingdom)<\/li>\n<li><a href=\"http:\/\/www.windowsphone.com\/sv-SE\/how-to\/wp8\/basics\/gestures-swipe-pan-and-stretch\" target=\"_blank\">Tryck\u00a0<\/a>p\u00e5\u00a0<strong>next<\/strong><\/li>\n<li>Tryck\u00a0p\u00e5\u00a0<strong>ok<\/strong>\u00a0&gt;\u00a0Restart<\/li>\n<\/ol>\n<p><strong>Welcome back<\/strong>\u00a0&#8211;<\/p>\n<p><a href=\"http:\/\/blogs2.abo.fi\/lumia\/steg4\/welcome-back-next\/\" rel=\"attachment wp-att-217\"><img loading=\"lazy\" decoding=\"async\" class=\"alignnone size-medium wp-image-217\" src=\"http:\/\/blogs2.abo.fi\/w10p\/wp-content\/uploads\/sites\/45\/2014\/10\/welcome-back-next-163x300.jpg\" alt=\"welcome back next\" width=\"163\" height=\"300\" srcset=\"https:\/\/blogs2.abo.fi\/w10p\/wp-content\/uploads\/sites\/45\/2014\/10\/welcome-back-next-163x300.jpg 163w, https:\/\/blogs2.abo.fi\/w10p\/wp-content\/uploads\/sites\/45\/2014\/10\/welcome-back-next.jpg 300w\" sizes=\"auto, (max-width: 163px) 100vw, 163px\" \/><\/a><\/p>\n<p>Tryck p\u00e5\u00a0<strong>next<\/strong><\/p>\n<p><strong>enter SIM PIN<\/strong> &#8211;<\/p>\n<p><a href=\"http:\/\/blogs2.abo.fi\/lumia\/steg4\/welcome-back-enter-sim-pin\/\" rel=\"attachment wp-att-260\"><img loading=\"lazy\" decoding=\"async\" class=\"alignnone size-medium wp-image-260\" src=\"http:\/\/blogs2.abo.fi\/w10p\/wp-content\/uploads\/sites\/45\/2014\/10\/welcome-back-enter-sim-pin-162x300.jpg\" alt=\"welcome back enter sim pin\" width=\"162\" height=\"300\" srcset=\"https:\/\/blogs2.abo.fi\/w10p\/wp-content\/uploads\/sites\/45\/2014\/10\/welcome-back-enter-sim-pin-162x300.jpg 162w, https:\/\/blogs2.abo.fi\/w10p\/wp-content\/uploads\/sites\/45\/2014\/10\/welcome-back-enter-sim-pin.jpg 300w\" sizes=\"auto, (max-width: 162px) 100vw, 162px\" \/><\/a><\/p>\n<p>Skriv <strong>1234 <\/strong>Tryck p\u00e5\u00a0<strong>enter<br \/>\n<\/strong>(Obs! Du byter\u00a0PIN-koden i steg 5.)<\/p>\n<p><strong>Let\u2019s start<\/strong>\u00a0&#8211;<\/p>\n<p><a href=\"http:\/\/blogs2.abo.fi\/lumia\/steg4\/lets-start-next\/\" rel=\"attachment wp-att-262\"><img loading=\"lazy\" decoding=\"async\" class=\"alignnone size-medium wp-image-262\" src=\"http:\/\/blogs2.abo.fi\/w10p\/wp-content\/uploads\/sites\/45\/2014\/10\/lets-start-next-161x300.jpg\" alt=\"lets start next\" width=\"161\" height=\"300\" srcset=\"https:\/\/blogs2.abo.fi\/w10p\/wp-content\/uploads\/sites\/45\/2014\/10\/lets-start-next-161x300.jpg 161w, https:\/\/blogs2.abo.fi\/w10p\/wp-content\/uploads\/sites\/45\/2014\/10\/lets-start-next.jpg 297w\" sizes=\"auto, (max-width: 161px) 100vw, 161px\" \/><\/a><\/p>\n<p>Tryck p\u00e5\u00a0<strong>next<\/strong><\/p>\n<p><strong>Here&#8217;s the legal stuff<\/strong>\u00a0&#8211;<\/p>\n<p><a href=\"http:\/\/blogs2.abo.fi\/w10p\/steg4\/capture1\/\" rel=\"attachment wp-att-263\"><img loading=\"lazy\" decoding=\"async\" class=\"alignnone wp-image-430 size-medium\" src=\"http:\/\/blogs2.abo.fi\/w10p\/wp-content\/uploads\/sites\/45\/2014\/10\/Capture1-165x300.jpg\" alt=\"\" width=\"165\" height=\"300\" srcset=\"https:\/\/blogs2.abo.fi\/w10p\/wp-content\/uploads\/sites\/45\/2014\/10\/Capture1-165x300.jpg 165w, https:\/\/blogs2.abo.fi\/w10p\/wp-content\/uploads\/sites\/45\/2014\/10\/Capture1.jpg 553w\" sizes=\"auto, (max-width: 165px) 100vw, 165px\" \/><\/a><\/p>\n<p>Tryck p\u00e5 <strong>Accept<\/strong><\/p>\n<p><strong>Connect to Wifi &#8211;<\/strong><\/p>\n<p><strong> <a href=\"http:\/\/blogs2.abo.fi\/w10p\/steg4\/capture3\/\" rel=\"attachment wp-att-229\"><img loading=\"lazy\" decoding=\"async\" class=\"alignnone wp-image-432 size-medium\" src=\"http:\/\/blogs2.abo.fi\/w10p\/wp-content\/uploads\/sites\/45\/2014\/10\/Capture3-164x300.jpg\" alt=\"\" width=\"164\" height=\"300\" srcset=\"https:\/\/blogs2.abo.fi\/w10p\/wp-content\/uploads\/sites\/45\/2014\/10\/Capture3-164x300.jpg 164w, https:\/\/blogs2.abo.fi\/w10p\/wp-content\/uploads\/sites\/45\/2014\/10\/Capture3.jpg 550w\" sizes=\"auto, (max-width: 164px) 100vw, 164px\" \/><\/a><\/strong><\/p>\n<p>Tryck p\u00e5\u00a0<strong>eduroam<\/strong><\/p>\n<p><strong>Sign in &#8211;<\/strong><\/p>\n<p><strong> <a href=\"http:\/\/blogs2.abo.fi\/w10p\/steg4\/capture4\/\" rel=\"attachment wp-att-232\"><img loading=\"lazy\" decoding=\"async\" class=\"alignnone wp-image-433 size-medium\" src=\"http:\/\/blogs2.abo.fi\/w10p\/wp-content\/uploads\/sites\/45\/2014\/10\/Capture4-165x300.jpg\" alt=\"\" width=\"165\" height=\"300\" srcset=\"https:\/\/blogs2.abo.fi\/w10p\/wp-content\/uploads\/sites\/45\/2014\/10\/Capture4-165x300.jpg 165w, https:\/\/blogs2.abo.fi\/w10p\/wp-content\/uploads\/sites\/45\/2014\/10\/Capture4.jpg 553w\" sizes=\"auto, (max-width: 165px) 100vw, 165px\" \/><\/a><\/strong><\/p>\n<ol>\n<li><strong>Connect using<\/strong> v\u00e4lj <strong>Username &amp; password<\/strong><\/li>\n<li><strong>Username<\/strong> Skriv ditt <strong>anv\u00e4ndarnamn<\/strong> i formatet <strong>username@abo.fi<\/strong><\/li>\n<li><strong>Password<\/strong> Skriv in ditt <strong>akademil\u00f6senord<\/strong> **************<\/li>\n<li><strong>EAP method<\/strong> v\u00e4lj<strong> PEAP MS-CHAP v2<\/strong><\/li>\n<li>Tryck p\u00e5 <strong>Done<\/strong><\/li>\n<\/ol>\n<p><strong>Accept certificate and connect? \u2013<\/strong><\/p>\n<p><a href=\"http:\/\/blogs2.abo.fi\/w10p\/steg4\/capture6\/\" rel=\"attachment wp-att-234\"><img loading=\"lazy\" decoding=\"async\" class=\"alignnone wp-image-435 size-medium\" src=\"http:\/\/blogs2.abo.fi\/w10p\/wp-content\/uploads\/sites\/45\/2014\/10\/Capture6-164x300.jpg\" alt=\"\" width=\"164\" height=\"300\" srcset=\"https:\/\/blogs2.abo.fi\/w10p\/wp-content\/uploads\/sites\/45\/2014\/10\/Capture6-164x300.jpg 164w, https:\/\/blogs2.abo.fi\/w10p\/wp-content\/uploads\/sites\/45\/2014\/10\/Capture6.jpg 551w\" sizes=\"auto, (max-width: 164px) 100vw, 164px\" \/><\/a><\/p>\n<ul>\n<li><strong>issued to: Domain control Validated.<\/strong><\/li>\n<li><strong>radius.abo.fi (eller radius2.abo.fi)<\/strong><\/li>\n<li><strong>Issued by: TERENA SSL CA<\/strong><\/li>\n<\/ul>\n<p>Tryck p\u00e5 <strong>Accept<\/strong><\/p>\n<p><strong>Connected to eduroam (secure) &#8211;<\/strong><\/p>\n<p><strong> <a href=\"http:\/\/blogs2.abo.fi\/w10p\/steg4\/capture7\/\" rel=\"attachment wp-att-241\"><img loading=\"lazy\" decoding=\"async\" class=\"alignnone wp-image-436 size-medium\" src=\"http:\/\/blogs2.abo.fi\/w10p\/wp-content\/uploads\/sites\/45\/2014\/10\/Capture7-164x300.jpg\" alt=\"\" width=\"164\" height=\"300\" srcset=\"https:\/\/blogs2.abo.fi\/w10p\/wp-content\/uploads\/sites\/45\/2014\/10\/Capture7-164x300.jpg 164w, https:\/\/blogs2.abo.fi\/w10p\/wp-content\/uploads\/sites\/45\/2014\/10\/Capture7.jpg 550w\" sizes=\"auto, (max-width: 164px) 100vw, 164px\" \/><\/a><\/strong><\/p>\n<p>Tryck p\u00e5 <strong>Next<\/strong><\/p>\n<p><strong>Get going fast\u00a0\u2013<\/strong><\/p>\n<p><a href=\"http:\/\/blogs2.abo.fi\/w10p\/steg4\/capture9b\/\" rel=\"attachment wp-att-453\"><img loading=\"lazy\" decoding=\"async\" class=\"alignnone size-medium wp-image-453\" src=\"http:\/\/blogs2.abo.fi\/w10p\/wp-content\/uploads\/sites\/45\/2014\/10\/Capture9b-163x300.jpg\" alt=\"Capture9b\" width=\"163\" height=\"300\" srcset=\"https:\/\/blogs2.abo.fi\/w10p\/wp-content\/uploads\/sites\/45\/2014\/10\/Capture9b-163x300.jpg 163w, https:\/\/blogs2.abo.fi\/w10p\/wp-content\/uploads\/sites\/45\/2014\/10\/Capture9b.jpg 548w\" sizes=\"auto, (max-width: 163px) 100vw, 163px\" \/><\/a><\/p>\n<p>Tryck p\u00e5 <strong>Customise<\/strong><\/p>\n<p><strong>Customise settings<\/strong>\u00a0&#8211;<\/p>\n<p><strong>Ta bort alla krux f\u00f6rutom:<\/strong><\/p>\n<p>Allow mobile data usage on your phone<\/p>\n<p><a href=\"http:\/\/blogs2.abo.fi\/w10p\/steg4\/capture11\/\" rel=\"attachment wp-att-249\"><img loading=\"lazy\" decoding=\"async\" class=\"alignnone wp-image-440 size-medium\" src=\"http:\/\/blogs2.abo.fi\/w10p\/wp-content\/uploads\/sites\/45\/2014\/10\/Capture11-162x300.jpg\" alt=\"\" width=\"162\" height=\"300\" srcset=\"https:\/\/blogs2.abo.fi\/w10p\/wp-content\/uploads\/sites\/45\/2014\/10\/Capture11-162x300.jpg 162w, https:\/\/blogs2.abo.fi\/w10p\/wp-content\/uploads\/sites\/45\/2014\/10\/Capture11.jpg 544w\" sizes=\"auto, (max-width: 162px) 100vw, 162px\" \/><\/a><\/p>\n<p><a href=\"http:\/\/blogs2.abo.fi\/w10p\/steg4\/capture12\/\" rel=\"attachment wp-att-441\"><img loading=\"lazy\" decoding=\"async\" class=\"alignnone size-medium wp-image-441\" src=\"http:\/\/blogs2.abo.fi\/w10p\/wp-content\/uploads\/sites\/45\/2014\/10\/Capture12-163x300.jpg\" alt=\"Capture12\" width=\"163\" height=\"300\" srcset=\"https:\/\/blogs2.abo.fi\/w10p\/wp-content\/uploads\/sites\/45\/2014\/10\/Capture12-163x300.jpg 163w, https:\/\/blogs2.abo.fi\/w10p\/wp-content\/uploads\/sites\/45\/2014\/10\/Capture12.jpg 546w\" sizes=\"auto, (max-width: 163px) 100vw, 163px\" \/><\/a><\/p>\n<p>Tryck p\u00e5 <strong>Next<\/strong><\/p>\n<p id=\"yui_3_13_0_2_1413879394625_1641\"><strong>Keep your life in sync \u2013<\/strong><\/p>\n<p><a href=\"http:\/\/blogs2.abo.fi\/w10p\/steg4\/capture13-2\/\" rel=\"attachment wp-att-458\"><img loading=\"lazy\" decoding=\"async\" class=\"alignnone size-medium wp-image-458\" src=\"http:\/\/blogs2.abo.fi\/w10p\/wp-content\/uploads\/sites\/45\/2014\/10\/Capture13-1-165x300.jpg\" alt=\"Capture13\" width=\"165\" height=\"300\" srcset=\"https:\/\/blogs2.abo.fi\/w10p\/wp-content\/uploads\/sites\/45\/2014\/10\/Capture13-1-165x300.jpg 165w, https:\/\/blogs2.abo.fi\/w10p\/wp-content\/uploads\/sites\/45\/2014\/10\/Capture13-1.jpg 553w\" sizes=\"auto, (max-width: 165px) 100vw, 165px\" \/><\/a><\/p>\n<p>Tryck p\u00e5 l\u00e4nken\u00a0<span style=\"text-decoration: underline\"><strong>Sign in later<\/strong><\/span><\/p>\n<p><strong>All done\u2013 <\/strong><\/p>\n<p><strong><a href=\"http:\/\/blogs2.abo.fi\/w10p\/steg4\/capture14\/\" rel=\"attachment wp-att-256\"><img loading=\"lazy\" decoding=\"async\" class=\"alignnone wp-image-443 size-medium\" src=\"http:\/\/blogs2.abo.fi\/w10p\/wp-content\/uploads\/sites\/45\/2014\/10\/Capture14-164x300.jpg\" alt=\"\" width=\"164\" height=\"300\" srcset=\"https:\/\/blogs2.abo.fi\/w10p\/wp-content\/uploads\/sites\/45\/2014\/10\/Capture14-164x300.jpg 164w, https:\/\/blogs2.abo.fi\/w10p\/wp-content\/uploads\/sites\/45\/2014\/10\/Capture14.jpg 551w\" sizes=\"auto, (max-width: 164px) 100vw, 164px\" \/><\/a><\/strong><\/p>\n<p>Tryck p\u00e5\u00a0<strong>Done<\/strong><\/p>\n<p>V\u00e4nta en stund telefonen vill starta om.<\/p>\n<p><a href=\"http:\/\/blogs2.abo.fi\/w10p\/steg4\/capture15\/\" rel=\"attachment wp-att-444\"><img loading=\"lazy\" decoding=\"async\" class=\"alignnone size-medium wp-image-444\" src=\"http:\/\/blogs2.abo.fi\/w10p\/wp-content\/uploads\/sites\/45\/2014\/10\/Capture15-164x300.jpg\" alt=\"Capture15\" width=\"164\" height=\"300\" srcset=\"https:\/\/blogs2.abo.fi\/w10p\/wp-content\/uploads\/sites\/45\/2014\/10\/Capture15-164x300.jpg 164w, https:\/\/blogs2.abo.fi\/w10p\/wp-content\/uploads\/sites\/45\/2014\/10\/Capture15.jpg 550w\" sizes=\"auto, (max-width: 164px) 100vw, 164px\" \/><\/a><\/p>\n<p id=\"yui_3_13_0_2_1413880610008_200\">Tryck p\u00e5\u00a0<strong>Restart<\/strong><\/p>\n<hr \/>\n<p><a title=\"Steg 5: Sk\u00e4rml\u00e5s\" href=\"http:\/\/blogs2.abo.fi\/w10p\/steg5\/\">G\u00e5 vidare till steg 5<\/a><\/p>\n","protected":false},"excerpt":{"rendered":"<p>Du b\u00f6r ta i bruk din telefon f\u00f6rsta g\u00e5ngen p\u00e5 en plats d\u00e4r det finns Eduroam\u00a0eller WiFi, ifall din anslutning inte inneh\u00e5ller mobildata.\u00a0 F\u00f6lj instruktionerna p\u00e5 engelska, du kan \u00e4ndra spr\u00e5k n\u00e4r du \u00e4r f\u00e4rdig i steg 9: Byt spr\u00e5k Starta telefonen genom att trycka p\u00e5 str\u00f6mknappen p\u00e5 sidan. Tervetuloa &#8211;\u00a0 Valitse kieli: leta reda &hellip; <a href=\"https:\/\/blogs2.abo.fi\/w10p\/steg4\/\" class=\"more-link\">Forts\u00e4tt l\u00e4sa <span class=\"screen-reader-text\">Steg 4: De f\u00f6rsta inst\u00e4llningarna<\/span><\/a><\/p>\n","protected":false},"author":116,"featured_media":0,"parent":0,"menu_order":0,"comment_status":"closed","ping_status":"closed","template":"","meta":{"footnotes":""},"class_list":["post-51","page","type-page","status-publish","hentry"],"_links":{"self":[{"href":"https:\/\/blogs2.abo.fi\/w10p\/wp-json\/wp\/v2\/pages\/51","targetHints":{"allow":["GET"]}}],"collection":[{"href":"https:\/\/blogs2.abo.fi\/w10p\/wp-json\/wp\/v2\/pages"}],"about":[{"href":"https:\/\/blogs2.abo.fi\/w10p\/wp-json\/wp\/v2\/types\/page"}],"author":[{"embeddable":true,"href":"https:\/\/blogs2.abo.fi\/w10p\/wp-json\/wp\/v2\/users\/116"}],"replies":[{"embeddable":true,"href":"https:\/\/blogs2.abo.fi\/w10p\/wp-json\/wp\/v2\/comments?post=51"}],"version-history":[{"count":11,"href":"https:\/\/blogs2.abo.fi\/w10p\/wp-json\/wp\/v2\/pages\/51\/revisions"}],"predecessor-version":[{"id":461,"href":"https:\/\/blogs2.abo.fi\/w10p\/wp-json\/wp\/v2\/pages\/51\/revisions\/461"}],"wp:attachment":[{"href":"https:\/\/blogs2.abo.fi\/w10p\/wp-json\/wp\/v2\/media?parent=51"}],"curies":[{"name":"wp","href":"https:\/\/api.w.org\/{rel}","templated":true}]}}