{"id":375,"date":"2016-01-27T14:50:51","date_gmt":"2016-01-27T12:50:51","guid":{"rendered":"http:\/\/blogs2.abo.fi\/lumia\/?page_id=375"},"modified":"2016-01-27T14:50:51","modified_gmt":"2016-01-27T12:50:51","slug":"vpn","status":"publish","type":"page","link":"https:\/\/blogs2.abo.fi\/w10p\/ovriga-installningar-och-tips\/vpn\/","title":{"rendered":"VPN"},"content":{"rendered":"<p><strong>Tryck p\u00e5 Start\u00a0 <a href=\"http:\/\/blogs2.abo.fi\/w10p\/wp-content\/uploads\/sites\/45\/2014\/10\/hardware-icon-start-button_InvariantCulture_Default.png\"><img loading=\"lazy\" decoding=\"async\" class=\"alignnone size-full wp-image-63\" src=\"http:\/\/blogs2.abo.fi\/w10p\/wp-content\/uploads\/sites\/45\/2014\/10\/hardware-icon-start-button_InvariantCulture_Default.png\" alt=\"hardware-icon-start-button_InvariantCulture_Default\" width=\"28\" height=\"28\" \/><\/a><\/strong><\/p>\n<p><strong>Svep sk\u00e4rmen (\u00e5t v\u00e4nster) s\u00e5 att <a href=\"http:\/\/www.windowsphone.com\/sv-se\/how-to\/wp8\/settings-and-personalization\/wheres-the-app-list\" target=\"_blank\">Applistan blir synlig<\/a><\/strong><\/p>\n<p>Leta reda p\u00e5 applikationen <strong>Settings <a href=\"http:\/\/blogs2.abo.fi\/w10p\/wp-content\/uploads\/sites\/45\/2014\/10\/start-icon-settings_InvariantCulture_Default.png\"><img loading=\"lazy\" decoding=\"async\" class=\"alignnone size-full wp-image-73\" src=\"http:\/\/blogs2.abo.fi\/w10p\/wp-content\/uploads\/sites\/45\/2014\/10\/start-icon-settings_InvariantCulture_Default.png\" alt=\"start-icon-settings_InvariantCulture_Default\" width=\"28\" height=\"28\" \/><\/a><\/strong><\/p>\n<p><a href=\"http:\/\/blogs2.abo.fi\/lumia\/ovriga-installningar-och-tips\/vpn\/lumia_l2tp_vpn\/\" rel=\"attachment wp-att-383\"><img loading=\"lazy\" decoding=\"async\" class=\"alignnone size-medium wp-image-383\" src=\"http:\/\/blogs2.abo.fi\/w10p\/wp-content\/uploads\/sites\/45\/2016\/01\/lumia_L2TP_vpn-161x300.jpg\" alt=\"lumia_L2TP_vpn\" width=\"161\" height=\"300\" srcset=\"https:\/\/blogs2.abo.fi\/w10p\/wp-content\/uploads\/sites\/45\/2016\/01\/lumia_L2TP_vpn-161x300.jpg 161w, https:\/\/blogs2.abo.fi\/w10p\/wp-content\/uploads\/sites\/45\/2016\/01\/lumia_L2TP_vpn.jpg 332w\" sizes=\"auto, (max-width: 161px) 100vw, 161px\" \/><\/a><\/p>\n<ol>\n<li>Tryck p\u00e5\u00a0<strong>VPN\u00a0<\/strong><\/li>\n<li>Tryck sedan p\u00e5 <strong>plustecknet<\/strong> \u00a0(Add)<\/li>\n<\/ol>\n<p><a href=\"http:\/\/blogs2.abo.fi\/lumia\/ovriga-installningar-och-tips\/vpn\/lumia_vpn2\/\" rel=\"attachment wp-att-377\"><img loading=\"lazy\" decoding=\"async\" class=\"alignnone size-medium wp-image-377\" src=\"http:\/\/blogs2.abo.fi\/w10p\/wp-content\/uploads\/sites\/45\/2016\/01\/lumia_vpn2-161x300.jpg\" alt=\"lumia_vpn2\" width=\"161\" height=\"300\" srcset=\"https:\/\/blogs2.abo.fi\/w10p\/wp-content\/uploads\/sites\/45\/2016\/01\/lumia_vpn2-161x300.jpg 161w, https:\/\/blogs2.abo.fi\/w10p\/wp-content\/uploads\/sites\/45\/2016\/01\/lumia_vpn2.jpg 273w\" sizes=\"auto, (max-width: 161px) 100vw, 161px\" \/><\/a><\/p>\n<p>Fyll i data enligt f\u00f6ljande tre bilder.<\/p>\n<p><a href=\"http:\/\/blogs2.abo.fi\/lumia\/ovriga-installningar-och-tips\/vpn\/lumia_l2tp_vpn1\/\" rel=\"attachment wp-att-380\"><img loading=\"lazy\" decoding=\"async\" class=\"alignnone size-medium wp-image-380\" src=\"http:\/\/blogs2.abo.fi\/w10p\/wp-content\/uploads\/sites\/45\/2016\/01\/lumia_L2TP_vpn1-162x300.jpg\" alt=\"lumia_L2TP_vpn1\" width=\"162\" height=\"300\" srcset=\"https:\/\/blogs2.abo.fi\/w10p\/wp-content\/uploads\/sites\/45\/2016\/01\/lumia_L2TP_vpn1-162x300.jpg 162w, https:\/\/blogs2.abo.fi\/w10p\/wp-content\/uploads\/sites\/45\/2016\/01\/lumia_L2TP_vpn1.jpg 335w\" sizes=\"auto, (max-width: 162px) 100vw, 162px\" \/><\/a><\/p>\n<ol>\n<li><strong>Server name or IP address\u00a0<\/strong>skriv<strong>\u00a0\u00a0aa-vpn1.abo.fi<\/strong><\/li>\n<li><strong>Type\u00a0<\/strong>\u00e4ndra till<strong> L2TP with IPSec<\/strong><\/li>\n<li><strong>Connect using<\/strong>\u00a0v\u00e4lj\u00a0<strong>Username+password+pre-shared key<\/strong><\/li>\n<li><strong>Username:<\/strong> Skriv <strong>anv\u00e4ndarnamnet<\/strong> i formatet <strong>username@abo.fi<\/strong><\/li>\n<li>Scrolla lite ner och forts\u00e4tt fylla i enligt n\u00e4sta bild.<\/li>\n<\/ol>\n<p><a href=\"http:\/\/blogs2.abo.fi\/lumia\/ovriga-installningar-och-tips\/vpn\/lumia_l2tp_vpn2\/\" rel=\"attachment wp-att-381\"><img loading=\"lazy\" decoding=\"async\" class=\"alignnone size-medium wp-image-381\" src=\"http:\/\/blogs2.abo.fi\/w10p\/wp-content\/uploads\/sites\/45\/2016\/01\/lumia_L2TP_vpn2-162x300.jpg\" alt=\"lumia_L2TP_vpn2\" width=\"162\" height=\"300\" srcset=\"https:\/\/blogs2.abo.fi\/w10p\/wp-content\/uploads\/sites\/45\/2016\/01\/lumia_L2TP_vpn2-162x300.jpg 162w, https:\/\/blogs2.abo.fi\/w10p\/wp-content\/uploads\/sites\/45\/2016\/01\/lumia_L2TP_vpn2.jpg 334w\" sizes=\"auto, (max-width: 162px) 100vw, 162px\" \/><\/a><\/p>\n<ol>\n<li><strong>Password<\/strong> Skriv in ditt <strong>akademil\u00f6senord<\/strong> ***************<\/li>\n<li><strong>Pre-shared key <\/strong>skriv<strong> akademi<\/strong><\/li>\n<li><strong>Connect automatically<\/strong> &gt;<strong> Off<\/strong><\/li>\n<li><strong>Send all traffic<\/strong> &gt; <strong>On<\/strong><\/li>\n<li>Scrolla lite ner och forts\u00e4tt fylla i enligt n\u00e4sta bild.<\/li>\n<\/ol>\n<p><a href=\"http:\/\/blogs2.abo.fi\/lumia\/ovriga-installningar-och-tips\/vpn\/lumia_l2tp_vpn3\/\" rel=\"attachment wp-att-382\"><img loading=\"lazy\" decoding=\"async\" class=\"alignnone size-medium wp-image-382\" src=\"http:\/\/blogs2.abo.fi\/w10p\/wp-content\/uploads\/sites\/45\/2016\/01\/lumia_L2TP_vpn3-161x300.jpg\" alt=\"lumia_L2TP_vpn3\" width=\"161\" height=\"300\" srcset=\"https:\/\/blogs2.abo.fi\/w10p\/wp-content\/uploads\/sites\/45\/2016\/01\/lumia_L2TP_vpn3-161x300.jpg 161w, https:\/\/blogs2.abo.fi\/w10p\/wp-content\/uploads\/sites\/45\/2016\/01\/lumia_L2TP_vpn3.jpg 333w\" sizes=\"auto, (max-width: 161px) 100vw, 161px\" \/><\/a><\/p>\n<ol>\n<li><strong>Profile name (valfritt)<\/strong> skriv t.ex.<strong> aa-vpn1.abo.fi<\/strong><\/li>\n<li>Tryck p\u00e5 <strong>Save<\/strong><\/li>\n<\/ol>\n","protected":false},"excerpt":{"rendered":"<p>Tryck p\u00e5 Start\u00a0 Svep sk\u00e4rmen (\u00e5t v\u00e4nster) s\u00e5 att Applistan blir synlig Leta reda p\u00e5 applikationen Settings Tryck p\u00e5\u00a0VPN\u00a0 Tryck sedan p\u00e5 plustecknet \u00a0(Add) Fyll i data enligt f\u00f6ljande tre bilder. Server name or IP address\u00a0skriv\u00a0\u00a0aa-vpn1.abo.fi Type\u00a0\u00e4ndra till L2TP with IPSec Connect using\u00a0v\u00e4lj\u00a0Username+password+pre-shared key Username: Skriv anv\u00e4ndarnamnet i formatet username@abo.fi Scrolla lite ner och forts\u00e4tt &hellip; <a href=\"https:\/\/blogs2.abo.fi\/w10p\/ovriga-installningar-och-tips\/vpn\/\" class=\"more-link\">Forts\u00e4tt l\u00e4sa <span class=\"screen-reader-text\">VPN<\/span><\/a><\/p>\n","protected":false},"author":8,"featured_media":0,"parent":301,"menu_order":0,"comment_status":"closed","ping_status":"closed","template":"","meta":{"footnotes":""},"class_list":["post-375","page","type-page","status-publish","hentry"],"_links":{"self":[{"href":"https:\/\/blogs2.abo.fi\/w10p\/wp-json\/wp\/v2\/pages\/375","targetHints":{"allow":["GET"]}}],"collection":[{"href":"https:\/\/blogs2.abo.fi\/w10p\/wp-json\/wp\/v2\/pages"}],"about":[{"href":"https:\/\/blogs2.abo.fi\/w10p\/wp-json\/wp\/v2\/types\/page"}],"author":[{"embeddable":true,"href":"https:\/\/blogs2.abo.fi\/w10p\/wp-json\/wp\/v2\/users\/8"}],"replies":[{"embeddable":true,"href":"https:\/\/blogs2.abo.fi\/w10p\/wp-json\/wp\/v2\/comments?post=375"}],"version-history":[{"count":0,"href":"https:\/\/blogs2.abo.fi\/w10p\/wp-json\/wp\/v2\/pages\/375\/revisions"}],"up":[{"embeddable":true,"href":"https:\/\/blogs2.abo.fi\/w10p\/wp-json\/wp\/v2\/pages\/301"}],"wp:attachment":[{"href":"https:\/\/blogs2.abo.fi\/w10p\/wp-json\/wp\/v2\/media?parent=375"}],"curies":[{"name":"wp","href":"https:\/\/api.w.org\/{rel}","templated":true}]}}