{"id":211,"date":"2014-11-03T10:54:53","date_gmt":"2014-11-03T08:54:53","guid":{"rendered":"http:\/\/blogs2.abo.fi\/lumia\/?page_id=211"},"modified":"2014-11-03T10:54:53","modified_gmt":"2014-11-03T08:54:53","slug":"vad-ar-ett-microsoft-konto","status":"publish","type":"page","link":"https:\/\/blogs2.abo.fi\/w10p\/vad-ar-ett-microsoft-konto\/","title":{"rendered":"Vad \u00e4r ett Microsoft-konto?"},"content":{"rendered":"<p>Ett Microsoft-konto \u00e4r en<strong> e-postadress<\/strong> och ett <strong>l\u00f6senord<\/strong> som du kan anv\u00e4nda f\u00f6r att logga in p\u00e5\u00a0t.ex. din Windows telefon. Detta \u00e4r allts\u00e5 ett personligt och privat konto som inte\u00a0har n\u00e5got att g\u00f6ra med \u00c5A.<\/p>\n<p><strong>E-postadressen <\/strong>m\u00e5ste givetvis vara\u00a0din personliga. \u00a0Det kan ju var som\u00a0s\u00e5 att du har flera t.ex\u00a0 @gmail.com, @hotmail.com,\u00a0 @abo.fi mfl. att v\u00e4lja mellan.\u00a0 Kom ih\u00e5g: ifall du v\u00e4ljer att anv\u00e4nda din \u00c5A e-postadress f\u00e5r du under<strong> inga som helst omst\u00e4ndigheter<\/strong> anv\u00e4nda samma l\u00f6senord som du anv\u00e4nder p\u00e5 \u00c5A.<\/p>\n<p>Ett Microsoft-konto beh\u00f6vs allts\u00e5 inte f\u00f6r anv\u00e4ndning vid \u00c5A\u00a0. D\u00e4remot om du vill utnyttja telefonens alla m\u00f6jligheter, fr\u00e4mst att installera appar, (p\u00e5 telefonen g\u00f6r du\u00a0det via <a href=\"http:\/\/www.windowsphone.com\/sv-se\/how-to\/wp8\/apps\/touring-windows-phone-store\" target=\"_blank\">appen <strong><span class=\"emphasis\">Store <\/span><\/strong><img decoding=\"async\" class=\"inlineImage\" src=\"http:\/\/assets.windowsphone.com\/6babba13-994d-41cb-b8e6-9c6b71e9c105\/start-icon-marketplace_InvariantCulture_Default.png\" alt=\"panelen Store\" \/>\u00a0<\/a>) s\u00e5 m\u00e5ste du ha ett\u00a0Microsoft-konto.<\/p>\n<p>Om du inte har ett Microsoft-konto\u00a0kan du skapa ett antingen med din telefon eller p\u00e5 Microsofts webbsida.<\/p>\n<p>Du hittar mer utf\u00f6rlig <a href=\"http:\/\/www.windowsphone.com\/sv-se\/how-to\/wp8\/accounts-and-billing\/what-is-a-microsoft-account\" target=\"_blank\">information h\u00e4r<\/a><\/p>\n","protected":false},"excerpt":{"rendered":"<p>Ett Microsoft-konto \u00e4r en e-postadress och ett l\u00f6senord som du kan anv\u00e4nda f\u00f6r att logga in p\u00e5\u00a0t.ex. din Windows telefon. Detta \u00e4r allts\u00e5 ett personligt och privat konto som inte\u00a0har n\u00e5got att g\u00f6ra med \u00c5A. E-postadressen m\u00e5ste givetvis vara\u00a0din personliga. \u00a0Det kan ju var som\u00a0s\u00e5 att du har flera t.ex\u00a0 @gmail.com, @hotmail.com,\u00a0 @abo.fi mfl. att &hellip; <a href=\"https:\/\/blogs2.abo.fi\/w10p\/vad-ar-ett-microsoft-konto\/\" class=\"more-link\">Forts\u00e4tt l\u00e4sa <span class=\"screen-reader-text\">Vad \u00e4r ett Microsoft-konto?<\/span><\/a><\/p>\n","protected":false},"author":8,"featured_media":0,"parent":0,"menu_order":0,"comment_status":"closed","ping_status":"open","template":"","meta":{"footnotes":""},"class_list":["post-211","page","type-page","status-publish","hentry"],"_links":{"self":[{"href":"https:\/\/blogs2.abo.fi\/w10p\/wp-json\/wp\/v2\/pages\/211","targetHints":{"allow":["GET"]}}],"collection":[{"href":"https:\/\/blogs2.abo.fi\/w10p\/wp-json\/wp\/v2\/pages"}],"about":[{"href":"https:\/\/blogs2.abo.fi\/w10p\/wp-json\/wp\/v2\/types\/page"}],"author":[{"embeddable":true,"href":"https:\/\/blogs2.abo.fi\/w10p\/wp-json\/wp\/v2\/users\/8"}],"replies":[{"embeddable":true,"href":"https:\/\/blogs2.abo.fi\/w10p\/wp-json\/wp\/v2\/comments?post=211"}],"version-history":[{"count":0,"href":"https:\/\/blogs2.abo.fi\/w10p\/wp-json\/wp\/v2\/pages\/211\/revisions"}],"wp:attachment":[{"href":"https:\/\/blogs2.abo.fi\/w10p\/wp-json\/wp\/v2\/media?parent=211"}],"curies":[{"name":"wp","href":"https:\/\/api.w.org\/{rel}","templated":true}]}}