{"id":186,"date":"2014-10-30T15:37:19","date_gmt":"2014-10-30T13:37:19","guid":{"rendered":"http:\/\/blogs2.abo.fi\/lumia\/?page_id=186"},"modified":"2014-10-30T15:37:19","modified_gmt":"2014-10-30T13:37:19","slug":"ringa-och-ta-emot-telefonsamtal","status":"publish","type":"page","link":"https:\/\/blogs2.abo.fi\/w10p\/ringa-och-ta-emot-telefonsamtal\/","title":{"rendered":"Ringa och ta emot telefonsamtal"},"content":{"rendered":"<h3>S\u00e5 h\u00e4r ringer du ett samtal med knappsatsen<\/h3>\n<ol>\n<li>G\u00e5 till <span class=\"emphasis\">Start <\/span><img decoding=\"async\" class=\"inlineImage\" src=\"http:\/\/assets.windowsphone.com\/6bb2095a-8baa-4fc5-b4ae-4745107b1070\/hardware-icon-start-button_InvariantCulture_Default.png\" alt=\"ikonen Start\" \/> och tryck p\u00e5 <span class=\"emphasis\">Telefon <\/span><img decoding=\"async\" class=\"inlineImage\" src=\"http:\/\/assets.windowsphone.com\/c0db9cc3-315a-41bc-9696-20125f91b92d\/start-icon-phone_InvariantCulture_Default.png\" alt=\"panelen Telefon\" \/><\/li>\n<li>Tryck p\u00e5 <span class=\"emphasis\">Knappsats <\/span><img decoding=\"async\" class=\"inlineImage\" src=\"http:\/\/assets.windowsphone.com\/cf4a7e63-0103-4e9e-be69-7d8c30610b6e\/basic-icon-dialpad_InvariantCulture_Default.png\" alt=\"Ikonen Knappsats\" \/>\u00a0ange ett telefonnummer och tryck sedan p\u00e5 <span class=\"emphasis\">Ring<\/span><\/li>\n<\/ol>\n<div class=\"procedure\">\n<h3>S\u00e5 h\u00e4r ringer du en kontakt<\/h3>\n<ol>\n<li><span class=\"emphasis\">G\u00e5 till <span class=\"emphasis\">Star<\/span>t <\/span><img decoding=\"async\" class=\"inlineImage\" src=\"http:\/\/assets.windowsphone.com\/6bb2095a-8baa-4fc5-b4ae-4745107b1070\/hardware-icon-start-button_InvariantCulture_Default.png\" alt=\"ikonen Start\" \/> och tryck p\u00e5 <span class=\"emphasis\">Kontakter <\/span><img decoding=\"async\" class=\"inlineImage\" src=\"http:\/\/assets.windowsphone.com\/ffd05690-5fe7-4b33-bdfc-03ae92958f12\/start-icon-people_InvariantCulture_Default.png\" alt=\"panelen Kontakter\" \/><\/li>\n<li>Tryck p\u00e5 namnet p\u00e5 den person du vill ringa och tryck sedan p\u00e5 numret<\/li>\n<\/ol>\n<\/div>\n","protected":false},"excerpt":{"rendered":"<p>S\u00e5 h\u00e4r ringer du ett samtal med knappsatsen G\u00e5 till Start och tryck p\u00e5 Telefon Tryck p\u00e5 Knappsats \u00a0ange ett telefonnummer och tryck sedan p\u00e5 Ring S\u00e5 h\u00e4r ringer du en kontakt G\u00e5 till Start och tryck p\u00e5 Kontakter Tryck p\u00e5 namnet p\u00e5 den person du vill ringa och tryck sedan p\u00e5 numret<\/p>\n","protected":false},"author":8,"featured_media":0,"parent":0,"menu_order":0,"comment_status":"closed","ping_status":"open","template":"","meta":{"footnotes":""},"class_list":["post-186","page","type-page","status-publish","hentry"],"_links":{"self":[{"href":"https:\/\/blogs2.abo.fi\/w10p\/wp-json\/wp\/v2\/pages\/186","targetHints":{"allow":["GET"]}}],"collection":[{"href":"https:\/\/blogs2.abo.fi\/w10p\/wp-json\/wp\/v2\/pages"}],"about":[{"href":"https:\/\/blogs2.abo.fi\/w10p\/wp-json\/wp\/v2\/types\/page"}],"author":[{"embeddable":true,"href":"https:\/\/blogs2.abo.fi\/w10p\/wp-json\/wp\/v2\/users\/8"}],"replies":[{"embeddable":true,"href":"https:\/\/blogs2.abo.fi\/w10p\/wp-json\/wp\/v2\/comments?post=186"}],"version-history":[{"count":0,"href":"https:\/\/blogs2.abo.fi\/w10p\/wp-json\/wp\/v2\/pages\/186\/revisions"}],"wp:attachment":[{"href":"https:\/\/blogs2.abo.fi\/w10p\/wp-json\/wp\/v2\/media?parent=186"}],"curies":[{"name":"wp","href":"https:\/\/api.w.org\/{rel}","templated":true}]}}