{"id":183,"date":"2014-10-30T15:30:26","date_gmt":"2014-10-30T13:30:26","guid":{"rendered":"http:\/\/blogs2.abo.fi\/lumia\/?page_id=183"},"modified":"2014-10-30T15:30:26","modified_gmt":"2014-10-30T13:30:26","slug":"vidarekopplig","status":"publish","type":"page","link":"https:\/\/blogs2.abo.fi\/w10p\/vidarekopplig\/","title":{"rendered":"Vidarekopplig"},"content":{"rendered":"<h3>S\u00e5 h\u00e4r vidarekopplar du samtal till ett annat telefonnummer<\/h3>\n<p>Anv\u00e4nd inte Lumiatelefonens funktion f\u00f6r vidarekoppling.<\/p>\n<p>Den 11 novenber 2014 tas Elisa Ring i bruk och man m\u00e5ste g\u00f6ra vidarekoppling med det verktyget.<\/p>\n<p>&nbsp;<\/p>\n","protected":false},"excerpt":{"rendered":"<p>S\u00e5 h\u00e4r vidarekopplar du samtal till ett annat telefonnummer Anv\u00e4nd inte Lumiatelefonens funktion f\u00f6r vidarekoppling. Den 11 novenber 2014 tas Elisa Ring i bruk och man m\u00e5ste g\u00f6ra vidarekoppling med det verktyget. &nbsp;<\/p>\n","protected":false},"author":8,"featured_media":0,"parent":0,"menu_order":0,"comment_status":"closed","ping_status":"open","template":"","meta":{"footnotes":""},"class_list":["post-183","page","type-page","status-publish","hentry"],"_links":{"self":[{"href":"https:\/\/blogs2.abo.fi\/w10p\/wp-json\/wp\/v2\/pages\/183","targetHints":{"allow":["GET"]}}],"collection":[{"href":"https:\/\/blogs2.abo.fi\/w10p\/wp-json\/wp\/v2\/pages"}],"about":[{"href":"https:\/\/blogs2.abo.fi\/w10p\/wp-json\/wp\/v2\/types\/page"}],"author":[{"embeddable":true,"href":"https:\/\/blogs2.abo.fi\/w10p\/wp-json\/wp\/v2\/users\/8"}],"replies":[{"embeddable":true,"href":"https:\/\/blogs2.abo.fi\/w10p\/wp-json\/wp\/v2\/comments?post=183"}],"version-history":[{"count":0,"href":"https:\/\/blogs2.abo.fi\/w10p\/wp-json\/wp\/v2\/pages\/183\/revisions"}],"wp:attachment":[{"href":"https:\/\/blogs2.abo.fi\/w10p\/wp-json\/wp\/v2\/media?parent=183"}],"curies":[{"name":"wp","href":"https:\/\/api.w.org\/{rel}","templated":true}]}}