{"id":103,"date":"2014-10-21T12:10:47","date_gmt":"2014-10-21T10:10:47","guid":{"rendered":"http:\/\/blogs2.abo.fi\/lumia\/?page_id=103"},"modified":"2014-10-21T12:10:47","modified_gmt":"2014-10-21T10:10:47","slug":"steg10","status":"publish","type":"page","link":"https:\/\/blogs2.abo.fi\/w10p\/steg10\/","title":{"rendered":"Steg 10: Kom i g\u00e5ng med Windows Phone"},"content":{"rendered":"<p>GRATTIS! Du kom s\u00e5 h\u00e4r l\u00e5ngt!<\/p>\n<p>Det finns mycket information p\u00e5 n\u00e4tet.<\/p>\n<p>En bra b\u00f6rjan \u00e4r att g\u00e5 till Microsofts sidor f\u00f6r att komma i g\u00e5ng.<\/p>\n<p><a title=\"Kom i g\u00e5ng\" href=\"http:\/\/www.windowsphone.com\/sv-se\/how-to\/wp8\/basics\/get-started-with-windows-phone\" target=\"_blank\">http:\/\/www.windowsphone.com\/sv-se\/how-to\/wp8\/basics\/get-started-with-windows-phone<\/a><\/p>\n<p>&nbsp;<\/p>\n<p>&nbsp;<\/p>\n","protected":false},"excerpt":{"rendered":"<p>GRATTIS! Du kom s\u00e5 h\u00e4r l\u00e5ngt! Det finns mycket information p\u00e5 n\u00e4tet. En bra b\u00f6rjan \u00e4r att g\u00e5 till Microsofts sidor f\u00f6r att komma i g\u00e5ng. http:\/\/www.windowsphone.com\/sv-se\/how-to\/wp8\/basics\/get-started-with-windows-phone &nbsp; &nbsp;<\/p>\n","protected":false},"author":116,"featured_media":0,"parent":0,"menu_order":0,"comment_status":"closed","ping_status":"open","template":"","meta":{"footnotes":""},"class_list":["post-103","page","type-page","status-publish","hentry"],"_links":{"self":[{"href":"https:\/\/blogs2.abo.fi\/w10p\/wp-json\/wp\/v2\/pages\/103","targetHints":{"allow":["GET"]}}],"collection":[{"href":"https:\/\/blogs2.abo.fi\/w10p\/wp-json\/wp\/v2\/pages"}],"about":[{"href":"https:\/\/blogs2.abo.fi\/w10p\/wp-json\/wp\/v2\/types\/page"}],"author":[{"embeddable":true,"href":"https:\/\/blogs2.abo.fi\/w10p\/wp-json\/wp\/v2\/users\/116"}],"replies":[{"embeddable":true,"href":"https:\/\/blogs2.abo.fi\/w10p\/wp-json\/wp\/v2\/comments?post=103"}],"version-history":[{"count":0,"href":"https:\/\/blogs2.abo.fi\/w10p\/wp-json\/wp\/v2\/pages\/103\/revisions"}],"wp:attachment":[{"href":"https:\/\/blogs2.abo.fi\/w10p\/wp-json\/wp\/v2\/media?parent=103"}],"curies":[{"name":"wp","href":"https:\/\/api.w.org\/{rel}","templated":true}]}}