{"id":22,"date":"2017-08-31T13:44:16","date_gmt":"2017-08-31T11:44:16","guid":{"rendered":"http:\/\/blogs2.abo.fi\/vulnerability\/?page_id=22"},"modified":"2025-11-27T12:03:56","modified_gmt":"2025-11-27T10:03:56","slug":"publications","status":"publish","type":"page","link":"https:\/\/blogs2.abo.fi\/vulnerability\/publications\/","title":{"rendered":"Publications"},"content":{"rendered":"<h2>Examples of publications\u00a0related to the role of vulnerability in human rights law by the research team<\/h2>\n<hr \/>\n<div class=\"hlFld-Title\">\n<div class=\"publicationContentTitle\">\n<p>Elina Pirjatanniemi and Lisa Grans, &#8216;Implementation of the Istanbul Convention in Finland: Some contentious criminal law issues&#8217;\u00a0 in Wojciech Burek, Katarzyna S\u0119kowska-Koz\u0142owska and Andreas Zimmermann (eds.), <a href=\"https:\/\/www.e-elgar.com\/shop\/gbp\/the-istanbul-convention-in-action-9781035342358.html?srsltid=AfmBOor_szGJDXAZpJ4XSLbqgyS7NLi4YUghi3Qro8LQDH3RJM0-UJYU\">The Istanbul Convention in Action, Case Studies from Selected States Parties<\/a> (Edward Elgar 2025) 99-115.<\/p>\n<p>Maija Mustaniemi-Laakso, Lisa Grans, and Elina Pirjatanniemi, F<a href=\"https:\/\/talkingrights.org\/2025\/08\/28\/finland-cellphone-ban\/\">inland Banning Phones in Schools: Striking a Balance Between Right to Education and Digital Access on an Equal Basis for All<\/a>, Talking Rights blog, 28 August 2025.<\/p>\n<p>Lisa Grans, <a href=\"https:\/\/talkingrights.org\/2025\/03\/06\/criminalising-attempts-to-restrict-the-sexuality-of-individuals-so-called-conversion-therapy\/\">Criminalising Attempts to Restrict the Sexuality of Individuals: So-called Conversion Therapy<\/a>, Talking Rights blog, 6 March 2025.<\/p>\n<p>Lisa Grans, <a href=\"https:\/\/www.tandfonline.com\/doi\/full\/10.1080\/08974454.2023.2296624\">The Impact of Vulnerability on State Obligations in Criminal Proceedings on Domestic Violence: Interpreting the Istanbul Convention and the European Convention on Human Rights<\/a>, Women &amp; Criminal Justice 35(3) (2025).<\/p>\n<p><span style=\"font-size: 1rem\">Mikaela Heikkil\u00e4, Magdalena Kmak,<\/span><span style=\"font-size: 1rem\">\u00a0<\/span><a style=\"font-size: 1rem\" href=\"https:\/\/journal-njmr.org\/articles\/10.33134\/njmr.688\">The Women of Al-Hol: Deservingness and the Politics of Vulnerability and Security<\/a><span style=\"font-size: 1rem\">, Nordic Journal of Migration Research 15(2) 2025, 1-18.<\/span><\/p>\n<p>Lisa Grans, Conceptualisation of Forced Marriage in the Criminal Law Context in Europe, EHRLR 5 (2024), 411-426.<\/p>\n<p>Lisa Grans and Elina Pirjatanniemi, <a href=\"https:\/\/www.lausuntopalvelu.fi\/FI\/Proposal\/Participation?proposalId=89637e4f-3e46-42c9-86bc-056e06f26fdf\">Lausunto hallituksen esityksest\u00e4 eduskunnalle laiksi rikoslain muuttamisesta ja er\u00e4iksi siihen liittyviksi laiksi<\/a>, 23 May 2024.<\/p>\n<p>Lisa Grans and Elina Pirjatanniemi, <a href=\"https:\/\/research.abo.fi\/files\/59923929\/Lausunto_Avioliittoon_pakottamisen_rangaistavuuden_selkeytt_minen_22.4.2024.pdf\">Lausunto oikeusministeri\u00f6lle ty\u00f6ryhm\u00e4mietinn\u00f6st\u00e4 Avioliittoon pakottamisen rangaistavuuden selkiytt\u00e4minen<\/a>, 22 April 2024.<\/p>\n<p>Elina Pirjatanniemi, <a href=\"https:\/\/research.abo.fi\/files\/64999545\/JFT_4_2024_Elina_Pirjatanniemi_publicerad.pdf\">Internationella f\u00f6rpliktelser och nationell s\u00e4kerhet: kan vi lita p\u00e5 att v\u00e5r grundlag fungerar tillfredsst\u00e4llande i en turbulent tid?<\/a>, Tidskrift utgiven av juridiska f\u00f6reningen i Finland 4 (2024), 265-293.<\/p>\n<p>Maija Mustaniemi-Laakso and Mikaela Heikkil\u00e4 (guest editors),<a href=\"https:\/\/link.springer.com\/journal\/12142\/volumes-and-issues\/24-2\"> Special Issue on Approaches to Vulnerability in Times of Crisis<\/a>, Human Rights Review 24(2) (2023).<\/p>\n<p><span style=\"font-size: 1rem\">Mikaela Heikkil\u00e4 and Maija Mustaniemi-Laakso, <\/span><a href=\"https:\/\/doi.org\/10.1007\/s12142-023-00694-4\">Introduction: Approaches to Vulnerability in Times of Crisis<\/a>, Human Rights Review 24(2) (2023), 151-170.<\/p>\n<p>Elina Pirjatanniemi, <a href=\"https:\/\/edition.fi\/lakimiesyhdistys\/catalog\/view\/665\/626\/2122-2\">Vihertyik\u00f6 rikosoikeus?<\/a>, in Kimmo Nuotio and Esko Yli-Hemminki (eds.), Kotimaisen rikosoikeustieteen tila ja tulevaisuus (2023).<\/p>\n<p>Maija Mustaniemi-Laakso, Hisayo Katsui and Mikaela Heikkil\u00e4, <a href=\"https:\/\/doi.org\/10.1007\/s11196-022-09946-x\">Vulnerability, Disability, and Agency: Exploring Structures for Inclusive Decision-Making and Participation in a Responsive State<\/a>, <em>International Journal for the Semiotics of Law<\/em> (2022).<\/p>\n<\/div>\n<\/div>\n<div class=\"articleMetaDrop\" data-pb-dropzone=\"articleMetaDropZone1\">\n<div id=\"9a023fbe-75e9-48ab-8cb6-7b55f585bc02\" class=\"widget doiWidget none widget-none widget-compact-all\">\n<div class=\"wrapped \">\n<div class=\"widget-body body body-none body-compact-all\">\n<div class=\"doiWidgetContainer\">\n<p class=\"title\">Viljam Engstr\u00f6m, Mikaela Heikkil\u00e4 and\u00a0Maija Mustaniemi-Laakso, <a href=\"https:\/\/doi.org\/10.1177\/09240519221092599\">Vulnerabilisation: Between mainstreaming and human rights overreach<\/a>, <em><span class=\"journal\">Netherlands Quarterly of <\/span><span class=\"journal\">Human<\/span><\/em><span class=\"journal\"><em> Rights<\/em>, Vol. 40(2) (2022), <span data-original-font-size=\"11\" data-original-line-height=\"15\">118<\/span>&#8211;<span data-original-font-size=\"11\" data-original-line-height=\"15\">136<\/span>.<\/span><\/p>\n<p class=\"title\"><span style=\"font-size: 1rem\">Lisa Grans, Elina, Pirjatanniemi, Mikaela Heikkil\u00e4 &amp; Maija Mustaniemi-Laakso, Lausunto, <\/span><a class=\"link\" style=\"font-size: 1rem\" href=\"https:\/\/research.abo.fi\/en\/publications\/arviomuistio-avioliittoon-pakottamisen-rangaistavuudesta\" rel=\"OtherContribution\">Arviomuistio avioliittoon pakottamisen rangaistavuudesta<\/a><span style=\"font-size: 1rem\">, <\/span><span class=\"date\" style=\"font-size: 1rem\">14 Jan 2022.<\/span><\/p>\n<p class=\"title\"><span lang=\"EN-GB\" style=\"font-size: 1rem\">Elina Pirjatanniemi, \u2018<\/span><span lang=\"EN-GB\" style=\"font-size: 1rem\"><a href=\"https:\/\/www.edilex.fi\/jft\/100043.pdf\">Om sex, samtycke och ma\u0308nskliga ra\u0308ttigheter<\/a><\/span><span lang=\"EN-GB\" style=\"font-size: 1rem\">\u2019, JFT 4-5 (2021) 308-332.<\/span><\/p>\n<p class=\"title\"><span style=\"font-size: 1rem\">Johanna Vanto, Elsa Saarikkom\u00e4ki, Anne Alvesalo-Kuusi, Nea Lepink\u00e4inen, Elina Pirjatanniemi, Juha Lavapuro, <\/span><a style=\"font-size: 1rem\" href=\"https:\/\/journals.sagepub.com\/doi\/10.1177\/01979183211044096\">Collectivized Discretion: Seeking Explanations for Decreased Asylum Recognition Rates in Finland After Europe\u2019s 2015 &#8220;Refugee Crisis&#8221;<\/a><span style=\"font-size: 1rem\">, International Migration Review (2021), 1-26.<\/span><\/p>\n<p class=\"title\"><span style=\"font-size: 1rem\">Mikaela Heikkil\u00e4 and Maija Mustaniemi-Laakso, \u2018Inequality\u2019 in de Feyter, K., T\u00fcrkelli, G. E. &amp; de Moerloose, S. (eds.) <\/span><a style=\"font-size: 1rem\" href=\"https:\/\/www.e-elgar.com\/shop\/gbp\/encyclopedia-of-law-and-development-9781788117968.html\"><em>Encyclopedia of Law and Development<\/em><\/a><span style=\"font-size: 1rem\"> (Edward Elgar 2021) 135-138.<\/span><\/p>\n<p class=\"title\"><span style=\"font-size: 1rem\">Viljam Engstr\u00f6m, <\/span><a style=\"font-size: 1rem\" href=\"https:\/\/www.abo.fi\/wp-content\/uploads\/2021\/08\/2021-Engstrom-and-Vegar-Social-Protection-Policies-of-IOs.pdf\">Social Protection Policies of International Organizations<\/a><span style=\"font-size: 1rem\">\u00a0(with Aliina Vegar), Institute for Human Rights Working Paper 1\/2021.<\/span><\/p>\n<p class=\"title\"><span style=\"font-size: 1rem\">Mikaela Heikkil\u00e4 and Maija Mustaniemi-Laakso, <\/span><span style=\"font-size: 1rem\"><a href=\"https:\/\/www.ahrlj.up.ac.za\/images\/ahrlj\/2020\/volume_2\/African%20Human%20Rights%20Law%20Journal%202020%20AHRLJ%20-%20Mustaniemi-Laakso.pdf\">Vulnerability as a human rights variable: African and European developments<\/a>, <em>African Human Rights Law Journal <\/em><\/span><span style=\"font-size: 1rem\">(2020), Vol. 20(2), 777-789.<\/span><\/p>\n<p class=\"title\"><span style=\"font-size: 1rem\">Elina Pirjatanniemi: Korona k\u00e4rjist\u00e4\u00e4 erisarvoisuutta [Corona exacerbates inequality] (column in Turun Sanomat 23 April 2020).<\/span><\/p>\n<p class=\"title\"><span style=\"font-size: 1rem\">Viljam Engstr\u00f6m, <a href=\"https:\/\/brill.com\/view\/journals\/nord\/89\/2\/article-p209_209.xml?language=en\">The IMF and Protection of Vulnerable Groups<\/a>, <em>Nordic Journal of International Law<\/em> (2020), Vol. 89, 209-243.<\/span><\/p>\n<p class=\"title\"><span style=\"font-size: 1rem\">Mikaela Heikkil\u00e4, Hisayo Katsui and Maija Mustaniemi-Laakso: \u2018Disability and vulnerability: A human rights reading of the responsive state\u2019, in Hisayo Katsui and Chalklen Shuaib (eds.)\u00a0<\/span><a style=\"font-size: 1rem\" href=\"https:\/\/www.routledge.com\/Disability-Globalization-and-Human-Rights\/Katsui-Shuaib\/p\/book\/9781138487055\">Disability, Globalization and Human Rights<\/a><span style=\"font-size: 1rem\">\u00a0(Routledge 2020).<\/span><\/p>\n<p class=\"title\"><span style=\"font-size: 1rem\">Mikaela Heikkil\u00e4, Hisayo Katsui and Maija Mustaniemi-Laakso: <\/span><a href=\"https:\/\/doi.org\/10.1080\/13642987.2020.1715948\">Disability and vulnerability: A human rights reading of the responsive state<\/a><span style=\"font-size: 1rem\">, <\/span><em style=\"font-size: 1rem\">The International Journal of Human Rights<\/em><span style=\"font-size: 1rem\"> (2020), Vol. 24(8), 1180\u20131200.<\/span><\/p>\n<p class=\"title\"><span style=\"font-size: 1rem\">Viljam Engstr\u00f6m, <\/span><a style=\"font-size: 1rem\" href=\"http:\/\/www.gojil.eu\/issues\/93\/93_article_engstroem.pdf\">Unpacking the Debate on Social Protection Floors,<\/a><span style=\"font-size: 1rem\"><em> Goettingen Journal of International Law<\/em> (2019), Vol. 9, 3.<\/span><\/p>\n<p class=\"title\"><span style=\"font-size: 1rem\">Viljam Engstr\u00f6m, <\/span><a style=\"font-size: 1rem\" href=\"https:\/\/voelkerrechtsblog.org\/a-slow-revolution-to-protect-the-poor-and-vulnerable\/\">&#8216;A slow revolution to protect the poor and vulnerable? The International Monetary Fund\u2019s Social Spending Strategy 2019<\/a><span style=\"font-size: 1rem\">&#8216;, <\/span><em style=\"font-size: 1rem\">V\u00f6lkerrechtsblog<\/em><span style=\"font-size: 1rem\">, 27 September 2019.<\/span><\/p>\n<p class=\"title\"><span style=\"font-size: 1rem\">Elina Pirjatanniemi, \u2018Victims of Trafficking in the Migration Discourse: A Conceptualisation of Particular Vulnerability\u2019 in Rita Haverkamp, Ester Herlin-Karnell, Claes Lernestedt (eds.) <\/span><a style=\"font-size: 1rem\" href=\"https:\/\/www.bloomsburyprofessional.com\/uk\/what-is-wrong-with-human-trafficking-9781509921515\/\">What is Wrong with Human Trafficking? Critical Perspectives on the Law<\/a><span style=\"font-size: 1rem\"> (Hart 2019), pp. 77-97.<\/span><\/p>\n<p class=\"title\"><span style=\"font-size: 1rem\">Mikaela Heikkil\u00e4 and Maija Mustaniemi-Laakso, &#8216;Turvapaikanhakijoiden haavoittuvuuden huomioiminen Suomen ulkomaalaisoikeudessa ja k\u00e4yt\u00e4nteiss\u00e4&#8217; [The recognition of the vulnerability of asylum-seekers in the Finnish asylum law and practices] in Eveliina Lyytinen (ed.), <\/span><a style=\"font-size: 1rem\" href=\"https:\/\/siirtolaisuusinstituutti.fi\/wp-content\/uploads\/2019\/12\/t-02-isbn-978-952-7167-60-1-turvapaikanhaku-ja-pakolaisuus-suomessa.pdf\">Turvapaikanhaku ja pakolaisuus Suomessa<\/a><span style=\"font-size: 1rem\"> (Siirtolaisuusinstituutti 2019), pp. 65-87.<\/span><\/p>\n<p class=\"title\"><span style=\"font-size: 1rem\">Elina Pirjatanniemi, \u2018<\/span><span dir=\"ltr\" lang=\"en-GB\" style=\"font-size: 1rem\">Pathways for Future Generations in Existing Legal Human Rights Provisions&#8217; in Marcus D\u00fcwell, Gerhard Bos, Naomi van Steenbergen (eds.)\u00a0<\/span><span dir=\"ltr\" lang=\"en-GB\" style=\"font-size: 1rem\"><a href=\"https:\/\/www.taylorfrancis.com\/books\/e\/9781315115788\">Pathways for Future Generations in Existing Legal Human Rights Provisions<\/a> (Routledge 2018), pp. 66-78.<\/span><\/p>\n<p class=\"title\"><span style=\"font-size: 1rem\">Saarikkom\u00e4ki Elsa, Oljakka Nea, Vanto Johanna, Pirjatanniemi Elina, Lavapuro Juha, Alvesalo- Kuusi Anne, &#8216;<\/span><a style=\"font-size: 1rem\" href=\"https:\/\/www.utu.fi\/fi\/yliopisto\/oikeustieteellinen-tiedekunta\/tutkimus\">Kansainv\u00e4list\u00e4 suojelua koskevat p\u00e4\u00e4t\u00f6kset Maahanmuuttovirastossa 2015-2017. Pilottitutkimus 18-34-vuotiaita Irakin kansalaisia koskevista my\u00f6nteisist\u00e4 ja kielteisist\u00e4 p\u00e4\u00e4t\u00f6ksist\u00e4 2015-2017<\/a><span style=\"font-size: 1rem\">&#8216; [Decisions of the Finnish Immigration Service concerning international protection in 2015\u20132017. Pilot study on the positive and negative decisions regarding Iraqi citizens aged 18\u201334] (2018).<\/span><\/p>\n<p class=\"title\"><span style=\"font-size: 1rem\">Viljam Engstr\u00f6m,\u00a0<\/span><a style=\"font-size: 1rem\" href=\"https:\/\/verfassungsblog.de\/converging-human-rights-and-economics\/\">Converging Human Rights and Economics?<\/a><span style=\"font-size: 1rem\">, in\u00a0<\/span><em style=\"font-size: 1rem\">Verfassungsblog,<\/em><span style=\"font-size: 1rem\">\u00a015 February 2018.<\/span><\/p>\n<p class=\"title\"><span style=\"font-size: 1rem\">Lisa Grans, <\/span><a style=\"font-size: 1rem\" href=\"https:\/\/www.tandfonline.com\/doi\/abs\/10.1080\/13642987.2018.1454907\">The concept of due diligence and the positive obligation to prevent honour-related violence: beyond deterrence<\/a><span style=\"font-size: 1rem\">, <\/span><em style=\"font-size: 1rem\">The International Journal of Human Rights<\/em><span style=\"font-size: 1rem\"> (2018), Vol. 22(5), 733-755.<\/span><\/p>\n<p class=\"title\"><span style=\"font-size: 1rem\">Lisa Grans, <\/span><a style=\"font-size: 1rem\" href=\"https:\/\/academic.oup.com\/hrlr\/article-abstract\/18\/1\/133\/4857380?redirectedFrom=fulltext\">The Istanbul Convention and the Positive Obligation to Prevent Violence<\/a><span style=\"font-size: 1rem\">, <\/span><em style=\"font-size: 1rem\">Human Rights Law Review<\/em><span style=\"font-size: 1rem\"> (2018), Vol. 18, 133-155.<\/span><\/p>\n<p class=\"title\"><span style=\"font-size: 1rem\">Lisa Grans, <\/span><a style=\"font-size: 1rem\" href=\"https:\/\/www.doria.fi\/bitstream\/handle\/10024\/163229\/grans_lisa.pdf?sequence=1&amp;isAllowed=y\">Prevention of Honour-Related Violence through the Lens of the Right to Physical and Psychological Integ<\/a><span style=\"font-size: 1rem\">rity (2018), \u00c5bo Akademi University Press.<\/span><\/p>\n<p class=\"title\"><span style=\"font-size: 1rem\">Lisa Grans, <\/span><a style=\"font-size: 1rem\" href=\"https:\/\/www.tandfonline.com\/doi\/abs\/10.1080\/18918131.2017.1321209?journalCode=rnhr20\">Honour-Related Violence and Children&#8217;s Right to Physical and Psychological Integrity<\/a><span style=\"font-size: 1rem\">, <\/span><em style=\"font-size: 1rem\">Nordic Journal of Human Rights<\/em><span style=\"font-size: 1rem\"> (2017), Vol. 35(2), 146-161.<\/span><\/p>\n<p class=\"title\"><span style=\"font-size: 1rem\">Maija Mustaniemi-Laakso, Mikaela Heikkil\u00e4, Eleonora Del Gaudio, Sotiris Konstantis, Maria Nagore Casas, Dolores Morondo, Venkatachala G. Hegde and Graham Finlay,\u00a0<\/span><a style=\"font-size: 1rem\" href=\"http:\/\/www.fp7-frame.eu\/frame-reps-11-3\/\">The protection of vulnerable individuals in the context of EU policies on border checks, asylum and immigration<\/a><span style=\"font-size: 1rem\">, FRAME Research Report (2016).<\/span><\/p>\n<p class=\"title\"><span style=\"font-size: 1rem\">Mikaela Heikkil\u00e4 and Maija Mustaniemi-Laakso, &#8216;Seeing the individual in the midst of large-scale phenomena: Some remarks on the European approach to the refugee situation&#8217;,\u00a0<\/span><em style=\"font-size: 1rem\">European Yearbook of Human Rights<\/em><span style=\"font-size: 1rem\"> (2016), 187-200.<\/span><\/p>\n<p class=\"title\"><span style=\"font-size: 1rem\">Viljam Engstr\u00f6m, &#8216;Deference and the Human Rights Committee&#8217;, <\/span><em style=\"font-size: 1rem\">Nordic Journal of Human Rights<\/em><span style=\"font-size: 1rem\"> (2016), Vol. 34(2), pp. 73-88.<\/span><\/p>\n<p class=\"title\"><span style=\"font-size: 1rem\">Lisa Grans, <\/span><a style=\"font-size: 1rem\" href=\"https:\/\/brill.com\/view\/journals\/nord\/85\/3\/article-p169_1.xml?language=en\">A Right Not to Be Left Alone \u2013 Utilising the Right to Private Life to Prevent Honour-related Violence<\/a><span style=\"font-size: 1rem\">, <\/span><em style=\"font-size: 1rem\">Nordic Journal of International Law<\/em><span style=\"font-size: 1rem\"> (2016), Vol. 85, 169-200.<\/span><\/p>\n<p class=\"title\"><span style=\"font-size: 1rem\">Lisa Grans, <\/span><a style=\"font-size: 1rem\" href=\"https:\/\/academic.oup.com\/hrlr\/article-abstract\/15\/4\/695\/2356183\">The State Obligation to Prevent Torture and Other Cruel, Inhuman or Degrading Treatment or Punishment: The Case of Honour-Related Violence<\/a><span style=\"font-size: 1rem\">, <\/span><em style=\"font-size: 1rem\">Human Rights Law Review<\/em><span style=\"font-size: 1rem\"> (2015), Vol. 15, 695-718.<\/span><\/p>\n<\/div>\n<\/div>\n<\/div>\n<\/div>\n<\/div>\n","protected":false},"excerpt":{"rendered":"<p>Examples of publications\u00a0related to the role of vulnerability in human rights law by the research team Elina Pirjatanniemi and Lisa Grans, &#8216;Implementation of the Istanbul Convention in Finland: Some contentious criminal law issues&#8217;\u00a0 in Wojciech Burek, Katarzyna S\u0119kowska-Koz\u0142owska and Andreas Zimmermann (eds.), The Istanbul Convention in Action, Case Studies from Selected States Parties (Edward Elgar &hellip; <\/p>\n<p class=\"link-more\"><a href=\"https:\/\/blogs2.abo.fi\/vulnerability\/publications\/\" class=\"more-link\">Continue reading<span class=\"screen-reader-text\"> &#8220;Publications&#8221;<\/span><\/a><\/p>\n","protected":false},"author":353,"featured_media":0,"parent":0,"menu_order":0,"comment_status":"closed","ping_status":"closed","template":"","meta":{"footnotes":""},"class_list":["post-22","page","type-page","status-publish","hentry"],"_links":{"self":[{"href":"https:\/\/blogs2.abo.fi\/vulnerability\/wp-json\/wp\/v2\/pages\/22","targetHints":{"allow":["GET"]}}],"collection":[{"href":"https:\/\/blogs2.abo.fi\/vulnerability\/wp-json\/wp\/v2\/pages"}],"about":[{"href":"https:\/\/blogs2.abo.fi\/vulnerability\/wp-json\/wp\/v2\/types\/page"}],"author":[{"embeddable":true,"href":"https:\/\/blogs2.abo.fi\/vulnerability\/wp-json\/wp\/v2\/users\/353"}],"replies":[{"embeddable":true,"href":"https:\/\/blogs2.abo.fi\/vulnerability\/wp-json\/wp\/v2\/comments?post=22"}],"version-history":[{"count":58,"href":"https:\/\/blogs2.abo.fi\/vulnerability\/wp-json\/wp\/v2\/pages\/22\/revisions"}],"predecessor-version":[{"id":575,"href":"https:\/\/blogs2.abo.fi\/vulnerability\/wp-json\/wp\/v2\/pages\/22\/revisions\/575"}],"wp:attachment":[{"href":"https:\/\/blogs2.abo.fi\/vulnerability\/wp-json\/wp\/v2\/media?parent=22"}],"curies":[{"name":"wp","href":"https:\/\/api.w.org\/{rel}","templated":true}]}}