{"id":13,"date":"2017-08-31T13:43:47","date_gmt":"2017-08-31T11:43:47","guid":{"rendered":"http:\/\/blogs2.abo.fi\/vulnerability\/?page_id=13"},"modified":"2025-03-27T13:00:52","modified_gmt":"2025-03-27T11:00:52","slug":"contact","status":"publish","type":"page","link":"https:\/\/blogs2.abo.fi\/vulnerability\/contact\/","title":{"rendered":"Contact and research team"},"content":{"rendered":"<h2>Contact<\/h2>\n<hr \/>\n<p><span style=\"font-size: 1rem\">ROVU \/ Institute for Human Rights<br \/>\n\u00c5bo Akademi University<br \/>\nF\u00e4nriksgatan 3 A<br \/>\nFI-20500 \u00c5bo, Finland<\/span><\/p>\n<p>humanrights@abo.fi<\/p>\n<p><a href=\"http:\/\/www.abo.fi\/vulnerability\">www.abo.fi\/vulnerability<\/a><\/p>\n<p><a href=\"http:\/\/www.abo.fi\/humanrights\">www.abo.fi\/humanrights<\/a><\/p>\n<h2>ROVU research team<\/h2>\n<hr \/>\n<ul>\n<li><span style=\"font-size: 1rem\">Professor <\/span><a href=\"https:\/\/research.abo.fi\/en\/persons\/elina-pirjatanniemi\"><span style=\"font-size: 1rem\">Elina Pirjatanniemi<\/span><\/a><\/li>\n<li>Dr <a href=\"https:\/\/research.abo.fi\/en\/persons\/lisa-grans\">Lisa Grans<\/a><\/li>\n<li><span style=\"font-size: 1rem\">Dr <\/span><a href=\"https:\/\/research.abo.fi\/en\/persons\/mikaela-heikkil%C3%A4\">Mikaela Heikkil\u00e4<\/a><\/li>\n<li><a href=\"https:\/\/research.abo.fi\/en\/persons\/maija-mustaniemi-laakso\">Dr Maija Mustaniemi-Laakso<\/a><\/li>\n<\/ul>\n<p><a href=\"https:\/\/research.abo.fi\/en\/projects\/the-many-faces-of-special-protection-unpacking-the-roles-of-vulne\">ROVU in \u00c5bo Akademi University Research Portal<\/a><\/p>\n<h2>RELAY research team<\/h2>\n<hr \/>\n<ul>\n<li><span style=\"font-size: 1rem\">Professor <\/span><span style=\"font-size: 1rem\">Elina Pirjatanniemi<\/span><\/li>\n<li><span style=\"font-size: 1rem\">Dr <\/span>Mikaela Heikkil\u00e4<\/li>\n<li>Dr <a href=\"https:\/\/research.abo.fi\/en\/persons\/viljam-engstr%C3%B6m\">Viljam Engstr\u00f6m<\/a><\/li>\n<li>Maija Mustaniemi-Laakso<\/li>\n<\/ul>\n<p><a href=\"https:\/\/research.abo.fi\/en\/projects\/vulnerability-as-particularity-towards-relativizing-the-universal\">RELAY in \u00c5bo Akademi University Research Portal<\/a><\/p>\n<p>&nbsp;<\/p>\n<p><img loading=\"lazy\" decoding=\"async\" class=\"size-thumbnail wp-image-434 alignleft\" src=\"http:\/\/blogs2.abo.fi\/vulnerability\/wp-content\/uploads\/sites\/68\/2021\/10\/AboAkademiUniversity-150x150.png\" alt=\"\" width=\"150\" height=\"150\" srcset=\"https:\/\/blogs2.abo.fi\/vulnerability\/wp-content\/uploads\/sites\/68\/2021\/10\/AboAkademiUniversity-150x150.png 150w, https:\/\/blogs2.abo.fi\/vulnerability\/wp-content\/uploads\/sites\/68\/2021\/10\/AboAkademiUniversity-300x300.png 300w, https:\/\/blogs2.abo.fi\/vulnerability\/wp-content\/uploads\/sites\/68\/2021\/10\/AboAkademiUniversity-100x100.png 100w, https:\/\/blogs2.abo.fi\/vulnerability\/wp-content\/uploads\/sites\/68\/2021\/10\/AboAkademiUniversity.png 321w\" sizes=\"auto, (max-width: 150px) 100vw, 150px\" \/><\/p>\n<p>&nbsp;<\/p>\n","protected":false},"excerpt":{"rendered":"<p>Contact ROVU \/ Institute for Human Rights \u00c5bo Akademi University F\u00e4nriksgatan 3 A FI-20500 \u00c5bo, Finland humanrights@abo.fi www.abo.fi\/vulnerability www.abo.fi\/humanrights ROVU research team Professor Elina Pirjatanniemi Dr Lisa Grans Dr Mikaela Heikkil\u00e4 Dr Maija Mustaniemi-Laakso ROVU in \u00c5bo Akademi University Research Portal RELAY research team Professor Elina Pirjatanniemi Dr Mikaela Heikkil\u00e4 Dr Viljam Engstr\u00f6m Maija Mustaniemi-Laakso &hellip; <\/p>\n<p class=\"link-more\"><a href=\"https:\/\/blogs2.abo.fi\/vulnerability\/contact\/\" class=\"more-link\">Continue reading<span class=\"screen-reader-text\"> &#8220;Contact and research team&#8221;<\/span><\/a><\/p>\n","protected":false},"author":353,"featured_media":0,"parent":0,"menu_order":0,"comment_status":"closed","ping_status":"closed","template":"","meta":{"footnotes":""},"class_list":["post-13","page","type-page","status-publish","hentry"],"_links":{"self":[{"href":"https:\/\/blogs2.abo.fi\/vulnerability\/wp-json\/wp\/v2\/pages\/13","targetHints":{"allow":["GET"]}}],"collection":[{"href":"https:\/\/blogs2.abo.fi\/vulnerability\/wp-json\/wp\/v2\/pages"}],"about":[{"href":"https:\/\/blogs2.abo.fi\/vulnerability\/wp-json\/wp\/v2\/types\/page"}],"author":[{"embeddable":true,"href":"https:\/\/blogs2.abo.fi\/vulnerability\/wp-json\/wp\/v2\/users\/353"}],"replies":[{"embeddable":true,"href":"https:\/\/blogs2.abo.fi\/vulnerability\/wp-json\/wp\/v2\/comments?post=13"}],"version-history":[{"count":23,"href":"https:\/\/blogs2.abo.fi\/vulnerability\/wp-json\/wp\/v2\/pages\/13\/revisions"}],"predecessor-version":[{"id":553,"href":"https:\/\/blogs2.abo.fi\/vulnerability\/wp-json\/wp\/v2\/pages\/13\/revisions\/553"}],"wp:attachment":[{"href":"https:\/\/blogs2.abo.fi\/vulnerability\/wp-json\/wp\/v2\/media?parent=13"}],"curies":[{"name":"wp","href":"https:\/\/api.w.org\/{rel}","templated":true}]}}