{"id":916,"date":"2024-02-25T21:16:21","date_gmt":"2024-02-25T19:16:21","guid":{"rendered":"https:\/\/blogs2.abo.fi\/vocalis\/?page_id=916"},"modified":"2024-02-28T16:26:21","modified_gmt":"2024-02-28T14:26:21","slug":"anmalan","status":"publish","type":"page","link":"https:\/\/blogs2.abo.fi\/vocalis\/anmalan\/","title":{"rendered":"Anm\u00e4lan"},"content":{"rendered":"<p>Anm\u00e4lningen sker via f\u00f6ljande l\u00e4nk:\u00a0<a href=\"https:\/\/vocalis.blankett.fi\/form\/16985\">https:\/\/vocalis.blankett.fi\/form\/16985<\/a><\/p>\n","protected":false},"excerpt":{"rendered":"<p>Anm\u00e4lningen sker via f\u00f6ljande l\u00e4nk:\u00a0https:\/\/vocalis.blankett.fi\/form\/16985<\/p>\n","protected":false},"author":903,"featured_media":0,"parent":0,"menu_order":0,"comment_status":"closed","ping_status":"closed","template":"","meta":{"footnotes":""},"class_list":["post-916","page","type-page","status-publish","hentry"],"_links":{"self":[{"href":"https:\/\/blogs2.abo.fi\/vocalis\/wp-json\/wp\/v2\/pages\/916","targetHints":{"allow":["GET"]}}],"collection":[{"href":"https:\/\/blogs2.abo.fi\/vocalis\/wp-json\/wp\/v2\/pages"}],"about":[{"href":"https:\/\/blogs2.abo.fi\/vocalis\/wp-json\/wp\/v2\/types\/page"}],"author":[{"embeddable":true,"href":"https:\/\/blogs2.abo.fi\/vocalis\/wp-json\/wp\/v2\/users\/903"}],"replies":[{"embeddable":true,"href":"https:\/\/blogs2.abo.fi\/vocalis\/wp-json\/wp\/v2\/comments?post=916"}],"version-history":[{"count":4,"href":"https:\/\/blogs2.abo.fi\/vocalis\/wp-json\/wp\/v2\/pages\/916\/revisions"}],"predecessor-version":[{"id":935,"href":"https:\/\/blogs2.abo.fi\/vocalis\/wp-json\/wp\/v2\/pages\/916\/revisions\/935"}],"wp:attachment":[{"href":"https:\/\/blogs2.abo.fi\/vocalis\/wp-json\/wp\/v2\/media?parent=916"}],"curies":[{"name":"wp","href":"https:\/\/api.w.org\/{rel}","templated":true}]}}