{"id":912,"date":"2024-02-23T13:28:53","date_gmt":"2024-02-23T11:28:53","guid":{"rendered":"https:\/\/blogs2.abo.fi\/vocalis\/?page_id=912"},"modified":"2024-02-28T15:33:34","modified_gmt":"2024-02-28T13:33:34","slug":"arsfestguide","status":"publish","type":"page","link":"https:\/\/blogs2.abo.fi\/vocalis\/vocalis-xv-2\/vocalis-xv\/arsfestguide\/","title":{"rendered":"\u00c5rsfestguide"},"content":{"rendered":"<p>En \u00e5rsfest \u00e4r en finare fest, d\u00e4r grundandet av en f\u00f6rening firas. V\u00e5r egen \u00e4mnesf\u00f6renings, Vocalis, \u00e5rsfest ordnas vart femte \u00e5r, vilket betyder att n\u00e4sta \u00e5rsfest ordnas 2024, d\u00e5 vi firar att Vocalis fyller femton \u00e5r!<\/p>\n<p>D\u00e5 man f\u00f6r f\u00f6rsta g\u00e5ngen skall g\u00e5 p\u00e5 en \u00e5rsfest kan det k\u00e4nnas lite pirrigt, men s\u00e5 l\u00e4nge du har koll p\u00e5 lite vett och etikett s\u00e5 finns det nog inget att oroa sig \u00f6ver! Nedan hittar du samlat de regler, traditioner och tips om vett och etikett, som g\u00e4ller under \u00e5rsfesten och som det \u00e4r bra att du har koll p\u00e5. Alltid trevligare att g\u00e5 p\u00e5 fest d\u00e5 man vet vilka traditioner som g\u00e4ller och hur man f\u00f6rv\u00e4ntas bete sig!<\/p>\n<p><strong>Kl\u00e4dsel<\/strong><br \/>\nP\u00e5 \u00e5rsfest inbjudan st\u00e5r det alltid vilken kl\u00e4dkod som g\u00e4ller, s\u00e5 kolla d\u00e4r. F\u00f6r de flesta \u00e5rsfester brukar det vara h\u00f6gtidsdr\u00e4kt med akademiska tecken som g\u00e4ller. I praktiken betyder det h\u00e4r l\u00e5ngkl\u00e4nning eller frack\/m\u00f6rk kostym. Med dessa b\u00e4rs akademiska utm\u00e4rkelsetecken, dvs. f\u00f6reningsband, nationsband och dylikt.<\/p>\n<p><strong>L\u00e5ng kl\u00e4nning<\/strong><br \/>\nDet viktigaste vad g\u00e4ller \u00e5rsfest kl\u00e4nningen \u00e4r att den \u00e4r tillr\u00e4ckligt l\u00e5ng och att den \u00e4r v\u00e4rdig\/festlig. Egentligen borde kl\u00e4nningen n\u00e5 \u00e4nda ner till skon, men huvudsaken \u00e4r att vaderna t\u00e4cks. Det spelar inte heller s\u00e5 stor roll vilken f\u00e4rg eller vilket material kl\u00e4nningen har. Kl\u00e4nningen kan ha en slits. Kl\u00e4nningens \u00e4rml\u00e4ngd kan variera fr\u00e5n \u00e4rml\u00f6st till l\u00e5ng \u00e4rm.<br \/>\nObservera dock att du m\u00e5ste ha axlarna t\u00e4ckta \u00e4nda tills sj\u00e4lva kv\u00e4llsprogrammet b\u00f6rjar, d.v.s. \u00e4nda tills du s\u00e4tter dig till bords. Du kan t\u00e4cka axlarna med t.ex. sjal, bolero eller annan festlig jacka.<br \/>\nTill l\u00e5ngkl\u00e4nning kan handskar (l\u00e5nga eller korta) b\u00e4ras. Skorna \u00e4r festliga klackskor eller festsandaler. Det \u00e4r dock klokt att ha bekv\u00e4ma skor f\u00f6r d\u00e5 \u00e4r dansen roligare. Handv\u00e4skan ska vara liten och f\u00e5r g\u00e4rna vara samma material som skorna. Handv\u00e4skan kan ha en smal rem.<br \/>\nVill du b\u00e4ra klocka ska den vara diskret och festlig. Smycken v\u00e4ljer du enligt egen smak, huvudsaken \u00e4r att de passar med kl\u00e4dseln.<br \/>\nTill festkl\u00e4nningen b\u00e4rs g\u00e4rna festfrisyr, traditionellt har regeln varit att nacken ska synas d\u00e5 h\u00e5ret \u00e4r uppsatt, men vill du hellre ha h\u00e5ret nedsl\u00e4ppt s\u00e5 \u00e4r det sj\u00e4lvfallet upp till dig. Frisyren kan ytterligare utsmyckas med sp\u00e4nnen, band eller blommor oavsett om uppsatt eller nedsl\u00e4ppt. Damer b\u00e4r inte huvudbonad p\u00e5 kv\u00e4llstillst\u00e4llningar om den inte h\u00f6r till en folkdr\u00e4kt.<\/p>\n<p><strong>Frack<\/strong><br \/>\nFracken best\u00e5r av svart frackkappa (pingvinmodellen) och svarta byxor. Till fracken b\u00e4rs vit frackskjorta, vit fluga, vit v\u00e4st, svarta l\u00e5nga strumpor (benet f\u00e5r aldrig synas) och svarta festskor.<br \/>\nKom ih\u00e5g galoscherna om det \u00e4r d\u00e5ligt v\u00e4der och du inte vill ha v\u00e5ta f\u00f6tter hela kv\u00e4llen. D\u00e5 du \u00e4r utomhus kan du anv\u00e4nda en l\u00e5ng m\u00f6rk kappa. Med fracken kan du ocks\u00e5 b\u00e4ra vita handskar och svart hatt. Kom dock ih\u00e5g att l\u00e4mna dessa i garderoben; inga hattar i festsalen! Till fracken ska du inte anv\u00e4nda armbandsur, men ist\u00e4llet kan du t.ex. ha en fickklocka.<\/p>\n<p><strong>M\u00f6rk kostym<\/strong><br \/>\nDen m\u00f6rka kostymen \u00e4r svart\/m\u00f6rkbl\u00e5. Till den m\u00f6rka kostymen b\u00e4rs vit skjorta och en diskret slips (gl\u00f6m Hawaji-m\u00f6nstret). Med den m\u00f6rka kostymen f\u00e5r du ha klocka, men inte vita handskar.<\/p>\n<p>L\u00e5ngkl\u00e4nningen eller fracken kan \u00e4ven alltid ers\u00e4ttas med folkdr\u00e4kt!<\/p>\n<p><strong>Akademiska tecken<\/strong><br \/>\nTill festdr\u00e4kten b\u00e4rs band som visar vilka organisationer man tillh\u00f6r. Dessa band \u00e4r f\u00f6reningsband, nationsband samt k\u00e5rband (\u00c5AS). P\u00e5 f\u00e4rgerna k\u00e4nner du allts\u00e5 igen vilka organisations band det \u00e4r fr\u00e5gan om.<br \/>\nMed l\u00e5ngkl\u00e4nning b\u00e4rs banden som en rosett. Rosetten f\u00e4sts p\u00e5 kl\u00e4nningen vid v\u00e4nster br\u00f6st.<br \/>\nMed frack b\u00e4rs banden under v\u00e4sten, snett fr\u00e5n h\u00f6ger axel ned\u00e5t mot v\u00e4nster sida. Banden ska ligga mellan andra och tredje knappen p\u00e5 frackskjortan.<br \/>\nMed m\u00f6rk kostym b\u00e4rs banden p\u00e5 kavajens omslag.<\/p>\n<p>Utm\u00e4rkelse-, heders- och h\u00f6gtidstecken b\u00e4rs p\u00e5 v\u00e4nster sida om inte annat best\u00e4ms f\u00f6r ett specifikt tecken. Ifall du b\u00e4r flera band eller rosetter b\u00e4rs de i \u201dstorleksordning\u201d, dvs. studentk\u00e5rens band b\u00e4rs \u00f6verst, sedan nationernas och underst andra f\u00f6reningars.<\/p>\n<p><strong>Vocalis f\u00f6reningsband<br \/>\n<\/strong>Vocalis f\u00f6reningsband viks p\u00e5 samma s\u00e4tt som \u00c5AS k\u00e5rband. H\u00e4r hittar du \u00c5AS instruktioner f\u00f6r hur man viker \u00e5rsfestbandet: <a href=\"https:\/\/www.instagram.com\/aastudentkar\/p\/yUd9dLgfxw\/\">https:\/\/www.instagram.com\/aastudentkar\/p\/yUd9dLgfxw\/<\/a>.<\/p>\n<p>&nbsp;<\/p>\n<p><strong>Banketten<\/strong><\/p>\n<p><strong>Cocktail<\/strong><br \/>\nBanketten b\u00f6rjar vanligtvis med cocktail. Om du har l\u00e5ngkl\u00e4nning ska du \u00e4nnu ha axlarna t\u00e4ckta. Under cocktailen kan du g\u00e5 runt och bekanta dig med de andra g\u00e4sterna samt sittordningen. Sittordningen finns oftast uppsatt p\u00e5 v\u00e4ggen eller utdelas som tryckt handprogram. Ingen g\u00e5r in i salen f\u00f6rr\u00e4n marskalken ger besked om att middagen \u00e4r serverad!<br \/>\nHedersg\u00e4sterna sitter f\u00f6r det mesta vid honn\u00f6rsbordet. Dessa g\u00e4ster g\u00e5r sist in i salen och brukar vanligtvis bli presenterade f\u00f6r g\u00e4sterna medan de g\u00e5r in (=blir inknackade). Du ska allts\u00e5 ha hunnit slinka in f\u00f6re dem.<\/p>\n<p><strong>F\u00f6re maten<\/strong><br \/>\nN\u00e4r du kommit in i salen och hittat din sittplats vid bordet ska du st\u00e4lla dig bakom din stol och v\u00e4nta p\u00e5 att fanorna blivit inburna. V\u00e4nd dig s\u00e5 att du f\u00f6ljer Finlands fanas g\u00e5ng d\u00e5 den b\u00e4rs in. Kom ih\u00e5g att presentera dig f\u00f6r ditt bordss\u00e4llskap!<br \/>\nN\u00e4r alla en g\u00e5ng satt sig vid bordet stiger i regel ingen upp f\u00f6rr\u00e4n varmr\u00e4tten \u00e4r utburen. Helst ska du inte alls r\u00f6ra dig fr\u00e5n bordet innan hela middagen \u00e4r avklarad om det inte \u00e4r \u201cn\u00f6dv\u00e4ndigt\u201d \u2013 men om du m\u00e5ste g\u00e5 s\u00e5 f\u00f6rs\u00f6k g\u00f6ra det diskret; helst inte mitt i ett tal eller annan programpunkt.<\/p>\n<p><strong>S\u00e5ng och tal<\/strong><br \/>\nS\u00e5ngledaren har en mycket viktig roll p\u00e5 \u00e5rsfesten; de best\u00e4mmer n\u00e4r det sjungs och vad som sjungs. Endast och enbart s\u00e5ngledaren har denna r\u00e4tt! Det finns tillf\u00e4llen d\u00e5 enstaka g\u00e4ster kan b\u00f6rja p\u00e5 en s\u00e5ng, men aldrig utan s\u00e5ngledarens tillst\u00e5nd. N\u00e4r s\u00e5ngledaren har ordet \u00e4r alla andra tysta. Samma g\u00e4ller d\u00e5 marskalken pratar eller d\u00e5 n\u00e5gon h\u00e5ller tal. Man \u00e4ter heller inte d\u00e5 tal h\u00e5lls, men om man blir t\u00f6rstig kan man diskret ta en klunk.<\/p>\n<p><strong>Konferens<\/strong><br \/>\nKonferens \u00e4r \u00e5rsfestspr\u00e5k f\u00f6r en paus p\u00e5 x antal minuter (ofta ca 20min). Under konferensen hinner festdeltagarna g\u00e5 p\u00e5 toalett, inf\u00f6rskaffa mer f\u00f6rfriskning till bordet eller ta en sv\u00e4ng utomhus. F\u00f6lj marskalkens anvisningar.<\/p>\n<p><strong>Sk\u00e5landet och middagen<\/strong><br \/>\nN\u00e4r alla satt sig till bords presenteras s\u00e5ngledarna och annan f\u00f6r festen viktig information. S\u00e5ngledarna s\u00e4tter sedan ig\u00e5ng med Helan, vilket inleder f\u00f6rr\u00e4tten. Efter varje snapsvisa sk\u00e5las det.<br \/>\nSk\u00e5landet g\u00e5r till p\u00e5 f\u00f6ljande s\u00e4tt: h\u00f6j snapsglaset, men inte upp i skyarna. Samtidigt v\u00e4nder du dig snett till v\u00e4nster mot din bordsgranne och ser denna i \u00f6gonen och s\u00e4ger &#8221;sk\u00e5l&#8221;. Samma procedur g\u00f6rs med personen som sitter snett till h\u00f6ger om dig och sedan med personen som sitter mittemot. Efter detta f\u00e5r du dricka.<\/p>\n<p>Efter den f\u00f6rsta sk\u00e5len f\u00e5r du b\u00f6rja \u00e4ta. Till f\u00f6rr\u00e4tten anv\u00e4nds de bestick som \u00e4r placerade l\u00e4ngst ut fr\u00e5n tallriken. Till f\u00f6rr\u00e4tten dricks f\u00f6rutom snaps oftast \u00f6l och eventuellt f\u00f6rr\u00e4ttsvin, vatten kan och b\u00f6r drickas n\u00e4r som helst under hela middagen. \u00d6l dricks ur det glas som st\u00e5r framf\u00f6r \u00f6lflaskan. Glasen \u00e4r placerade framf\u00f6r tallriken i den ordning de ska anv\u00e4ndas fr\u00e5n h\u00f6ger till v\u00e4nster.<br \/>\nHuvudr\u00e4tten f\u00e5r du b\u00f6rja \u00e4ta n\u00e4r de som sitter n\u00e4rmast runt dig har f\u00e5tt sin mat. Under huvudr\u00e4tten dricks vin och till vinet sjungs vinvisor, men i motsats till snaps f\u00e5r du dricka vin \u00e4ven d\u00e5 det inte sjungits. Huvudr\u00e4tten \u00e4ts med besticken n\u00e4rmast tallriken.<br \/>\nEfterr\u00e4tten \u00e4ts med efterr\u00e4ttsbesticken som finns ovanf\u00f6r tallriken: gaffel, sked eller b\u00e5de och enligt vad som \u00e4r dukat. Kaffet avnjuts i samband med eller utan efterr\u00e4tten. Till kaffet serveras punsch, cognac eller n\u00e5gon lik\u00f6r, i studentsammanhang oftast punsch.<\/p>\n<p>N\u00e4r middagen \u00e4r avnjuten och kaffet ocks\u00e5 tagit slut avslutas banketten med \u201dO gamla kling och jubeltid\u201d. Andra versen av s\u00e5ngen (b\u00f6rjar \u201dP\u00e5 m\u00f6ssan ligger\u2026\u201d) finns ofta med i s\u00e5ngh\u00e4ftet, men f\u00e5r aldrig sjungas i fredstid. Under sista versen h\u00f6r det till att alla stiger upp, och efter det f\u00e5r du inte s\u00e4tta dig ner. Middagen \u00e4r h\u00e4rmed avslutad och dansen kommer snart att b\u00f6rja. Ifall tid finns och du k\u00e4nner dig lite stel s\u00e5 ta en snabb promenad f\u00f6r att v\u00e4rma upp medan musikanterna g\u00f6r sig redo.<\/p>\n<p><strong>Dansen<\/strong><br \/>\nIbland finns det ett danskort vid din plats, d\u00e5 skriver du upp vilken dans du ska dansa med vem. Du borde dansa den f\u00f6rsta dansen med din bordsdam\/kavaljer, sedan med den som suttit p\u00e5 din andra sida och sedan den som suttit mittemot dig. I regel dansar man tv\u00e5 danser (efter varandra) med samma person, fast\u00e4n det bara kallas en dans.<\/p>\n<p><strong>Nachspiel och sillfrukost<\/strong><br \/>\nNachspiel och sillfrukost (sillis) h\u00f6r till de mer inofficiella delarna av \u00e5rsfesten. Nachspiel inleds efter att banketten tagit slut och \u00e4r en efterfest. Nattmat (t.ex. pyttipanna) brukar vanligen serveras just innan eller under nachspielet eftersom natten vanligen blir ganska l\u00e5ng.<\/p>\n<p>Sillisen b\u00f6rjar dagen efter festen kl.12 och hit f\u00e5r du komma kl\u00e4dd precis hur du vill \u2013 vanligast \u00e4r kanske studenthalare, en skojig hatt och eventuellt solglas\u00f6gon.<\/p>\n","protected":false},"excerpt":{"rendered":"<p>En \u00e5rsfest \u00e4r en finare fest, d\u00e4r grundandet av en f\u00f6rening firas. V\u00e5r egen \u00e4mnesf\u00f6renings, Vocalis, \u00e5rsfest ordnas vart femte \u00e5r, vilket betyder att n\u00e4sta \u00e5rsfest ordnas 2024, d\u00e5 vi firar att Vocalis fyller femton \u00e5r! D\u00e5 man f\u00f6r f\u00f6rsta &hellip; <a href=\"https:\/\/blogs2.abo.fi\/vocalis\/vocalis-xv-2\/vocalis-xv\/arsfestguide\/\">Forts\u00e4tt l\u00e4sa <span class=\"meta-nav\">&rarr;<\/span><\/a><\/p>\n","protected":false},"author":904,"featured_media":0,"parent":869,"menu_order":0,"comment_status":"closed","ping_status":"closed","template":"","meta":{"footnotes":""},"class_list":["post-912","page","type-page","status-publish","hentry"],"_links":{"self":[{"href":"https:\/\/blogs2.abo.fi\/vocalis\/wp-json\/wp\/v2\/pages\/912","targetHints":{"allow":["GET"]}}],"collection":[{"href":"https:\/\/blogs2.abo.fi\/vocalis\/wp-json\/wp\/v2\/pages"}],"about":[{"href":"https:\/\/blogs2.abo.fi\/vocalis\/wp-json\/wp\/v2\/types\/page"}],"author":[{"embeddable":true,"href":"https:\/\/blogs2.abo.fi\/vocalis\/wp-json\/wp\/v2\/users\/904"}],"replies":[{"embeddable":true,"href":"https:\/\/blogs2.abo.fi\/vocalis\/wp-json\/wp\/v2\/comments?post=912"}],"version-history":[{"count":5,"href":"https:\/\/blogs2.abo.fi\/vocalis\/wp-json\/wp\/v2\/pages\/912\/revisions"}],"predecessor-version":[{"id":927,"href":"https:\/\/blogs2.abo.fi\/vocalis\/wp-json\/wp\/v2\/pages\/912\/revisions\/927"}],"up":[{"embeddable":true,"href":"https:\/\/blogs2.abo.fi\/vocalis\/wp-json\/wp\/v2\/pages\/869"}],"wp:attachment":[{"href":"https:\/\/blogs2.abo.fi\/vocalis\/wp-json\/wp\/v2\/media?parent=912"}],"curies":[{"name":"wp","href":"https:\/\/api.w.org\/{rel}","templated":true}]}}