{"id":693,"date":"2022-01-04T12:51:17","date_gmt":"2022-01-04T10:51:17","guid":{"rendered":"https:\/\/blogs2.abo.fi\/vocalis\/?page_id=693"},"modified":"2022-01-04T12:51:17","modified_gmt":"2022-01-04T10:51:17","slug":"foreningens-stadgar","status":"publish","type":"page","link":"https:\/\/blogs2.abo.fi\/vocalis\/foreningens-stadgar\/","title":{"rendered":"F\u00f6reningens stadgar"},"content":{"rendered":"<h1>F\u00d6RENINGENS STADGAR<\/h1>\n<p>Namn: Vocalis vid \u00c5bo Akademi rf<\/p>\n<p>Hemort: \u00c5bo<\/p>\n<p>Adress: Fabriksgatan 2, 20500 \u00c5bo<\/p>\n<p>Registernummer: 201.479<\/p>\n<p>Antecknats i registret: 19.08.2009<\/p>\n<p>Denna kopia har givits: 16.02.2016<\/p>\n<h2>1 kap.<\/h2>\n<p>Allm\u00e4nna stadgar<\/p>\n<h3>1\u00a7<\/h3>\n<p>F\u00f6reningens namn \u00e4r Vocalis vis \u00c5bo Akademi. Dess hemort \u00e4r \u00c5bo. F\u00f6reningens spr\u00e5k \u00e4r svenska.<\/p>\n<h3>2\u00a7<\/h3>\n<p>F\u00f6reningen \u00e4r en \u00e4mnesf\u00f6rening inom \u00c5bo Akademis studentk\u00e5r. F\u00f6reningens syfte \u00e4r att verka som intresseorganisation f\u00f6r logopedistuderande vid \u00c5bo Akadmei och fr\u00e4mja sina medlemmars sammanh\u00e5llning.<\/p>\n<p>F\u00f6reningen fullf\u00f6ljer sitt syfte genom att arrangera m\u00f6ten av b\u00e5de bildande och s\u00e4llskaplig natur, vid behov ordna exkursioner, bedriva publikationsverksamhet, guln\u00e4bbsverksamhet, medverka i studentk\u00e5rens verksamhet genom initiativ och st\u00e4llningstaganden, samt samarbeta med andra studentf\u00f6reningar.<\/p>\n<h3>3\u00a7<\/h3>\n<p>F\u00f6reningens verksamhets\u00e5r \u00e4r ett kalender\u00e5r. P\u00e5 h\u00f6stm\u00f6tet som infaller inom tiden 1. november \u2013 15. december fastst\u00e4lls verksamhetsplanen och budgeten f\u00f6r f\u00f6ljande verksamhets\u00e5r.<\/p>\n<h2>2 kap.<\/h2>\n<p>Medlemmar<\/p>\n<h3>4\u00a7<\/h3>\n<p>F\u00f6reningens medlemmar \u00e4r ordinarie och st\u00f6dande medlemmar. Ordinarie medlem \u00e4r den som betalat medlemsavgiften, \u00e4r inskriven vid \u00c5bo Akademi och studerar enligt utbildningsprogrammet i logopedi. En ordinarie medlem har r\u00f6str\u00e4tt vid f\u00f6reningsm\u00f6ten.<\/p>\n<h3>5\u00a7<\/h3>\n<p>Personer som vill st\u00f6da f\u00f6reningens syfte och verksamhet kan ans\u00f6ka om att bli st\u00f6dande medlem genom att av styrelsen skriftligen anh\u00e5lla om medlemskap. Styrelsen fattar beslut om beviljande av medlemskap. En st\u00f6dande medlem saknar r\u00f6str\u00e4tt vid f\u00f6reningsm\u00f6ten.<\/p>\n<h3>6\u00a7<\/h3>\n<p>Alla medlemmar ska \u00e5rligen betala en p\u00e5 h\u00f6stm\u00f6tet fastst\u00e4lld medlemsagvift.<\/p>\n<h3>7\u00a7<\/h3>\n<p>Medlem i f\u00f6reningen \u00e4ger r\u00e4tt att n\u00e4r som helst genom skriftlig anm\u00e4lan hos styrelsen eller dess ordf\u00f6rande eller genom muntlig anm\u00e4lan till f\u00f6reningsm\u00f6tesprotokoll uttr\u00e4da ur f\u00f6reningen.<\/p>\n<h3>8\u00a7<\/h3>\n<p>Har en medlem underl\u00e5tit att fullg\u00f6ra sina f\u00f6rpliktelser gentemot f\u00f6reningen eller p\u00e5 ett betydelsefullt s\u00e4tt verkat mot f\u00f6reningens intressen kan f\u00f6reningen vid f\u00f6reningsm\u00f6te besluta om att utesluta medlemmen ur f\u00f6reningen.<\/p>\n<h2>3 kap.<\/h2>\n<p>M\u00f6ten<\/p>\n<h3>9\u00a7<\/h3>\n<p>F\u00f6reningens beslutander\u00e4tt ut\u00f6vas vid f\u00f6reningsm\u00f6te, d\u00e4r minst en tiondel (1\/10) av f\u00f6reningens medlemmar \u00e4r n\u00e4rvarande. F\u00f6reningen sammantr\u00e4der till h\u00f6stm\u00f6te inom tiden 1. november \u2013 15. december och v\u00e5rm\u00f6te inom tiden 1. februari \u2013 15. mars. Extra f\u00f6reningsm\u00f6te kan sammankallas vid behov eller om minst en tiondel (1\/10) av r\u00f6stber\u00e4ttigade medlemmar d\u00e4rom skriftligen anh\u00e5ller. M\u00f6tet b\u00f6r h\u00e5llas senast 30 dagar efter att detta krav framf\u00f6rts.<\/p>\n<h3>10\u00a7<\/h3>\n<p>Omr\u00f6stningarna avg\u00f6rs med enkel majoritet. Om r\u00f6sterna faller j\u00e4mnt avg\u00f6r ordf\u00f6randes r\u00f6st, vid personval avg\u00f6r emellertid lotten.<\/p>\n<h3>\u00a711<\/h3>\n<p>Styrelsen ska sammankalla till f\u00f6reningsm\u00f6te senast sju dagar f\u00f6re m\u00f6tet genom anslag p\u00e5 f\u00f6reningens anslagstavla och via e-post. Till kallellsen b\u00f6r f\u00f6redragningslista j\u00e4mte n\u00f6dv\u00e4ndiga handlingar bifogas.<\/p>\n<h3>12\u00a7<\/h3>\n<p>P\u00e5 h\u00f6stm\u00f6tet behandlas \u00e5tminstone f\u00f6ljande \u00e4renden<\/p>\n<p>&#8211; Val av ordf\u00f6rande f\u00f6r m\u00f6tet<br \/>\n&#8211; Val av sekreterare f\u00f6r m\u00f6tet<br \/>\n&#8211; Val av tv\u00e5 protokolljusterare samt tv\u00e5 r\u00f6str\u00e4knare f\u00f6r m\u00f6tet<br \/>\n<span style=\"font-size: 1rem\">&#8211; Val av en verksamhetsgranskare samt en suppleant f\u00f6r f\u00f6ljande verksamhets\u00e5r<br \/>\n<\/span>&#8211; Val av ordf\u00f6rande f\u00f6r f\u00f6ljande verksamhets\u00e5r<br \/>\n&#8211; Val av \u00f6vriga styrelsemedlemmar f\u00f6r f\u00f6ljande verksamhets\u00e5r<br \/>\n&#8211; Verksamhetsplanen f\u00f6r f\u00f6ljande verksamhets\u00e5r<br \/>\n&#8211; Budgeten f\u00f6r f\u00f6ljande verksamhets\u00e5r<br \/>\n&#8211; Medlemsavgift f\u00f6r f\u00f6ljande verksamhets\u00e5r<br \/>\n-\u00d6vriga \u00e4renden<\/p>\n<p>13\u00a7<\/p>\n<p>P\u00e5 v\u00e5rm\u00f6tet behandlas \u00e5tminstone f\u00f6ljande \u00e4renden<\/p>\n<p>&#8211; Val av ordf\u00f6rande f\u00f6r m\u00f6tet<br \/>\n&#8211; Val av sekreterare f\u00f6r m\u00f6tet<br \/>\n&#8211; Val av tv\u00e5 protokolljusterare samt tv\u00e5 r\u00f6str\u00e4knare f\u00f6r m\u00f6tet<br \/>\n&#8211; Uppl\u00e4sande och godk\u00e4nnande av verksamhetsber\u00e4ttelse f\u00f6r f\u00f6reg\u00e5ende verksamhets\u00e5r<br \/>\n&#8211; Uppl\u00e4sande och godk\u00e4nnande av bokslut och verksamhetsgranskningsber\u00e4ttelse \u00f6ver r\u00e4kenskaperna f\u00f6r f\u00f6reg\u00e5ende verksamhets\u00e5r<br \/>\n&#8211; Beviljande av ansvarsfrihet f\u00f6r avg\u00e5ngna styrelsen<br \/>\n&#8211; \u00d6vriga \u00e4renden<\/p>\n<h2>4 kap.<\/h2>\n<p>Styrelse<\/p>\n<h3>14\u00a7<\/h3>\n<p>F\u00f6reningens styrelse v\u00e4ljs bland f\u00f6reningens medlemmar f\u00f6r ett verksamhets\u00e5r i s\u00e4nder. Styrelsen bets\u00e5r av f\u00f6reningens ordf\u00f6rande, viceordf\u00f6rande, skattm\u00e4stare och sekreterare. D\u00e4rtill kan noll till fyra (0-4) styrelsemedlemmar v\u00e4ljas. Styrelsen \u00e4r beslutsf\u00f6rd d\u00e5 ordf\u00f6rande eller vice ordf\u00f6rande samt minst h\u00e4lften av de \u00f6vriga styrelsemedlemmarna \u00e4r n\u00e4rvarande.<\/p>\n<h3>15\u00a7<\/h3>\n<p>Styrelsen sammantr\u00e4der p\u00e5 kallelse av ordf\u00f6rande eller d\u00e5 han\/hon har f\u00f6rhinder p\u00e5 kallelse av vice ordf\u00f6rande, d\u00e5 de anser att det beh\u00f6vs eller minst h\u00e4lften av styrelsemedlemmarna s\u00e5 kr\u00e4ver.<\/p>\n<p>Omr\u00f6stningarna avg\u00f6rs med enkel majoritet. Om r\u00f6sterna faller j\u00e4mnt avg\u00f6r ordf\u00f6randes r\u00f6st, vid personval avg\u00f6r emellertid lotten.<\/p>\n<h3>16\u00a7<\/h3>\n<p>Avg\u00e5r en medlem av styrelsen under p\u00e5g\u00e5ende verksamhets\u00e5r kan f\u00f6reningen i dennes st\u00e4lle v\u00e4lja en annan f\u00f6r \u00e5terst\u00e5ende tid.<\/p>\n<h3>17\u00a7<\/h3>\n<p>F\u00f6reningens namn tecknas av ordf\u00f6rande ensam eller av vice ordf\u00f6rande j\u00e4mte en annan medlem av styrelsen.<\/p>\n<h3>18\u00a7<\/h3>\n<p>Styrelsen kan vid behov tills\u00e4tta \u00f6vriga arbetsutskott.<\/p>\n<h2>5 kap.<\/h2>\n<p>Verksamhetsgranskning<\/p>\n<h3>20\u00a7<\/h3>\n<p>F\u00f6reningens r\u00e4kenskapsperiod \u00e4r ett kalender\u00e5r.<\/p>\n<h3>21\u00a7<\/h3>\n<p>F\u00f6reningens r\u00e4kenskaper och f\u00f6rvaltning granskas av verksamhetsgranskaren s\u00e5 snart bokslutet uppgjorts, dock senast tre veckor f\u00f6re v\u00e5rm\u00f6tet. Verksamhetgranskaren ska ge sitt utl\u00e5tande skriftligen till styrelsen senast en vecka innan v\u00e5rm\u00f6tet.<\/p>\n<h2>6 kap.<\/h2>\n<p>\u00d6vriga stadganden<\/p>\n<h3>22\u00a7<\/h3>\n<p>F\u00f6reningen kan motta arv i form av egendom och kapital testamenterade till f\u00f6reningen. Dessutom kan f\u00f6reningen \u00e4ga och f\u00f6rvalta l\u00f6s och fast egendom.<span class=\"Apple-converted-space\">\u00a0<\/span><\/p>\n<h3>23\u00a7<\/h3>\n<p>Beslut om upptagande av l\u00e5n i f\u00f6reningens namn fattas av ett f\u00f6reningsm\u00f6te med tre fj\u00e4rdedelars (3\/4) majoritet av de n\u00e4rvarande medlemmarna.<\/p>\n<h3>24\u00a7<\/h3>\n<p>Beslut om \u00e4ndring av f\u00f6reningens stagdor b\u00f6r fattas av tv\u00e5 p\u00e5 varandra f\u00f6ljande f\u00f6reningsm\u00f6ten med tre fj\u00e4rdedelars (3\/4) majoritet av de n\u00e4rvarande medlemmarna. Stadge\u00e4ndringen tr\u00e4der i kraft s\u00e5 snart den blivit inf\u00f6rd i f\u00f6reningsregistret.<\/p>\n<h3>25\u00a7<\/h3>\n<p>Beslut om uppl\u00f6sning av f\u00f6reningen fattas av tv\u00e5 p\u00e5 varandra f\u00f6ljande f\u00f6reningsm\u00f6ten med tre fj\u00e4rdedelars (3\/4) majoritet av de n\u00e4rvarande medlemmarna. Vid f\u00f6reningens uppl\u00f6sning tillfaller dess egendom och tillgodohavanden \u00c5bo Akademis Studentk\u00e5r.<\/p>\n<h3>26\u00a7<\/h3>\n<p>Dessa stadgar tr\u00e4der i kraft omedelbart efter att de inf\u00f6rts i f\u00f6reningsregistret.<\/p>\n","protected":false},"excerpt":{"rendered":"<p>F\u00d6RENINGENS STADGAR Namn: Vocalis vid \u00c5bo Akademi rf Hemort: \u00c5bo Adress: Fabriksgatan 2, 20500 \u00c5bo Registernummer: 201.479 Antecknats i registret: 19.08.2009 Denna kopia har givits: 16.02.2016 1 kap. Allm\u00e4nna stadgar 1\u00a7 F\u00f6reningens namn \u00e4r Vocalis vis \u00c5bo Akademi. Dess hemort &hellip; <a href=\"https:\/\/blogs2.abo.fi\/vocalis\/foreningens-stadgar\/\">Forts\u00e4tt l\u00e4sa <span class=\"meta-nav\">&rarr;<\/span><\/a><\/p>\n","protected":false},"author":465,"featured_media":0,"parent":0,"menu_order":0,"comment_status":"closed","ping_status":"closed","template":"","meta":{"footnotes":""},"class_list":["post-693","page","type-page","status-publish","hentry"],"_links":{"self":[{"href":"https:\/\/blogs2.abo.fi\/vocalis\/wp-json\/wp\/v2\/pages\/693","targetHints":{"allow":["GET"]}}],"collection":[{"href":"https:\/\/blogs2.abo.fi\/vocalis\/wp-json\/wp\/v2\/pages"}],"about":[{"href":"https:\/\/blogs2.abo.fi\/vocalis\/wp-json\/wp\/v2\/types\/page"}],"author":[{"embeddable":true,"href":"https:\/\/blogs2.abo.fi\/vocalis\/wp-json\/wp\/v2\/users\/465"}],"replies":[{"embeddable":true,"href":"https:\/\/blogs2.abo.fi\/vocalis\/wp-json\/wp\/v2\/comments?post=693"}],"version-history":[{"count":1,"href":"https:\/\/blogs2.abo.fi\/vocalis\/wp-json\/wp\/v2\/pages\/693\/revisions"}],"predecessor-version":[{"id":694,"href":"https:\/\/blogs2.abo.fi\/vocalis\/wp-json\/wp\/v2\/pages\/693\/revisions\/694"}],"wp:attachment":[{"href":"https:\/\/blogs2.abo.fi\/vocalis\/wp-json\/wp\/v2\/media?parent=693"}],"curies":[{"name":"wp","href":"https:\/\/api.w.org\/{rel}","templated":true}]}}