{"id":673,"date":"2022-01-04T11:57:00","date_gmt":"2022-01-04T09:57:00","guid":{"rendered":"https:\/\/blogs2.abo.fi\/vocalis\/?page_id=673"},"modified":"2022-10-12T18:10:49","modified_gmt":"2022-10-12T16:10:49","slug":"dataskyddsbeskrivning","status":"publish","type":"page","link":"https:\/\/blogs2.abo.fi\/vocalis\/dataskyddsbeskrivning\/","title":{"rendered":"Dataskyddsbeskrivning"},"content":{"rendered":"<h1>Dataskyddsbeskrivning<\/h1>\n<p><strong>Registrets namn<\/strong><\/p>\n<p>Vocalis vid \u00c5bo Akademi ry:s medlemsf\u00f6rteckning<\/p>\n<p><strong>Registeransvarig<\/strong><\/p>\n<p>Namn: Vocalis vid \u00c5bo Akademi rf.<br \/>\nAddress: Fabriksgatan 2, 20500, \u00c5bo<br \/>\nE-post: vocalis2abo.fi<\/p>\n<p>&nbsp;<\/p>\n<p class=\"ingress\"><strong>Kontaktperson i \u00e4renden som g\u00e4ller registret<\/strong><\/p>\n<div>F\u00f6reningens ordf\u00f6rande samt skattm\u00e4stare. N\u00e5s t.ex. via f\u00f6reningens e-post.<\/p>\n<p><strong>Syftet med behandlingen av personuppgifter<\/strong><\/div>\n<div><\/div>\n<div>\n<p>Medlemsf\u00f6rteckning av f\u00f6reningens medlemmar enligt\u00a0\u00a711 i F\u00f6reningslagen.<\/p>\n<p><strong style=\"font-size: 1rem\">Registrets datainneh\u00e5ll<\/strong><\/p>\n<\/div>\n<div>I registret registreras medlemmens fullst\u00e4ndiga namn, hemort, \u00e5ret som medlemmen varit med i f\u00f6reningen samt medlemmens sj\u00e4lv angivna e-post.<\/p>\n<p><strong style=\"font-size: 1rem\">Normala datak\u00e4llor<\/strong><\/div>\n<div><\/div>\n<div>\n<div>Uppgifterna ges av medlemmarna sj\u00e4lv via en anm\u00e4lningsblankett vid registrering av medlemskap i f\u00f6reningen.<\/p>\n<p><strong style=\"font-size: 1rem\">\u00d6verf\u00f6ring och utl\u00e4mnande av uppgifter, mottagare av uppgifter<\/strong><\/div>\n<div><\/div>\n<\/div>\n<p>F\u00f6reningens medlemmar ska p\u00e5 beg\u00e4ran ges tillf\u00e4lle att ta del av de uppgifter som n\u00e4mns i 1\u00a0mom. En medlem som visar att hans eller hennes f\u00f6rdel som f\u00f6reningsmedlem kr\u00e4ver det har r\u00e4tt att se ocks\u00e5 andra uppgifter som antecknats i f\u00f6rteckningen. Uppgifterna delges vid behov till f\u00f6reningens styrelsemedlemmar f\u00f6r att dessa skall kunna utf\u00f6ra sina uppgifter.<\/p>\n<p>Uppgifter utl\u00e4mnas i regel inte till tredje parter. \u00a0Uppgifter kan utl\u00e4mnas till t.ex. polisen med st\u00f6d av lagen.<\/p>\n<p><strong>\u00d6verf\u00f6ring av uppgifter utanf\u00f6r EU eller EES<\/strong><\/p>\n<p class=\"ingress\">Personuppgifter l\u00e4mnas inte ut utanf\u00f6r EU\/EES-omr\u00e5det.<\/p>\n<p><strong>Principerna f\u00f6r skyddet av registret<\/strong><\/p>\n<p>Uppgifterna sparas i ett dokument p\u00e5 Vocalis vid \u00c5bo Akademis elektroniska \u00c5bo Akademi-hemomr\u00e5de, p\u00e5 universitets datorer. \u00a0Endast styrelsens ordf\u00f6rande och skattm\u00e4stare har tillg\u00e5ng till uppgifterna och de \u00e4r skyddade med l\u00f6senord.<\/p>\n<p><strong style=\"font-size: 1rem\">Granskningsr\u00e4tt<\/strong><\/p>\n<div>\n<p>Den registrerade har r\u00e4tt att be de personuppgiftsansvariga om \u00e5tkomst till sina personuppgifter, dvs. granska de uppgifter om den registrerade som lagrats i Vocalis vid \u00c5bo Akademis medlemsf\u00f6rteckning. Beg\u00e4ran ska skickas in skriftligt till f\u00f6reningens e-post.<\/p>\n<p><strong>R\u00e4tt att yrka p\u00e5 \u00e4ndring av uppgift<\/strong><\/p>\n<p>Den registrerade har r\u00e4tt att kr\u00e4va \u00e4ndring eller avl\u00e4gsning av uppgifter som Vocalis vid \u00c5bo Akademi har lagrat om den registrerade. Beg\u00e4ran ska skickas in skriftligt till f\u00f6reningens e-post. \u00a0Den registrerade ska i sin yrkan identifiera och motivera vilka uppgifter som ska \u00e4ndras och vilka den registrerade anser de korrekta uppgifterna vara samt p\u00e5 vilket s\u00e4tt \u00e4ndringen ombeds ske.<\/p>\n<p><strong>De registrerades besv\u00e4rsr\u00e4tt hos tillsynsmyndigheten<\/strong><\/p>\n<p>De registrerade har r\u00e4tt att besv\u00e4ra sig hos tillsynsmyndigheten ang\u00e5ende behandlingen av personuppgifter. Ett besv\u00e4r ska anf\u00f6ras hos tillsynsmyndigheten:<\/p>\n<p>Dataombudsmannens byr\u00e5, PB 800, 00521 Helsingfors<br \/>\nE-post: tietosuoja(at)om.fi<\/p>\n<p>Mera om dataskyddslagen finns att tillg\u00e5 p\u00e5 sidan https:\/\/www.finlex.fi\/sv\/laki\/ajantasa\/2018\/20181050<\/p>\n<\/div>\n","protected":false},"excerpt":{"rendered":"<p>Dataskyddsbeskrivning Registrets namn Vocalis vid \u00c5bo Akademi ry:s medlemsf\u00f6rteckning Registeransvarig Namn: Vocalis vid \u00c5bo Akademi rf. Address: Fabriksgatan 2, 20500, \u00c5bo E-post: vocalis2abo.fi &nbsp; Kontaktperson i \u00e4renden som g\u00e4ller registret F\u00f6reningens ordf\u00f6rande samt skattm\u00e4stare. N\u00e5s t.ex. via f\u00f6reningens e-post. Syftet &hellip; <a href=\"https:\/\/blogs2.abo.fi\/vocalis\/dataskyddsbeskrivning\/\">Forts\u00e4tt l\u00e4sa <span class=\"meta-nav\">&rarr;<\/span><\/a><\/p>\n","protected":false},"author":465,"featured_media":0,"parent":0,"menu_order":0,"comment_status":"closed","ping_status":"closed","template":"","meta":{"footnotes":""},"class_list":["post-673","page","type-page","status-publish","hentry"],"_links":{"self":[{"href":"https:\/\/blogs2.abo.fi\/vocalis\/wp-json\/wp\/v2\/pages\/673","targetHints":{"allow":["GET"]}}],"collection":[{"href":"https:\/\/blogs2.abo.fi\/vocalis\/wp-json\/wp\/v2\/pages"}],"about":[{"href":"https:\/\/blogs2.abo.fi\/vocalis\/wp-json\/wp\/v2\/types\/page"}],"author":[{"embeddable":true,"href":"https:\/\/blogs2.abo.fi\/vocalis\/wp-json\/wp\/v2\/users\/465"}],"replies":[{"embeddable":true,"href":"https:\/\/blogs2.abo.fi\/vocalis\/wp-json\/wp\/v2\/comments?post=673"}],"version-history":[{"count":4,"href":"https:\/\/blogs2.abo.fi\/vocalis\/wp-json\/wp\/v2\/pages\/673\/revisions"}],"predecessor-version":[{"id":713,"href":"https:\/\/blogs2.abo.fi\/vocalis\/wp-json\/wp\/v2\/pages\/673\/revisions\/713"}],"wp:attachment":[{"href":"https:\/\/blogs2.abo.fi\/vocalis\/wp-json\/wp\/v2\/media?parent=673"}],"curies":[{"name":"wp","href":"https:\/\/api.w.org\/{rel}","templated":true}]}}