{"id":608,"date":"2021-04-19T19:03:12","date_gmt":"2021-04-19T17:03:12","guid":{"rendered":"https:\/\/blogs2.abo.fi\/vocalis\/?page_id=608"},"modified":"2023-05-17T14:33:56","modified_gmt":"2023-05-17T12:33:56","slug":"halarmarken","status":"publish","type":"page","link":"https:\/\/blogs2.abo.fi\/vocalis\/material\/halarmarken\/","title":{"rendered":"Halarm\u00e4rken"},"content":{"rendered":"<p>Om du vill k\u00f6pa halarm\u00e4rken kan du kontakta styrelsen p\u00e5 vocalis@abo.fi, Instagram eller Facebook!<\/p>\n<p>Pris:<br \/>\nEtt m\u00e4rke 3\u20ac<br \/>\nTv\u00e5 m\u00e4rken f\u00f6r 5\u20ac<\/p>\n<p><em>May the speech be with you &#8211; 3\u20ac<\/em><\/p>\n<p><img loading=\"lazy\" decoding=\"async\" class=\"alignnone size-medium wp-image-612\" src=\"http:\/\/blogs2.abo.fi\/vocalis\/wp-content\/uploads\/sites\/59\/2021\/04\/IMG_20210419_092904-300x262.jpg\" alt=\"\" width=\"300\" height=\"262\" srcset=\"https:\/\/blogs2.abo.fi\/vocalis\/wp-content\/uploads\/sites\/59\/2021\/04\/IMG_20210419_092904-300x262.jpg 300w, https:\/\/blogs2.abo.fi\/vocalis\/wp-content\/uploads\/sites\/59\/2021\/04\/IMG_20210419_092904-1024x895.jpg 1024w, https:\/\/blogs2.abo.fi\/vocalis\/wp-content\/uploads\/sites\/59\/2021\/04\/IMG_20210419_092904-768x671.jpg 768w, https:\/\/blogs2.abo.fi\/vocalis\/wp-content\/uploads\/sites\/59\/2021\/04\/IMG_20210419_092904-1536x1343.jpg 1536w, https:\/\/blogs2.abo.fi\/vocalis\/wp-content\/uploads\/sites\/59\/2021\/04\/IMG_20210419_092904-2048x1791.jpg 2048w\" sizes=\"auto, (max-width: 300px) 100vw, 300px\" \/><\/p>\n<p>&nbsp;<\/p>\n<p><em>Speechless monkey &#8211; 3\u20ac<\/em><\/p>\n<p><img loading=\"lazy\" decoding=\"async\" class=\"alignnone size-medium wp-image-609\" src=\"http:\/\/blogs2.abo.fi\/vocalis\/wp-content\/uploads\/sites\/59\/2021\/04\/IMG_20210419_092855-300x291.jpg\" alt=\"\" width=\"300\" height=\"291\" srcset=\"https:\/\/blogs2.abo.fi\/vocalis\/wp-content\/uploads\/sites\/59\/2021\/04\/IMG_20210419_092855-300x291.jpg 300w, https:\/\/blogs2.abo.fi\/vocalis\/wp-content\/uploads\/sites\/59\/2021\/04\/IMG_20210419_092855-1024x992.jpg 1024w, https:\/\/blogs2.abo.fi\/vocalis\/wp-content\/uploads\/sites\/59\/2021\/04\/IMG_20210419_092855-768x744.jpg 768w, https:\/\/blogs2.abo.fi\/vocalis\/wp-content\/uploads\/sites\/59\/2021\/04\/IMG_20210419_092855-1536x1488.jpg 1536w, https:\/\/blogs2.abo.fi\/vocalis\/wp-content\/uploads\/sites\/59\/2021\/04\/IMG_20210419_092855-2048x1984.jpg 2048w\" sizes=\"auto, (max-width: 300px) 100vw, 300px\" \/><\/p>\n<p>&nbsp;<\/p>\n<p><em>Keep talking &#8211; 3 \u20ac<\/em><\/p>\n<p><img loading=\"lazy\" decoding=\"async\" class=\"alignnone size-medium wp-image-610\" src=\"http:\/\/blogs2.abo.fi\/vocalis\/wp-content\/uploads\/sites\/59\/2021\/04\/IMG_20210419_092900-249x300.jpg\" alt=\"\" width=\"249\" height=\"300\" srcset=\"https:\/\/blogs2.abo.fi\/vocalis\/wp-content\/uploads\/sites\/59\/2021\/04\/IMG_20210419_092900-249x300.jpg 249w, https:\/\/blogs2.abo.fi\/vocalis\/wp-content\/uploads\/sites\/59\/2021\/04\/IMG_20210419_092900-849x1024.jpg 849w, https:\/\/blogs2.abo.fi\/vocalis\/wp-content\/uploads\/sites\/59\/2021\/04\/IMG_20210419_092900-768x926.jpg 768w, https:\/\/blogs2.abo.fi\/vocalis\/wp-content\/uploads\/sites\/59\/2021\/04\/IMG_20210419_092900-1274x1536.jpg 1274w, https:\/\/blogs2.abo.fi\/vocalis\/wp-content\/uploads\/sites\/59\/2021\/04\/IMG_20210419_092900-1699x2048.jpg 1699w\" sizes=\"auto, (max-width: 249px) 100vw, 249px\" \/><\/p>\n<p>&nbsp;<\/p>\n<p><em>Munmotorik Simba &#8211; 3 \u20ac<\/em><\/p>\n<p><img loading=\"lazy\" decoding=\"async\" class=\"alignnone size-medium wp-image-611\" src=\"http:\/\/blogs2.abo.fi\/vocalis\/wp-content\/uploads\/sites\/59\/2021\/04\/IMG_20210419_092908-300x292.jpg\" alt=\"\" width=\"300\" height=\"292\" srcset=\"https:\/\/blogs2.abo.fi\/vocalis\/wp-content\/uploads\/sites\/59\/2021\/04\/IMG_20210419_092908-300x292.jpg 300w, https:\/\/blogs2.abo.fi\/vocalis\/wp-content\/uploads\/sites\/59\/2021\/04\/IMG_20210419_092908-1024x996.jpg 1024w, https:\/\/blogs2.abo.fi\/vocalis\/wp-content\/uploads\/sites\/59\/2021\/04\/IMG_20210419_092908-768x747.jpg 768w, https:\/\/blogs2.abo.fi\/vocalis\/wp-content\/uploads\/sites\/59\/2021\/04\/IMG_20210419_092908-1536x1493.jpg 1536w, https:\/\/blogs2.abo.fi\/vocalis\/wp-content\/uploads\/sites\/59\/2021\/04\/IMG_20210419_092908-2048x1991.jpg 2048w\" sizes=\"auto, (max-width: 300px) 100vw, 300px\" \/><\/p>\n<p>&nbsp;<\/p>\n<p><em>Vocalis logo &#8211; 3\u20ac<\/em><\/p>\n<p><img loading=\"lazy\" decoding=\"async\" class=\"alignnone size-medium wp-image-613\" src=\"http:\/\/blogs2.abo.fi\/vocalis\/wp-content\/uploads\/sites\/59\/2021\/04\/IMG_20210419_092912-298x300.jpg\" alt=\"\" width=\"298\" height=\"300\" srcset=\"https:\/\/blogs2.abo.fi\/vocalis\/wp-content\/uploads\/sites\/59\/2021\/04\/IMG_20210419_092912-298x300.jpg 298w, https:\/\/blogs2.abo.fi\/vocalis\/wp-content\/uploads\/sites\/59\/2021\/04\/IMG_20210419_092912-1017x1024.jpg 1017w, https:\/\/blogs2.abo.fi\/vocalis\/wp-content\/uploads\/sites\/59\/2021\/04\/IMG_20210419_092912-150x150.jpg 150w, https:\/\/blogs2.abo.fi\/vocalis\/wp-content\/uploads\/sites\/59\/2021\/04\/IMG_20210419_092912-768x773.jpg 768w, https:\/\/blogs2.abo.fi\/vocalis\/wp-content\/uploads\/sites\/59\/2021\/04\/IMG_20210419_092912-1526x1536.jpg 1526w, https:\/\/blogs2.abo.fi\/vocalis\/wp-content\/uploads\/sites\/59\/2021\/04\/IMG_20210419_092912-2035x2048.jpg 2035w, https:\/\/blogs2.abo.fi\/vocalis\/wp-content\/uploads\/sites\/59\/2021\/04\/IMG_20210419_092912-100x100.jpg 100w\" sizes=\"auto, (max-width: 298px) 100vw, 298px\" \/><\/p>\n<p>&nbsp;<\/p>\n<p><em>Let&#8217;s taco about it &#8211; 3\u20ac<\/em><\/p>\n<p><img loading=\"lazy\" decoding=\"async\" class=\"alignnone size-medium wp-image-614\" src=\"http:\/\/blogs2.abo.fi\/vocalis\/wp-content\/uploads\/sites\/59\/2021\/04\/IMG_20210419_092920-297x300.jpg\" alt=\"\" width=\"297\" height=\"300\" srcset=\"https:\/\/blogs2.abo.fi\/vocalis\/wp-content\/uploads\/sites\/59\/2021\/04\/IMG_20210419_092920-297x300.jpg 297w, https:\/\/blogs2.abo.fi\/vocalis\/wp-content\/uploads\/sites\/59\/2021\/04\/IMG_20210419_092920-1015x1024.jpg 1015w, https:\/\/blogs2.abo.fi\/vocalis\/wp-content\/uploads\/sites\/59\/2021\/04\/IMG_20210419_092920-768x775.jpg 768w, https:\/\/blogs2.abo.fi\/vocalis\/wp-content\/uploads\/sites\/59\/2021\/04\/IMG_20210419_092920-1523x1536.jpg 1523w, https:\/\/blogs2.abo.fi\/vocalis\/wp-content\/uploads\/sites\/59\/2021\/04\/IMG_20210419_092920-2030x2048.jpg 2030w, https:\/\/blogs2.abo.fi\/vocalis\/wp-content\/uploads\/sites\/59\/2021\/04\/IMG_20210419_092920-100x100.jpg 100w\" sizes=\"auto, (max-width: 297px) 100vw, 297px\" \/><\/p>\n","protected":false},"excerpt":{"rendered":"<p>Om du vill k\u00f6pa halarm\u00e4rken kan du kontakta styrelsen p\u00e5 vocalis@abo.fi, Instagram eller Facebook! Pris: Ett m\u00e4rke 3\u20ac Tv\u00e5 m\u00e4rken f\u00f6r 5\u20ac May the speech be with you &#8211; 3\u20ac &nbsp; Speechless monkey &#8211; 3\u20ac &nbsp; Keep talking &#8211; 3 &hellip; <a href=\"https:\/\/blogs2.abo.fi\/vocalis\/material\/halarmarken\/\">Forts\u00e4tt l\u00e4sa <span class=\"meta-nav\">&rarr;<\/span><\/a><\/p>\n","protected":false},"author":465,"featured_media":0,"parent":343,"menu_order":0,"comment_status":"closed","ping_status":"closed","template":"","meta":{"footnotes":""},"class_list":["post-608","page","type-page","status-publish","hentry"],"_links":{"self":[{"href":"https:\/\/blogs2.abo.fi\/vocalis\/wp-json\/wp\/v2\/pages\/608","targetHints":{"allow":["GET"]}}],"collection":[{"href":"https:\/\/blogs2.abo.fi\/vocalis\/wp-json\/wp\/v2\/pages"}],"about":[{"href":"https:\/\/blogs2.abo.fi\/vocalis\/wp-json\/wp\/v2\/types\/page"}],"author":[{"embeddable":true,"href":"https:\/\/blogs2.abo.fi\/vocalis\/wp-json\/wp\/v2\/users\/465"}],"replies":[{"embeddable":true,"href":"https:\/\/blogs2.abo.fi\/vocalis\/wp-json\/wp\/v2\/comments?post=608"}],"version-history":[{"count":4,"href":"https:\/\/blogs2.abo.fi\/vocalis\/wp-json\/wp\/v2\/pages\/608\/revisions"}],"predecessor-version":[{"id":809,"href":"https:\/\/blogs2.abo.fi\/vocalis\/wp-json\/wp\/v2\/pages\/608\/revisions\/809"}],"up":[{"embeddable":true,"href":"https:\/\/blogs2.abo.fi\/vocalis\/wp-json\/wp\/v2\/pages\/343"}],"wp:attachment":[{"href":"https:\/\/blogs2.abo.fi\/vocalis\/wp-json\/wp\/v2\/media?parent=608"}],"curies":[{"name":"wp","href":"https:\/\/api.w.org\/{rel}","templated":true}]}}