{"id":581,"date":"2021-03-18T09:34:20","date_gmt":"2021-03-18T07:34:20","guid":{"rendered":"http:\/\/blogs2.abo.fi\/vocalis\/?page_id=581"},"modified":"2023-04-19T10:42:05","modified_gmt":"2023-04-19T08:42:05","slug":"talterapeuter-berattar","status":"publish","type":"page","link":"https:\/\/blogs2.abo.fi\/vocalis\/sok-till-logopedin\/talterapeuter-berattar\/","title":{"rendered":"Talterapeuter ber\u00e4ttar"},"content":{"rendered":"<p>&nbsp;<\/p>\n<p><img loading=\"lazy\" decoding=\"async\" class=\"alignnone size-medium wp-image-582\" src=\"http:\/\/blogs2.abo.fi\/vocalis\/wp-content\/uploads\/sites\/59\/2021\/03\/161730880_364481741314996_9136329715929704939_n-300x225.jpg\" alt=\"\" width=\"300\" height=\"225\" srcset=\"https:\/\/blogs2.abo.fi\/vocalis\/wp-content\/uploads\/sites\/59\/2021\/03\/161730880_364481741314996_9136329715929704939_n-300x225.jpg 300w, https:\/\/blogs2.abo.fi\/vocalis\/wp-content\/uploads\/sites\/59\/2021\/03\/161730880_364481741314996_9136329715929704939_n-1024x768.jpg 1024w, https:\/\/blogs2.abo.fi\/vocalis\/wp-content\/uploads\/sites\/59\/2021\/03\/161730880_364481741314996_9136329715929704939_n-768x576.jpg 768w, https:\/\/blogs2.abo.fi\/vocalis\/wp-content\/uploads\/sites\/59\/2021\/03\/161730880_364481741314996_9136329715929704939_n-1536x1152.jpg 1536w, https:\/\/blogs2.abo.fi\/vocalis\/wp-content\/uploads\/sites\/59\/2021\/03\/161730880_364481741314996_9136329715929704939_n.jpg 2040w\" sizes=\"auto, (max-width: 300px) 100vw, 300px\" \/><\/p>\n<p><strong>Anna Englund <\/strong><\/p>\n<p><strong>Vilken \u00c5A logo\u00e5rskurs h\u00f6r du till? <\/strong>Logo11<\/p>\n<p><strong>Vad g\u00f6r du just nu? <\/strong>Jag har precis b\u00f6rjat som terapeut p\u00e5 \u00c4\u00e4nneloikka Ab, efter att i m\u00e5nga \u00e5r ha jobbat med hj\u00e4lpmedelsutv\u00e4rderingar p\u00e5 HUS. I mitt nuvarande jobb har jag terapi med klienter via Kela, olika kommuner och HUS. Jag k\u00f6r ganska mycket runt f\u00f6r att tr\u00e4ffa klienterna p\u00e5 deras skolor och daghem (och ibland ocks\u00e5 hemma), men en del av terapierna genomf\u00f6rs ocks\u00e5 p\u00e5 distans.<\/p>\n<p><strong>Ber\u00e4tta om ditt arbete! <\/strong>P\u00e5 \u00c4\u00e4nneloikka fokuserar man mycket p\u00e5 digitala l\u00f6sningar, och det har jag tyckt att \u00e4r intressant. De flesta av mina klienter har antingen f\u00f6rsenad spr\u00e5kutveckling eller en kommunikativ funktionsneds\u00e4ttning.<\/p>\n<p><strong>Har yrket varit annorlunda \u00e4n du f\u00f6rv\u00e4ntat dig? <\/strong>Det som kom som en \u00f6verraskning d\u00e5 jag kom ut i arbetslivet var hor de olika klientgrupperna f\u00f6rdelas, s\u00e4rskilt hos de som f\u00e5r talterapi via FPA. M\u00e5nga av klienterna har funktionsneds\u00e4ttningar eller autismspektrumst\u00f6rningar, och det var saker som jag upplevde att vi inte pratade s\u00e5 mycket om under utbildningen. Jag t\u00e4nker ocks\u00e5 att det skulle ha varit bra att diskutera mera om hur man egentligen beviljas talterapi och t.ex. hur FPA fungerar, f\u00f6r det kan verkligen k\u00e4nnas som en byrokratisk djungel ibland.<\/p>\n<p><strong>Vad tyckte du om f\u00f6reningslivet d\u00e5 du studerade? <\/strong>F\u00f6reningslivet var en viktig del av mina studier. Jag satt med i Vocalis styrelse, och var ocks\u00e5 aktiv som studentrepresentant. Jag upplevde att det var ett fint s\u00e4tt att knyta kontakter, och \u00e4nnu idag har jag t\u00e4t kontakt med m\u00e5nga av mina studiekompisar.<\/p>\n<p><strong>N\u00e5got annat intressant du vill ber\u00e4tta! <\/strong>Jag sitter i Svenska talterapeuter i Finlands styrelse just nu, och t\u00e4nker att det \u00e4r lite som n\u00e4sta steg efter Vocalis. Kom ih\u00e5g att studerandemedlemskapet \u00e4r gratis, och att man j\u00e4tteg\u00e4rna f\u00e5r komma med f\u00f6r att st\u00e4lla fr\u00e5gor, tr\u00e4ffa andra talterapeuter eller bara f\u00f6lja med vad som h\u00e4nder i branschen!<\/p>\n<p>&nbsp;<\/p>\n<p><img loading=\"lazy\" decoding=\"async\" class=\"alignnone size-medium wp-image-626\" src=\"http:\/\/blogs2.abo.fi\/vocalis\/wp-content\/uploads\/sites\/59\/2021\/09\/Mirjam-foto-vocalis-2021-212x300.jpeg\" alt=\"\" width=\"212\" height=\"300\" srcset=\"https:\/\/blogs2.abo.fi\/vocalis\/wp-content\/uploads\/sites\/59\/2021\/09\/Mirjam-foto-vocalis-2021-212x300.jpeg 212w, https:\/\/blogs2.abo.fi\/vocalis\/wp-content\/uploads\/sites\/59\/2021\/09\/Mirjam-foto-vocalis-2021-724x1024.jpeg 724w, https:\/\/blogs2.abo.fi\/vocalis\/wp-content\/uploads\/sites\/59\/2021\/09\/Mirjam-foto-vocalis-2021-768x1086.jpeg 768w, https:\/\/blogs2.abo.fi\/vocalis\/wp-content\/uploads\/sites\/59\/2021\/09\/Mirjam-foto-vocalis-2021-1087x1536.jpeg 1087w, https:\/\/blogs2.abo.fi\/vocalis\/wp-content\/uploads\/sites\/59\/2021\/09\/Mirjam-foto-vocalis-2021.jpeg 1173w\" sizes=\"auto, (max-width: 212px) 100vw, 212px\" \/><\/p>\n<p><strong>Mirjam Forsb\u00e4ck<\/strong><\/p>\n<p><strong>Vilken \u00c5A logo\u00e5rskurs h\u00f6r du till? <\/strong>Logo09<\/p>\n<p><strong>Vad g\u00f6r du just nu? <\/strong>Det h\u00e4r \u00e5ret har jag fr\u00e4mst varit f\u00f6r\u00e4ldraledig, men ocks\u00e5 undervisat vid logopedin vid \u00c5A inom Alternativ och Kompletterande Kommunikation (AKK). Till vardags arbetar jag som talterapeut vid Tutoris, d\u00e4r jag ger talterapi till b\u00e5de barn och vuxna i deras vardagsmilj\u00f6er i \u00c5bo med omnejd.<\/p>\n<p><strong>Hur ser en typisk arbetsvecka ut f\u00f6r dig? <\/strong>P\u00e5 m\u00e5ndagar har jag kontorsjobb d\u00e5 jag tr\u00e4ffar mina kolleger, planerar terapier och skriver talterapirapporter. Ibland har jag ocks\u00e5 terapier p\u00e5 mottagningen, men \u00f6vriga dagar k\u00f6r jag fr\u00e4mst runt till klienter och har talterapi med dem p\u00e5 daghem, i skolor eller i deras hem. Samtidigt handleder jag f\u00f6r\u00e4ldrar, personal och l\u00e4rare i hur de kan st\u00f6da klientens kommunikation i vardagen. Samarbetet med klienternas n\u00e4rmilj\u00f6 \u00e4r en viktig och sp\u00e4nnande del av mitt arbete.<\/p>\n<p><strong>Favoritklientgrupp att arbeta med? <\/strong>Jag tycker att det speciellt sp\u00e4nnande att arbeta med klienter som har ganska omfattande kommunikativa sv\u00e5righeter, t.ex. grava spr\u00e5kliga sv\u00e5righeter eller autismspektrumst\u00f6rning, d\u00e4r alternativa och kompletterande kommunikationsmetoder (AKK \u2013 t.ex. bildst\u00f6d, tecken som st\u00f6d, kommunikationshj\u00e4lpmedel) \u00e4r en aktiv del av (re)habiliteringen. H\u00e4r \u00e4r ocks\u00e5 samarbetet med andra yrkesgrupper, t.ex. ergoterapeuter, ofta v\u00e4ldigt givande!<\/p>\n<p><strong>Har yrket varit annorlunda \u00e4n du f\u00f6rv\u00e4ntat dig? <\/strong>Till viss del, speciellt n\u00e4r jag b\u00f6rjade arbeta utanf\u00f6r en h\u00e4lsostation\/sjukhus. St\u00f6rsta delen av mina klienter har behov av talterapi i m\u00e5nga \u00e5r, som ofta bekostas av FPA. Det h\u00e4r betyder att jag kan tr\u00e4ffa samma klient en g\u00e5ng per vecka i flera \u00e5r. Det g\u00f6r att man l\u00e4r k\u00e4nna sina klienter och deras n\u00e4romgivning v\u00e4ldigt bra, n\u00e4r man dessutom ofta tr\u00e4ffar dem i deras egna hem eller p\u00e5 daghemmet\/i skolan.<\/p>\n<p><strong>Till vem rekommenderar du logopedistudier? <\/strong>Jag rekommenderar logopedistudier till dig som i framtiden vill ha ett m\u00e4nniskon\u00e4ra arbete som alltid erbjuder nya utmaningar! Om du \u00e4r intresserad av \u00e4mnen som psykologi, medicin och utvecklingen av tal, spr\u00e5k och kommunikation s\u00e5 kan logopedistudierna vara en l\u00e4mplig kombination. Om du dessutom tycker om att samarbeta med andra, hitta l\u00f6sningar p\u00e5 utmaningar och st\u00f6da andra i att utvecklas och f\u00e5 en b\u00e4ttre vardag s\u00e5 kan talterapiyrket vara n\u00e5got f\u00f6r dig!<\/p>\n<p><strong>N\u00e5got annat intressant du vill ber\u00e4tta! <\/strong>Ta frimodigt kontakt med de som studerar logopedi eller redan arbetar som talterapeut om du funderar p\u00e5 om logopedi \u00e4r n\u00e5got f\u00f6r dig. Talterapeuterna \u00e4r en enad front och man ska aldrig tveka att kontakta kolleger eller andra talterapeuter f\u00f6r att fr\u00e5ga om r\u00e5d n\u00e4r man st\u00f6ter p\u00e5 utmaningar i arbetet!<\/p>\n","protected":false},"excerpt":{"rendered":"<p>&nbsp; Anna Englund Vilken \u00c5A logo\u00e5rskurs h\u00f6r du till? Logo11 Vad g\u00f6r du just nu? Jag har precis b\u00f6rjat som terapeut p\u00e5 \u00c4\u00e4nneloikka Ab, efter att i m\u00e5nga \u00e5r ha jobbat med hj\u00e4lpmedelsutv\u00e4rderingar p\u00e5 HUS. I mitt nuvarande jobb har &hellip; <a href=\"https:\/\/blogs2.abo.fi\/vocalis\/sok-till-logopedin\/talterapeuter-berattar\/\">Forts\u00e4tt l\u00e4sa <span class=\"meta-nav\">&rarr;<\/span><\/a><\/p>\n","protected":false},"author":465,"featured_media":0,"parent":48,"menu_order":0,"comment_status":"closed","ping_status":"closed","template":"","meta":{"footnotes":""},"class_list":["post-581","page","type-page","status-publish","hentry"],"_links":{"self":[{"href":"https:\/\/blogs2.abo.fi\/vocalis\/wp-json\/wp\/v2\/pages\/581","targetHints":{"allow":["GET"]}}],"collection":[{"href":"https:\/\/blogs2.abo.fi\/vocalis\/wp-json\/wp\/v2\/pages"}],"about":[{"href":"https:\/\/blogs2.abo.fi\/vocalis\/wp-json\/wp\/v2\/types\/page"}],"author":[{"embeddable":true,"href":"https:\/\/blogs2.abo.fi\/vocalis\/wp-json\/wp\/v2\/users\/465"}],"replies":[{"embeddable":true,"href":"https:\/\/blogs2.abo.fi\/vocalis\/wp-json\/wp\/v2\/comments?post=581"}],"version-history":[{"count":6,"href":"https:\/\/blogs2.abo.fi\/vocalis\/wp-json\/wp\/v2\/pages\/581\/revisions"}],"predecessor-version":[{"id":772,"href":"https:\/\/blogs2.abo.fi\/vocalis\/wp-json\/wp\/v2\/pages\/581\/revisions\/772"}],"up":[{"embeddable":true,"href":"https:\/\/blogs2.abo.fi\/vocalis\/wp-json\/wp\/v2\/pages\/48"}],"wp:attachment":[{"href":"https:\/\/blogs2.abo.fi\/vocalis\/wp-json\/wp\/v2\/media?parent=581"}],"curies":[{"name":"wp","href":"https:\/\/api.w.org\/{rel}","templated":true}]}}