{"id":562,"date":"2021-03-05T11:32:01","date_gmt":"2021-03-05T09:32:01","guid":{"rendered":"http:\/\/blogs2.abo.fi\/vocalis\/?page_id=562"},"modified":"2023-04-19T10:42:39","modified_gmt":"2023-04-19T08:42:39","slug":"videon-och-lankar","status":"publish","type":"page","link":"https:\/\/blogs2.abo.fi\/vocalis\/sok-till-logopedin\/videon-och-lankar\/","title":{"rendered":"Videon och l\u00e4nkar"},"content":{"rendered":"<p><strong>H\u00e4r hittar du \u00c5bo Akademis info!<\/strong><\/p>\n<p><a href=\"https:\/\/www.abo.fi\/utbildningslinjer\/logopedi\/\">https:\/\/www.abo.fi\/utbildningslinjer\/logopedi\/<\/a><\/p>\n<p>I denna video ber\u00e4ttar logopedistuderandena Selina Yrttiaho och Charlotte L\u00f6vkvist om studierna och vad det tyckt om att studera vid logopedin:<\/p>\n<figure class=\"wp-block-embed wp-block-embed-youtube is-type-video is-provider-youtube epyt-figure\"><div class=\"wp-block-embed__wrapper\"><div class=\"epyt-video-wrapper\"><iframe loading=\"lazy\"  id=\"_ytid_38227\"  width=\"584\" height=\"329\"  data-origwidth=\"584\" data-origheight=\"329\"  data-relstop=\"1\" src=\"https:\/\/www.youtube.com\/embed\/TL153d2COE0?enablejsapi=1&autoplay=0&cc_load_policy=0&cc_lang_pref=&iv_load_policy=1&loop=0&rel=0&fs=1&playsinline=0&autohide=2&theme=dark&color=red&controls=1&disablekb=0&\" class=\"__youtube_prefs__  no-lazyload\" title=\"YouTube player\"  allow=\"fullscreen; accelerometer; autoplay; clipboard-write; encrypted-media; gyroscope; picture-in-picture; web-share\" referrerpolicy=\"strict-origin-when-cross-origin\" allowfullscreen data-no-lazy=\"1\" data-skipgform_ajax_framebjll=\"\"><\/iframe><\/div><\/div><\/figure>\n<p>&nbsp;<\/p>\n<p>H\u00e4r \u00e4r en video som \u00c5A gjort tidigare om logopedistudier:<\/p>\n<figure class=\"wp-block-embed wp-block-embed-youtube is-type-video is-provider-youtube epyt-figure\"><div class=\"wp-block-embed__wrapper\"><div class=\"epyt-video-wrapper\"><iframe loading=\"lazy\"  id=\"_ytid_79251\"  width=\"584\" height=\"329\"  data-origwidth=\"584\" data-origheight=\"329\"  data-relstop=\"1\" src=\"https:\/\/www.youtube.com\/embed\/u71zJOLTfYk?enablejsapi=1&autoplay=0&cc_load_policy=0&cc_lang_pref=&iv_load_policy=1&loop=0&rel=0&fs=1&playsinline=0&autohide=2&theme=dark&color=red&controls=1&disablekb=0&\" class=\"__youtube_prefs__  no-lazyload\" title=\"YouTube player\"  allow=\"fullscreen; accelerometer; autoplay; clipboard-write; encrypted-media; gyroscope; picture-in-picture; web-share\" referrerpolicy=\"strict-origin-when-cross-origin\" allowfullscreen data-no-lazy=\"1\" data-skipgform_ajax_framebjll=\"\"><\/iframe><\/div><\/div><\/figure>\n","protected":false},"excerpt":{"rendered":"<p>H\u00e4r hittar du \u00c5bo Akademis info! https:\/\/www.abo.fi\/utbildningslinjer\/logopedi\/ I denna video ber\u00e4ttar logopedistuderandena Selina Yrttiaho och Charlotte L\u00f6vkvist om studierna och vad det tyckt om att studera vid logopedin: &nbsp; H\u00e4r \u00e4r en video som \u00c5A gjort tidigare om logopedistudier:<\/p>\n","protected":false},"author":465,"featured_media":0,"parent":48,"menu_order":0,"comment_status":"closed","ping_status":"closed","template":"","meta":{"footnotes":""},"class_list":["post-562","page","type-page","status-publish","hentry"],"_links":{"self":[{"href":"https:\/\/blogs2.abo.fi\/vocalis\/wp-json\/wp\/v2\/pages\/562","targetHints":{"allow":["GET"]}}],"collection":[{"href":"https:\/\/blogs2.abo.fi\/vocalis\/wp-json\/wp\/v2\/pages"}],"about":[{"href":"https:\/\/blogs2.abo.fi\/vocalis\/wp-json\/wp\/v2\/types\/page"}],"author":[{"embeddable":true,"href":"https:\/\/blogs2.abo.fi\/vocalis\/wp-json\/wp\/v2\/users\/465"}],"replies":[{"embeddable":true,"href":"https:\/\/blogs2.abo.fi\/vocalis\/wp-json\/wp\/v2\/comments?post=562"}],"version-history":[{"count":2,"href":"https:\/\/blogs2.abo.fi\/vocalis\/wp-json\/wp\/v2\/pages\/562\/revisions"}],"predecessor-version":[{"id":773,"href":"https:\/\/blogs2.abo.fi\/vocalis\/wp-json\/wp\/v2\/pages\/562\/revisions\/773"}],"up":[{"embeddable":true,"href":"https:\/\/blogs2.abo.fi\/vocalis\/wp-json\/wp\/v2\/pages\/48"}],"wp:attachment":[{"href":"https:\/\/blogs2.abo.fi\/vocalis\/wp-json\/wp\/v2\/media?parent=562"}],"curies":[{"name":"wp","href":"https:\/\/api.w.org\/{rel}","templated":true}]}}