{"id":536,"date":"2021-02-12T14:16:18","date_gmt":"2021-02-12T12:16:18","guid":{"rendered":"http:\/\/blogs2.abo.fi\/vocalis\/?page_id=536"},"modified":"2023-04-19T11:01:11","modified_gmt":"2023-04-19T09:01:11","slug":"samarbete","status":"publish","type":"page","link":"https:\/\/blogs2.abo.fi\/vocalis\/material\/samarbete\/","title":{"rendered":"Samarbete"},"content":{"rendered":"<p>Vi samarbetar med m\u00e5nga olika f\u00f6reningar och f\u00f6retag, h\u00e4r presenteras n\u00e5gra av dem. Om ni \u00e4r intresserade av samarbete, kontakta styrelsen vi e-post: vocalis@abo.fi<\/p>\n<h1>Puheterapeuttiliitto<\/h1>\n<p>Vi har ett t\u00e4tt samarbete med puheterapeuttiliitto g\u00e4llande \u00e4renden som ber\u00f6r logopedistuderande. De brukar ordna infotillf\u00e4llen (om t.ex. hur man g\u00f6r f\u00f6rdelaktiga arbetskontrakt som talterapeut i arbetslivet) och h\u00e5lla oss uppdaterade om viktiga saker som p\u00e5g\u00e5r.<\/p>\n<p><em>Suomen Puheterapeuttiliitto on puheterapeuttien edunvalvonnasta vastaava ammattiliitto, joka on perustettu vuonna 1966. Valvomme ja edist\u00e4mme j\u00e4seniemme yhteiskunnallisia, taloudellisia, ammatillisia ja koulutuksellisia etuja. Edustamme j\u00e4seni\u00e4mme n\u00e4it\u00e4 yhteisesti koskevissa kysymyksiss\u00e4, toimimme puheterapeuttien kollegiaalisena yhdyssiteen\u00e4 sek\u00e4 edist\u00e4mme puheterapeuttien ammattitaitoa ja asiantuntemuksen hy\u00f6dynt\u00e4mist\u00e4. Lis\u00e4ksi edist\u00e4mme kansallisesti puheterapian harjoittamista ja puheterapeuttien kansainv\u00e4list\u00e4 yhteisty\u00f6t\u00e4. Puheterapeuttiliitto kuuluu keskusj\u00e4rjest\u00f6 Akavaan.<\/em><\/p>\n<p><span style=\"color: #0000ff\"><a style=\"color: #0000ff\" href=\"https:\/\/puheterapeuttiliitto.fi\">L\u00e4s mera om Puheterapeuttiliitto<\/a><\/span><\/p>\n<p><img loading=\"lazy\" decoding=\"async\" class=\"alignnone size-medium wp-image-537\" src=\"http:\/\/blogs2.abo.fi\/vocalis\/wp-content\/uploads\/sites\/59\/2021\/02\/DSC_0720-300x199.jpg\" alt=\"\" width=\"300\" height=\"199\" srcset=\"https:\/\/blogs2.abo.fi\/vocalis\/wp-content\/uploads\/sites\/59\/2021\/02\/DSC_0720-300x199.jpg 300w, https:\/\/blogs2.abo.fi\/vocalis\/wp-content\/uploads\/sites\/59\/2021\/02\/DSC_0720-768x511.jpg 768w, https:\/\/blogs2.abo.fi\/vocalis\/wp-content\/uploads\/sites\/59\/2021\/02\/DSC_0720-1024x681.jpg 1024w\" sizes=\"auto, (max-width: 300px) 100vw, 300px\" \/><\/p>\n<h1>STiF<\/h1>\n<p>M\u00e5nga av v\u00e5ra studerande \u00e4r med i STiF och vi samarbetar kring t.ex. infotillf\u00e4llen och studeranderepresentater.<\/p>\n<p><em>Svenska talterapeuter i Finland \u00e4r en registrerad f\u00f6rening vars syfte \u00e4r att vara en kontaktl\u00e4nk f\u00f6r svenskspr\u00e5kiga talterapeuter i Finland. Bland f\u00f6reningens medlemmar finns logopedistuderanden och yrkesverksamma samt pensionerade talterapeuter. STiF:s verksamhet omfattar att utveckla medlemmarnas fackliga kompetens, utveckla den svenskspr\u00e5kiga talterapin i Finland och fungera som n\u00e4tverk f\u00f6r talterapeuter som verkar p\u00e5 svenska i Finland.<\/em><\/p>\n<p><span style=\"color: #0000ff\"><a style=\"color: #0000ff\" href=\"https:\/\/svenskatalterapeuter.fi\">L\u00e4s mera om STiF<\/a><\/span><\/p>\n<p><img loading=\"lazy\" decoding=\"async\" class=\"alignnone size-medium wp-image-538\" src=\"http:\/\/blogs2.abo.fi\/vocalis\/wp-content\/uploads\/sites\/59\/2021\/02\/Screen-Shot-2021-02-12-at-13.15.50-300x107.png\" alt=\"\" width=\"300\" height=\"107\" srcset=\"https:\/\/blogs2.abo.fi\/vocalis\/wp-content\/uploads\/sites\/59\/2021\/02\/Screen-Shot-2021-02-12-at-13.15.50-300x107.png 300w, https:\/\/blogs2.abo.fi\/vocalis\/wp-content\/uploads\/sites\/59\/2021\/02\/Screen-Shot-2021-02-12-at-13.15.50-768x275.png 768w, https:\/\/blogs2.abo.fi\/vocalis\/wp-content\/uploads\/sites\/59\/2021\/02\/Screen-Shot-2021-02-12-at-13.15.50.png 974w\" sizes=\"auto, (max-width: 300px) 100vw, 300px\" \/><\/p>\n","protected":false},"excerpt":{"rendered":"<p>Vi samarbetar med m\u00e5nga olika f\u00f6reningar och f\u00f6retag, h\u00e4r presenteras n\u00e5gra av dem. Om ni \u00e4r intresserade av samarbete, kontakta styrelsen vi e-post: vocalis@abo.fi Puheterapeuttiliitto Vi har ett t\u00e4tt samarbete med puheterapeuttiliitto g\u00e4llande \u00e4renden som ber\u00f6r logopedistuderande. De brukar ordna &hellip; <a href=\"https:\/\/blogs2.abo.fi\/vocalis\/material\/samarbete\/\">Forts\u00e4tt l\u00e4sa <span class=\"meta-nav\">&rarr;<\/span><\/a><\/p>\n","protected":false},"author":465,"featured_media":0,"parent":343,"menu_order":0,"comment_status":"closed","ping_status":"closed","template":"","meta":{"footnotes":""},"class_list":["post-536","page","type-page","status-publish","hentry"],"_links":{"self":[{"href":"https:\/\/blogs2.abo.fi\/vocalis\/wp-json\/wp\/v2\/pages\/536","targetHints":{"allow":["GET"]}}],"collection":[{"href":"https:\/\/blogs2.abo.fi\/vocalis\/wp-json\/wp\/v2\/pages"}],"about":[{"href":"https:\/\/blogs2.abo.fi\/vocalis\/wp-json\/wp\/v2\/types\/page"}],"author":[{"embeddable":true,"href":"https:\/\/blogs2.abo.fi\/vocalis\/wp-json\/wp\/v2\/users\/465"}],"replies":[{"embeddable":true,"href":"https:\/\/blogs2.abo.fi\/vocalis\/wp-json\/wp\/v2\/comments?post=536"}],"version-history":[{"count":5,"href":"https:\/\/blogs2.abo.fi\/vocalis\/wp-json\/wp\/v2\/pages\/536\/revisions"}],"predecessor-version":[{"id":787,"href":"https:\/\/blogs2.abo.fi\/vocalis\/wp-json\/wp\/v2\/pages\/536\/revisions\/787"}],"up":[{"embeddable":true,"href":"https:\/\/blogs2.abo.fi\/vocalis\/wp-json\/wp\/v2\/pages\/343"}],"wp:attachment":[{"href":"https:\/\/blogs2.abo.fi\/vocalis\/wp-json\/wp\/v2\/media?parent=536"}],"curies":[{"name":"wp","href":"https:\/\/api.w.org\/{rel}","templated":true}]}}