{"id":48,"date":"2017-03-27T14:27:55","date_gmt":"2017-03-27T12:27:55","guid":{"rendered":"http:\/\/blogs2.abo.fi\/vocalis\/?page_id=48"},"modified":"2023-04-19T10:59:38","modified_gmt":"2023-04-19T08:59:38","slug":"sok-till-logopedin","status":"publish","type":"page","link":"https:\/\/blogs2.abo.fi\/vocalis\/sok-till-logopedin\/","title":{"rendered":"S\u00f6k till logopedin!"},"content":{"rendered":"<p><strong>S\u00f6ker du till logopedin?<\/strong><\/p>\n<p>Om du \u00e4r intresserad av att studera logopedi och har fr\u00e5gor om studierna eller undrar vad studerande tycker f\u00e5r du alltid (f\u00f6rutom att kontakta \u00c5A direkt) kontakta oss p\u00e5 facebook, instagram eller per mail (vocalis@abo.fi).<\/p>\n<p>Inga fr\u00e5gor \u00e4r dumma fr\u00e5gor! Hoppas vi f\u00e5r just dig som studiekompis n\u00e4sta h\u00f6st!<\/p>\n<p><strong>H\u00e4r hittar du info!<\/strong><\/p>\n<p>I denna video ber\u00e4ttar logopedistuderandena Selina Yrttiaho och Charlotte L\u00f6vkvist om studierna och vad det tyckt om att studera vid logopedin:<\/p>\n<p><a href=\"https:\/\/youtu.be\/TL153d2COE0\">Selina och Lotte ber\u00e4ttar om studierna vid logopedin<\/a><\/p>\n<figure class=\"wp-block-embed wp-block-embed-youtube is-type-video is-provider-youtube epyt-figure\"><div class=\"wp-block-embed__wrapper\"><div class=\"epyt-video-wrapper\"><iframe loading=\"lazy\"  id=\"_ytid_86214\"  width=\"584\" height=\"329\"  data-origwidth=\"584\" data-origheight=\"329\"  data-relstop=\"1\" src=\"https:\/\/www.youtube.com\/embed\/TL153d2COE0?enablejsapi=1&autoplay=0&cc_load_policy=0&cc_lang_pref=&iv_load_policy=1&loop=0&rel=0&fs=1&playsinline=0&autohide=2&theme=dark&color=red&controls=1&disablekb=0&\" class=\"__youtube_prefs__  no-lazyload\" title=\"YouTube player\"  allow=\"fullscreen; accelerometer; autoplay; clipboard-write; encrypted-media; gyroscope; picture-in-picture; web-share\" referrerpolicy=\"strict-origin-when-cross-origin\" allowfullscreen data-no-lazy=\"1\" data-skipgform_ajax_framebjll=\"\"><\/iframe><\/div><\/div><\/figure>\n<p>&nbsp;<\/p>\n<p><a href=\"https:\/\/youtu.be\/u71zJOLTfYk\">\u00c5A video om att studera vid logopedin<\/a><\/p>\n<figure class=\"wp-block-embed wp-block-embed-youtube is-type-video is-provider-youtube epyt-figure\"><div class=\"wp-block-embed__wrapper\"><div class=\"epyt-video-wrapper\"><iframe loading=\"lazy\"  id=\"_ytid_47179\"  width=\"584\" height=\"329\"  data-origwidth=\"584\" data-origheight=\"329\"  data-relstop=\"1\" src=\"https:\/\/www.youtube.com\/embed\/u71zJOLTfYk?enablejsapi=1&autoplay=0&cc_load_policy=0&cc_lang_pref=&iv_load_policy=1&loop=0&rel=0&fs=1&playsinline=0&autohide=2&theme=dark&color=red&controls=1&disablekb=0&\" class=\"__youtube_prefs__  no-lazyload\" title=\"YouTube player\"  allow=\"fullscreen; accelerometer; autoplay; clipboard-write; encrypted-media; gyroscope; picture-in-picture; web-share\" referrerpolicy=\"strict-origin-when-cross-origin\" allowfullscreen data-no-lazy=\"1\" data-skipgform_ajax_framebjll=\"\"><\/iframe><\/div><\/div><\/figure>\n","protected":false},"excerpt":{"rendered":"<p>S\u00f6ker du till logopedin? Om du \u00e4r intresserad av att studera logopedi och har fr\u00e5gor om studierna eller undrar vad studerande tycker f\u00e5r du alltid (f\u00f6rutom att kontakta \u00c5A direkt) kontakta oss p\u00e5 facebook, instagram eller per mail (vocalis@abo.fi). Inga &hellip; <a href=\"https:\/\/blogs2.abo.fi\/vocalis\/sok-till-logopedin\/\">Forts\u00e4tt l\u00e4sa <span class=\"meta-nav\">&rarr;<\/span><\/a><\/p>\n","protected":false},"author":335,"featured_media":0,"parent":0,"menu_order":0,"comment_status":"closed","ping_status":"closed","template":"","meta":{"footnotes":""},"class_list":["post-48","page","type-page","status-publish","hentry"],"_links":{"self":[{"href":"https:\/\/blogs2.abo.fi\/vocalis\/wp-json\/wp\/v2\/pages\/48","targetHints":{"allow":["GET"]}}],"collection":[{"href":"https:\/\/blogs2.abo.fi\/vocalis\/wp-json\/wp\/v2\/pages"}],"about":[{"href":"https:\/\/blogs2.abo.fi\/vocalis\/wp-json\/wp\/v2\/types\/page"}],"author":[{"embeddable":true,"href":"https:\/\/blogs2.abo.fi\/vocalis\/wp-json\/wp\/v2\/users\/335"}],"replies":[{"embeddable":true,"href":"https:\/\/blogs2.abo.fi\/vocalis\/wp-json\/wp\/v2\/comments?post=48"}],"version-history":[{"count":10,"href":"https:\/\/blogs2.abo.fi\/vocalis\/wp-json\/wp\/v2\/pages\/48\/revisions"}],"predecessor-version":[{"id":786,"href":"https:\/\/blogs2.abo.fi\/vocalis\/wp-json\/wp\/v2\/pages\/48\/revisions\/786"}],"wp:attachment":[{"href":"https:\/\/blogs2.abo.fi\/vocalis\/wp-json\/wp\/v2\/media?parent=48"}],"curies":[{"name":"wp","href":"https:\/\/api.w.org\/{rel}","templated":true}]}}