{"id":20,"date":"2017-03-27T13:38:22","date_gmt":"2017-03-27T11:38:22","guid":{"rendered":"http:\/\/blogs2.abo.fi\/vocalis\/?page_id=20"},"modified":"2024-01-19T16:17:41","modified_gmt":"2024-01-19T14:17:41","slug":"styrelsen","status":"publish","type":"page","link":"https:\/\/blogs2.abo.fi\/vocalis\/styrelsen\/","title":{"rendered":"Styrelsen"},"content":{"rendered":"<h1>Styrelsen 2024<\/h1>\n<p class=\"_ap3a _aaco _aacu _aacx _aad7 _aade\" dir=\"auto\">Ordf\u00f6rande: Corinna Haglund<br \/>\nVice ordf\u00f6rande: Binta Smith<br \/>\nSekreterare: Vera Iver<br \/>\nSkattm\u00e4stare: Lotta Jokela<br \/>\nV\u00e4rdinna: Ottilia H\u00f6glund<br \/>\nV\u00e4rdinna: Henna Torrkulla<br \/>\nEvenemangsansvarig: Johanna Forsblom<br \/>\nPR-chef: Sofia Prest<\/p>\n<p dir=\"auto\"><img loading=\"lazy\" decoding=\"async\" class=\"alignnone size-medium wp-image-859\" src=\"http:\/\/blogs2.abo.fi\/vocalis\/wp-content\/uploads\/sites\/59\/2024\/01\/stysse-24-245x300.jpg\" alt=\"\" width=\"245\" height=\"300\" srcset=\"https:\/\/blogs2.abo.fi\/vocalis\/wp-content\/uploads\/sites\/59\/2024\/01\/stysse-24-245x300.jpg 245w, https:\/\/blogs2.abo.fi\/vocalis\/wp-content\/uploads\/sites\/59\/2024\/01\/stysse-24-835x1024.jpg 835w, https:\/\/blogs2.abo.fi\/vocalis\/wp-content\/uploads\/sites\/59\/2024\/01\/stysse-24-768x942.jpg 768w, https:\/\/blogs2.abo.fi\/vocalis\/wp-content\/uploads\/sites\/59\/2024\/01\/stysse-24.jpg 1080w\" sizes=\"auto, (max-width: 245px) 100vw, 245px\" \/><\/p>\n<p>&nbsp;<\/p>\n<p>Vocalis styrelse ansvarar f\u00f6r att bl.a. ordna evenemang, sk\u00f6ta f\u00f6reningens ekonomi och idka intressebevakning f\u00f6r logopedistuderande.<\/p>\n<p>Ifall ni \u00f6nskar kontakta Vocalis styrelse kan ni skicka ett mail \u00e5t vocalis@abo.fi eller kontakta oss via Instagram eller Facebook!<\/p>\n<p>I flikarna kan ni l\u00e4sa mera om tidigare styrelser!<\/p>\n","protected":false},"excerpt":{"rendered":"<p>Styrelsen 2024 Ordf\u00f6rande: Corinna Haglund Vice ordf\u00f6rande: Binta Smith Sekreterare: Vera Iver Skattm\u00e4stare: Lotta Jokela V\u00e4rdinna: Ottilia H\u00f6glund V\u00e4rdinna: Henna Torrkulla Evenemangsansvarig: Johanna Forsblom PR-chef: Sofia Prest &nbsp; Vocalis styrelse ansvarar f\u00f6r att bl.a. ordna evenemang, sk\u00f6ta f\u00f6reningens ekonomi och &hellip; <a href=\"https:\/\/blogs2.abo.fi\/vocalis\/styrelsen\/\">Forts\u00e4tt l\u00e4sa <span class=\"meta-nav\">&rarr;<\/span><\/a><\/p>\n","protected":false},"author":335,"featured_media":0,"parent":0,"menu_order":0,"comment_status":"closed","ping_status":"closed","template":"","meta":{"footnotes":""},"class_list":["post-20","page","type-page","status-publish","hentry"],"_links":{"self":[{"href":"https:\/\/blogs2.abo.fi\/vocalis\/wp-json\/wp\/v2\/pages\/20","targetHints":{"allow":["GET"]}}],"collection":[{"href":"https:\/\/blogs2.abo.fi\/vocalis\/wp-json\/wp\/v2\/pages"}],"about":[{"href":"https:\/\/blogs2.abo.fi\/vocalis\/wp-json\/wp\/v2\/types\/page"}],"author":[{"embeddable":true,"href":"https:\/\/blogs2.abo.fi\/vocalis\/wp-json\/wp\/v2\/users\/335"}],"replies":[{"embeddable":true,"href":"https:\/\/blogs2.abo.fi\/vocalis\/wp-json\/wp\/v2\/comments?post=20"}],"version-history":[{"count":20,"href":"https:\/\/blogs2.abo.fi\/vocalis\/wp-json\/wp\/v2\/pages\/20\/revisions"}],"predecessor-version":[{"id":860,"href":"https:\/\/blogs2.abo.fi\/vocalis\/wp-json\/wp\/v2\/pages\/20\/revisions\/860"}],"wp:attachment":[{"href":"https:\/\/blogs2.abo.fi\/vocalis\/wp-json\/wp\/v2\/media?parent=20"}],"curies":[{"name":"wp","href":"https:\/\/api.w.org\/{rel}","templated":true}]}}