{"id":92,"date":"2024-03-27T14:38:56","date_gmt":"2024-03-27T13:38:56","guid":{"rendered":"https:\/\/blogs2.abo.fi\/vagoravforvisning\/?page_id=92"},"modified":"2024-04-08T10:00:04","modified_gmt":"2024-04-08T08:00:04","slug":"arrangorer-och-kontakt","status":"publish","type":"page","link":"https:\/\/blogs2.abo.fi\/vagoravforvisning\/arrangorer-och-kontakt\/","title":{"rendered":"Arrang\u00f6rer och kontakt"},"content":{"rendered":"<p>Denna workshop f\u00f6rverkligas inom ramen f\u00f6r tv\u00e5 <span class=\"TextRun SCXW199202509 BCX0\" lang=\"SV-SE\" xml:lang=\"SV-SE\" data-contrast=\"auto\"><span class=\"NormalTextRun SCXW199202509 BCX0\">sammanl\u00e4nkade projekt vid \u00c5bo Akademi:<\/span><\/span><br \/>\n<a href=\"https:\/\/www.abo.fi\/en\/project\/waves-of-banishments-regulations-and-practices-of-expulsion-in-northern-europe-1450-1900\/\">Waves of banishments? Regulations and practices of expulsion in Northern Europe 1450\u20131900<\/a><br \/>\noch<br \/>\n<a href=\"https:\/\/research.abo.fi\/sv\/projects\/packa-sin-kos-studier-om-f%C3%B6rvisade-och-utvisningsdomar-under-fyra\">Packa sin kos \u2013 studier om f\u00f6rvisade och utvisningsdomar under fyra sekel<\/a><\/p>\n<h2>Styrgrupp<\/h2>\n<p><a href=\"https:\/\/research.abo.fi\/sv\/persons\/kasper-kepsu\">Kasper Kepsu<\/a> docent i nordisk historia, intresserar sig f\u00f6r tidigmodern politisk kultur och statsformation i gr\u00e4nsomr\u00e5den. Han unders\u00f6ker r\u00f6rlighet och f\u00f6rvisningar i det svenska rikets \u00f6stliga periferi, med fokus p\u00e5 provinsen Ingermanland.<\/p>\n<p><a href=\"https:\/\/research.abo.fi\/sv\/persons\/marko-lamberg\">Marko Lamberg<\/a> professor, docent i nordisk historia samt i samfunds- och gemenskapshistoria, specialforskare vid \u00c5bo Akademi, \u00e4r specialiserad p\u00e5 nordisk social- och kulturhistoria i synnerhet under den f\u00f6rmoderna tiden. Han unders\u00f6ker fr\u00e4mst ortsf\u00f6rvisningar: normer och praxis samt grunderna bakom dem, ocks\u00e5 mera s\u00e4llsynta ortsf\u00f6rvisningar i agrara kontexter t.ex. i samband med trolldomsprocesserna.<\/p>\n<p><a href=\"https:\/\/research.abo.fi\/sv\/persons\/johanna-wassholm\">Johanna Wassholm<\/a>\u00a0docent i Rysslands och Nordens historia, \u00e4r specialiserad p\u00e5 relationerna mellan Finland och Ryssland under det l\u00e5nga 1800-talet, med fokus p\u00e5 r\u00f6rlighet, nationell identifikation och historiebruk. I projektet unders\u00f6ker hon f\u00f6r\u00e4nderliga gr\u00e4nsregimer, i synnerhet Finlands roll inom ramen f\u00f6r det ryska imperiets avvisnings- och utvisningspraktiker efter 1809.<\/p>\n<p><a href=\"https:\/\/research.abo.fi\/sv\/persons\/ann-catrin-%C3%B6stman\">Ann-Catrin \u00d6stman<\/a>\u00a0\u00e4r docent i agrarhistoria och genushistoriker. I projektet utforskar hon f\u00f6rvisningsreglering och flyttningsrestriktioner under det sena 1700-talet och det tidiga 1800-talet. Utifr\u00e5n studier av bland annat estl\u00e4ndare som flyttat eller flytt till storfurstend\u00f6met Finland studerar hon \u00e4ven gr\u00e4nsregimer och olika slag av gr\u00e4nsarbete.<\/p>\n<p><a href=\"https:\/\/www.kulturfonden.fi\/\"><img loading=\"lazy\" decoding=\"async\" src=\"https:\/\/www.kulturfonden.fi\/data\/pressologo\/logo\/stoende\/Svenska_kulturfonden_logo_svart_RGB.jpg\" alt=\"https:\/\/www.kulturfonden.fi\/data\/pressologo\/logo\/stoende\/Svenska_kulturfonden_logo_svart_RGB.jpg\" width=\"112\" height=\"119\" \/><\/a><a href=\"https:\/\/www.abo.fi\/\"><img loading=\"lazy\" decoding=\"async\" class=\"\" src=\"http:\/\/blogs2.abo.fi\/vagoravforvisning\/wp-content\/uploads\/sites\/266\/2024\/03\/aalogo-1-297x300.jpg\" alt=\"\" width=\"109\" height=\"110\" \/><\/a><a href=\"https:\/\/www.aka.fi\/sv\/\"><img loading=\"lazy\" decoding=\"async\" class=\"\" src=\"https:\/\/media.aka.fi\/api\/v3\/public\/file\/401378e282cbb042\/thumbnail.jpg?version=f89597650a698f1636b57437390ecf67\" alt=\"AKA_SE_pysty_sininen_RGB.png\" width=\"112\" height=\"118\" \/><\/a><\/p>\n<h2>Kontakt<\/h2>\n<p>Vid fr\u00e5gor om workshoppens inneh\u00e5ll, kontakta<br \/>\nAnn-Catrin \u00d6stman ann-catrin.ostman@abo.fi eller Kasper Kepsu kasper.kepsu@abo.fi<\/p>\n<p>Vid fr\u00e5gor om praktiska arrangemang, kontakta konferenssekreterare Kajsa Varjonen kajsa.varjonen@abo.fi<\/p>\n<p>&nbsp;<\/p>\n","protected":false},"excerpt":{"rendered":"<p>Denna workshop f\u00f6rverkligas inom ramen f\u00f6r tv\u00e5 sammanl\u00e4nkade projekt vid \u00c5bo Akademi: Waves of banishments? Regulations and practices of expulsion in Northern Europe 1450\u20131900 och Packa sin kos \u2013 studier om f\u00f6rvisade och utvisningsdomar under fyra sekel Styrgrupp Kasper Kepsu &hellip; <a href=\"https:\/\/blogs2.abo.fi\/vagoravforvisning\/arrangorer-och-kontakt\/\">Forts\u00e4tt l\u00e4sa <span class=\"meta-nav\">&rarr;<\/span><\/a><\/p>\n","protected":false},"author":811,"featured_media":0,"parent":0,"menu_order":0,"comment_status":"closed","ping_status":"closed","template":"","meta":{"footnotes":""},"class_list":["post-92","page","type-page","status-publish","hentry"],"_links":{"self":[{"href":"https:\/\/blogs2.abo.fi\/vagoravforvisning\/wp-json\/wp\/v2\/pages\/92","targetHints":{"allow":["GET"]}}],"collection":[{"href":"https:\/\/blogs2.abo.fi\/vagoravforvisning\/wp-json\/wp\/v2\/pages"}],"about":[{"href":"https:\/\/blogs2.abo.fi\/vagoravforvisning\/wp-json\/wp\/v2\/types\/page"}],"author":[{"embeddable":true,"href":"https:\/\/blogs2.abo.fi\/vagoravforvisning\/wp-json\/wp\/v2\/users\/811"}],"replies":[{"embeddable":true,"href":"https:\/\/blogs2.abo.fi\/vagoravforvisning\/wp-json\/wp\/v2\/comments?post=92"}],"version-history":[{"count":30,"href":"https:\/\/blogs2.abo.fi\/vagoravforvisning\/wp-json\/wp\/v2\/pages\/92\/revisions"}],"predecessor-version":[{"id":147,"href":"https:\/\/blogs2.abo.fi\/vagoravforvisning\/wp-json\/wp\/v2\/pages\/92\/revisions\/147"}],"wp:attachment":[{"href":"https:\/\/blogs2.abo.fi\/vagoravforvisning\/wp-json\/wp\/v2\/media?parent=92"}],"curies":[{"name":"wp","href":"https:\/\/api.w.org\/{rel}","templated":true}]}}