{"id":67,"date":"2024-03-27T13:09:42","date_gmt":"2024-03-27T12:09:42","guid":{"rendered":"https:\/\/blogs2.abo.fi\/vagoravforvisning\/?page_id=67"},"modified":"2024-04-09T09:45:49","modified_gmt":"2024-04-09T07:45:49","slug":"hem","status":"publish","type":"page","link":"https:\/\/blogs2.abo.fi\/vagoravforvisning\/","title":{"rendered":""},"content":{"rendered":"<h2>V\u00e4lkommen p\u00e5 workshop i \u00c5bo 14\u201315 november 2024<\/h2>\n<p><span data-contrast=\"auto\">I det f\u00f6rmoderna samh\u00e4llet kunde f\u00f6rvisning inneb\u00e4ra en m\u00e4ngd olika \u00e5tg\u00e4rder som riktades s\u00e5v\u00e4l mot individer som grupper. Det h\u00e4r m\u00e5ngfacetterade temat tangerar forskningsfr\u00e5gor r\u00f6rande en uppsj\u00f6 av \u00e4mnen, s\u00e5 som befolkningsregimer och minoriteter, kolonisation och straffpraxis. Trots den stora potential som finns i studiet av f\u00f6rvisningar, har tematiken endast i mycket begr\u00e4nsad utstr\u00e4ckning behandlats i forskning om det f\u00f6rmoderna Norden.<\/span><span data-ccp-props=\"{&quot;134233117&quot;:true,&quot;134233118&quot;:true,&quot;201341983&quot;:0,&quot;335559739&quot;:160,&quot;335559740&quot;:240}\">\u00a0<\/span><\/p>\n<p><span data-contrast=\"auto\">Vi vill d\u00e4rf\u00f6r bjuda in till en workshop om det h\u00e4r viktiga temat, och speciellt \u00f6nskar vi kunna diskutera till\u00e4mpningar av den reglering som fanns g\u00e4llande olika former av f\u00f6rvisningar. <\/span>Workshoppen \u00e4r kopplad till tv\u00e5 p\u00e5g\u00e5ende projekt: <a href=\"https:\/\/www.abo.fi\/projekt\/vagor-av-forvisning-reglering-och-praktiker-i-norra-europa-ca-1450-1900\/\">Waves of banishments? Regulations and practices of expulsion in Northern Europe 1450\u20131900<\/a> och <a href=\"https:\/\/research.abo.fi\/sv\/projects\/packa-sin-kos-studier-om-f%C3%B6rvisade-och-utvisningsdomar-under-fyra\">&#8217;Packa sin kos&#8217; \u2013 studier om f\u00f6rvisade och utvisningsdomar under fyra sekel<\/a>. F\u00f6r mera information, se Call for papers.<\/p>\n<h3><span class=\"TextRun SCXW128587238 BCX2\" lang=\"SV-SE\" xml:lang=\"SV-SE\" data-contrast=\"auto\"><span class=\"NormalTextRun SCXW128587238 BCX2\">\u00a0Bild: Berndt Lindholm, <em>Kattegat i storm<\/em>, 1894 (Finlands Nationalgalleri)<br \/>\n<\/span><\/span><\/h3>\n","protected":false},"excerpt":{"rendered":"<p>V\u00e4lkommen p\u00e5 workshop i \u00c5bo 14\u201315 november 2024 I det f\u00f6rmoderna samh\u00e4llet kunde f\u00f6rvisning inneb\u00e4ra en m\u00e4ngd olika \u00e5tg\u00e4rder som riktades s\u00e5v\u00e4l mot individer som grupper. Det h\u00e4r m\u00e5ngfacetterade temat tangerar forskningsfr\u00e5gor r\u00f6rande en uppsj\u00f6 av \u00e4mnen, s\u00e5 som befolkningsregimer &hellip; <a href=\"https:\/\/blogs2.abo.fi\/vagoravforvisning\/\">Forts\u00e4tt l\u00e4sa <span class=\"meta-nav\">&rarr;<\/span><\/a><\/p>\n","protected":false},"author":811,"featured_media":0,"parent":0,"menu_order":0,"comment_status":"closed","ping_status":"closed","template":"","meta":{"footnotes":""},"class_list":["post-67","page","type-page","status-publish","hentry"],"_links":{"self":[{"href":"https:\/\/blogs2.abo.fi\/vagoravforvisning\/wp-json\/wp\/v2\/pages\/67","targetHints":{"allow":["GET"]}}],"collection":[{"href":"https:\/\/blogs2.abo.fi\/vagoravforvisning\/wp-json\/wp\/v2\/pages"}],"about":[{"href":"https:\/\/blogs2.abo.fi\/vagoravforvisning\/wp-json\/wp\/v2\/types\/page"}],"author":[{"embeddable":true,"href":"https:\/\/blogs2.abo.fi\/vagoravforvisning\/wp-json\/wp\/v2\/users\/811"}],"replies":[{"embeddable":true,"href":"https:\/\/blogs2.abo.fi\/vagoravforvisning\/wp-json\/wp\/v2\/comments?post=67"}],"version-history":[{"count":17,"href":"https:\/\/blogs2.abo.fi\/vagoravforvisning\/wp-json\/wp\/v2\/pages\/67\/revisions"}],"predecessor-version":[{"id":162,"href":"https:\/\/blogs2.abo.fi\/vagoravforvisning\/wp-json\/wp\/v2\/pages\/67\/revisions\/162"}],"wp:attachment":[{"href":"https:\/\/blogs2.abo.fi\/vagoravforvisning\/wp-json\/wp\/v2\/media?parent=67"}],"curies":[{"name":"wp","href":"https:\/\/api.w.org\/{rel}","templated":true}]}}