{"id":2,"date":"2024-03-26T11:00:44","date_gmt":"2024-03-26T10:00:44","guid":{"rendered":"https:\/\/blogs2.abo.fi\/vagoravforvisning\/?page_id=2"},"modified":"2024-04-05T10:55:59","modified_gmt":"2024-04-05T08:55:59","slug":"callforpapers","status":"publish","type":"page","link":"https:\/\/blogs2.abo.fi\/vagoravforvisning\/callforpapers\/","title":{"rendered":"Call for papers"},"content":{"rendered":"<h1>Workshop vid \u00c5bo Akademi 14\u201315.11.2024<\/h1>\n<p><span data-contrast=\"auto\">Vi bjuder in till en workshop om f\u00f6rvisningar i <\/span><span data-contrast=\"auto\">Norden och \u00d6stersj\u00f6omr\u00e5det<\/span><span data-contrast=\"auto\"> under f\u00f6rmodern tid. I v\u00e5ra dagars Norden \u00e4r temat tyv\u00e4rr aktuellt. I det f\u00f6rflutna kunde f\u00f6rvisning innefatta m\u00e5nga olika slags \u00e5tg\u00e4rder \u2013 s\u00e5som avvisning, utvisning, utv\u00e4xling, deportationer och andra tv\u00e5ngsf\u00f6rflyttningar eller order att f\u00f6rsvinna. B\u00e5de enskilda och grupper f\u00f6rvisades fr\u00e5n st\u00e4der och l\u00e4n samt fr\u00e5n olika delar av konglomeratstater och imperier. Under tidigmodern tid var f\u00f6rvisning ocks\u00e5 ett straff som utd\u00f6mdes lokalt f\u00f6r st\u00f6ld, sedlighetsbrott eller l\u00f6sdriveri. Detta kunde \u00e4ven utg\u00f6ra en form av tv\u00e5ngsemigration som ankn\u00f6t till kolonisation.<\/span><span data-ccp-props=\"{&quot;201341983&quot;:0,&quot;335559739&quot;:160,&quot;335559740&quot;:259}\">\u00a0<\/span><\/p>\n<p><span data-contrast=\"auto\">F\u00f6rvisning har i f\u00f6rh\u00e5llandevis liten omfattning belysts i forskning om det f\u00f6rmoderna Norden. Som v\u00e4rdar f\u00f6r denna workshop st\u00e5r forskarna i tv\u00e5 sammanl\u00e4nkade projekt vid \u00c5bo Akademi: \u201d<a href=\"https:\/\/www.abo.fi\/projekt\/vagor-av-forvisning-reglering-och-praktiker-i-norra-europa-ca-1450-1900\/\">Waves of banishments? Regulations and practices of expulsion in Northern Europe 1450\u20131900<\/a>&#8221;\u00a0(FA 2021) och \u201d<a href=\"https:\/\/research.abo.fi\/sv\/projects\/packa-sin-kos-studier-om-f%C3%B6rvisade-och-utvisningsdomar-under-fyra\">&#8217;Packa sin kos&#8217; \u2013 studier om f\u00f6rvisade och utvisningsdomar under fyra sekel<\/a>\u201d (SKF 2021). I fallstudier granskar vi b\u00e5de orts- och landsf\u00f6rvisningar, f\u00f6rfaranden som skedde lokalt, regionalt och \u00f6verstatligt i det svenska riket och dess \u00f6stra del, som 1809 blev ett storfurstend\u00f6me inom det ryska imperiet. Dessutom beaktas f\u00f6r\u00e4ndringar av och ambivalens i reglering. Vi uppm\u00e4rksammar fr\u00e4mst f\u00f6rvisningar som drabbade personer i l\u00e4gre sociala skikt och minoriteter av olika slag. <\/span><span data-ccp-props=\"{&quot;201341983&quot;:0,&quot;335559739&quot;:160,&quot;335559740&quot;:259}\">\u00a0<\/span><\/p>\n<p><span data-contrast=\"auto\">Till workshoppen vill vi samla forskare som utifr\u00e5n olika perspektiv utforskar denna m\u00e5ngfasetterade tematik. Vi v\u00e4lkomnar presentationer som knyter an till den problematik som vi arbetar med och som ber\u00f6r olika delar av Norden och \u00d6stersj\u00f6omr\u00e5det. Det normativa materialet \u2013 lagarna, f\u00f6rordningarna och stadsprivilegierna \u2013 inneh\u00f6ll stipuleringar om f\u00f6rvisning, men till den f\u00f6rmoderna statens natur h\u00f6rde ocks\u00e5 att det fanns stort utrymme f\u00f6r lokala sedv\u00e4njor. D\u00e4rf\u00f6r \u00e4r regionala j\u00e4mf\u00f6relser viktiga vid sidan av de tidsm\u00e4ssiga. <\/span><span data-ccp-props=\"{&quot;201341983&quot;:0,&quot;335559739&quot;:160,&quot;335559740&quot;:259}\">\u00a0<\/span><\/p>\n<p><span data-contrast=\"auto\">Vi s\u00f6ker huvudsakligen bidrag som ber\u00f6r till\u00e4mpningar av f\u00f6religgande reglering:<br \/>\n<\/span><\/p>\n<ul>\n<li><span data-contrast=\"auto\">N\u00e4r och i vilken omfattning f\u00f6rvisades m\u00e4nniskor? P\u00e5 vilka grunder?<br \/>\n<\/span><\/li>\n<li><span data-contrast=\"auto\">Var utvisningarna speciellt frekventa under vissa perioder?<br \/>\n<\/span><\/li>\n<li><span data-contrast=\"auto\">Vilka var de m\u00e4nniskor och instanser som hade makt att utvisa m\u00e4nniskor ur stater eller f\u00f6rpassa dem ut ur st\u00e4der och l\u00e4n?<br \/>\n<\/span><\/li>\n<li><span data-contrast=\"auto\">N\u00e4r de tillg\u00e4ngliga k\u00e4llorna till\u00e5ter, s\u00e4tts de utvisade i fokus: Hur agerade de personer som riskerade f\u00f6rvisning? Kan vi veta n\u00e5got om de utvisades egna \u00e5tg\u00e4rder och deras fortsatta livs\u00f6den?<\/span><span data-ccp-props=\"{&quot;201341983&quot;:0,&quot;335559739&quot;:160,&quot;335559740&quot;:259}\">\u00a0<\/span><\/li>\n<\/ul>\n<p><span data-contrast=\"auto\">Anm\u00e4l ditt intresse f\u00f6r presentation av ett paper senast den <strong>31 maj 2024<\/strong>: s\u00e4nd e-post till Kasper Kepsu (kasper.kepsu@abo.fi) med f\u00f6rslag p\u00e5 titel, en kort abstract (ca 200 ord) och en kortfattad CV.<\/span><span data-ccp-props=\"{&quot;201341983&quot;:0,&quot;335559739&quot;:160,&quot;335559740&quot;:259}\">\u00a0<\/span><\/p>\n<p><span data-contrast=\"auto\">Bekr\u00e4ftelse p\u00e5 medverkan ges f\u00f6re den <strong>20 juni 2024<\/strong>. Kost och logi i \u00c5bo erbjuds och vi ers\u00e4tter \u00e4ven resekostnader.<\/span><span data-ccp-props=\"{&quot;201341983&quot;:0,&quot;335559739&quot;:160,&quot;335559740&quot;:259}\">\u00a0<\/span><\/p>\n<p><span data-contrast=\"auto\">Deltagarna ombes att s\u00e4nda in ett kortare paper (8\u201310 sidor) senast den <strong>30 oktober 2024<\/strong>. Under v\u00e5r workshop i \u00c5bo den 14\u201315 november kan bidragen presenteras p\u00e5 svenska, danska, norska eller engelska. Svenska \u00e4r det huvudsakliga spr\u00e5ket och deltagande f\u00f6ruts\u00e4tter f\u00f6rst\u00e5else av skandinaviska spr\u00e5k. V\u00e5r avsikt \u00e4r att utforma en antologi kring tematiken.\u00a0<\/span><span data-ccp-props=\"{&quot;201341983&quot;:0,&quot;335559739&quot;:160,&quot;335559740&quot;:259}\">\u00a0<\/span><\/p>\n<p><span data-contrast=\"auto\">Varmt v\u00e4lkomna<\/span><span data-ccp-props=\"{&quot;201341983&quot;:0,&quot;335559739&quot;:160,&quot;335559740&quot;:259}\">!<\/span><\/p>\n","protected":false},"excerpt":{"rendered":"<p>Workshop vid \u00c5bo Akademi 14\u201315.11.2024 Vi bjuder in till en workshop om f\u00f6rvisningar i Norden och \u00d6stersj\u00f6omr\u00e5det under f\u00f6rmodern tid. I v\u00e5ra dagars Norden \u00e4r temat tyv\u00e4rr aktuellt. I det f\u00f6rflutna kunde f\u00f6rvisning innefatta m\u00e5nga olika slags \u00e5tg\u00e4rder \u2013 s\u00e5som &hellip; <a href=\"https:\/\/blogs2.abo.fi\/vagoravforvisning\/callforpapers\/\">Forts\u00e4tt l\u00e4sa <span class=\"meta-nav\">&rarr;<\/span><\/a><\/p>\n","protected":false},"author":523,"featured_media":0,"parent":0,"menu_order":0,"comment_status":"closed","ping_status":"closed","template":"","meta":{"footnotes":""},"class_list":["post-2","page","type-page","status-publish","hentry"],"_links":{"self":[{"href":"https:\/\/blogs2.abo.fi\/vagoravforvisning\/wp-json\/wp\/v2\/pages\/2","targetHints":{"allow":["GET"]}}],"collection":[{"href":"https:\/\/blogs2.abo.fi\/vagoravforvisning\/wp-json\/wp\/v2\/pages"}],"about":[{"href":"https:\/\/blogs2.abo.fi\/vagoravforvisning\/wp-json\/wp\/v2\/types\/page"}],"author":[{"embeddable":true,"href":"https:\/\/blogs2.abo.fi\/vagoravforvisning\/wp-json\/wp\/v2\/users\/523"}],"replies":[{"embeddable":true,"href":"https:\/\/blogs2.abo.fi\/vagoravforvisning\/wp-json\/wp\/v2\/comments?post=2"}],"version-history":[{"count":13,"href":"https:\/\/blogs2.abo.fi\/vagoravforvisning\/wp-json\/wp\/v2\/pages\/2\/revisions"}],"predecessor-version":[{"id":156,"href":"https:\/\/blogs2.abo.fi\/vagoravforvisning\/wp-json\/wp\/v2\/pages\/2\/revisions\/156"}],"wp:attachment":[{"href":"https:\/\/blogs2.abo.fi\/vagoravforvisning\/wp-json\/wp\/v2\/media?parent=2"}],"curies":[{"name":"wp","href":"https:\/\/api.w.org\/{rel}","templated":true}]}}