{"id":14,"date":"2024-03-27T11:48:04","date_gmt":"2024-03-27T10:48:04","guid":{"rendered":"https:\/\/blogs2.abo.fi\/vagoravforvisning\/?page_id=14"},"modified":"2024-08-20T22:34:23","modified_gmt":"2024-08-20T20:34:23","slug":"program","status":"publish","type":"page","link":"https:\/\/blogs2.abo.fi\/vagoravforvisning\/program\/","title":{"rendered":"Program"},"content":{"rendered":"<p>Workshoppen \u00e4ger rum i \u00c5bo Akademis utrymmen i auditorium Aura. Ing\u00e5ng sker via Centret f\u00f6r livsl\u00e5ngt l\u00e4rande (Fabriksgatan 2) och skyltning kommer att finnas p\u00e5 plats.<\/p>\n<p>Programmet b\u00f6rjar kl. 10.00 p\u00e5 torsdag 14.11 och vi avslutar workshoppen fredagen 15.11 kl. 13.<\/p>\n<p>&nbsp;<\/p>\n","protected":false},"excerpt":{"rendered":"<p>Workshoppen \u00e4ger rum i \u00c5bo Akademis utrymmen i auditorium Aura. Ing\u00e5ng sker via Centret f\u00f6r livsl\u00e5ngt l\u00e4rande (Fabriksgatan 2) och skyltning kommer att finnas p\u00e5 plats. Programmet b\u00f6rjar kl. 10.00 p\u00e5 torsdag 14.11 och vi avslutar workshoppen fredagen 15.11 kl. &hellip; <a href=\"https:\/\/blogs2.abo.fi\/vagoravforvisning\/program\/\">Forts\u00e4tt l\u00e4sa <span class=\"meta-nav\">&rarr;<\/span><\/a><\/p>\n","protected":false},"author":811,"featured_media":0,"parent":0,"menu_order":0,"comment_status":"closed","ping_status":"closed","template":"","meta":{"footnotes":""},"class_list":["post-14","page","type-page","status-publish","hentry"],"_links":{"self":[{"href":"https:\/\/blogs2.abo.fi\/vagoravforvisning\/wp-json\/wp\/v2\/pages\/14","targetHints":{"allow":["GET"]}}],"collection":[{"href":"https:\/\/blogs2.abo.fi\/vagoravforvisning\/wp-json\/wp\/v2\/pages"}],"about":[{"href":"https:\/\/blogs2.abo.fi\/vagoravforvisning\/wp-json\/wp\/v2\/types\/page"}],"author":[{"embeddable":true,"href":"https:\/\/blogs2.abo.fi\/vagoravforvisning\/wp-json\/wp\/v2\/users\/811"}],"replies":[{"embeddable":true,"href":"https:\/\/blogs2.abo.fi\/vagoravforvisning\/wp-json\/wp\/v2\/comments?post=14"}],"version-history":[{"count":7,"href":"https:\/\/blogs2.abo.fi\/vagoravforvisning\/wp-json\/wp\/v2\/pages\/14\/revisions"}],"predecessor-version":[{"id":168,"href":"https:\/\/blogs2.abo.fi\/vagoravforvisning\/wp-json\/wp\/v2\/pages\/14\/revisions\/168"}],"wp:attachment":[{"href":"https:\/\/blogs2.abo.fi\/vagoravforvisning\/wp-json\/wp\/v2\/media?parent=14"}],"curies":[{"name":"wp","href":"https:\/\/api.w.org\/{rel}","templated":true}]}}