{"id":321,"date":"2023-01-20T13:00:39","date_gmt":"2023-01-20T13:00:39","guid":{"rendered":"https:\/\/blogs2.abo.fi\/undervisningslabb\/?page_id=321"},"modified":"2023-01-26T11:20:21","modified_gmt":"2023-01-26T11:20:21","slug":"videostudio","status":"publish","type":"page","link":"https:\/\/blogs2.abo.fi\/undervisningslabb\/videostudio\/","title":{"rendered":"Videostudio"},"content":{"rendered":"\n<p>&nbsp;<\/p>\n\n\n<nav class=\"has-text-color has-background-color has-background has-foreground-background-color is-responsive alignfull wp-block-navigation is-layout-flex wp-block-navigation-is-layout-flex\" aria-label=\"Navigation\" \n\t\t data-wp-interactive=\"core\/navigation\" data-wp-context='{\"overlayOpenedBy\":{\"click\":false,\"hover\":false,\"focus\":false},\"type\":\"overlay\",\"roleAttribute\":\"\",\"ariaLabel\":\"Meny\"}'><button aria-haspopup=\"dialog\" aria-label=\"\u00d6ppna meny\" class=\"wp-block-navigation__responsive-container-open\" \n\t\t\t\tdata-wp-on--click=\"actions.openMenuOnClick\"\n\t\t\t\tdata-wp-on--keydown=\"actions.handleMenuKeydown\"\n\t\t\t><svg width=\"24\" height=\"24\" xmlns=\"http:\/\/www.w3.org\/2000\/svg\" viewBox=\"0 0 24 24\" aria-hidden=\"true\" focusable=\"false\"><path d=\"M4 7.5h16v1.5H4z\"><\/path><path d=\"M4 15h16v1.5H4z\"><\/path><\/svg><\/button>\n\t\t\t\t<div class=\"wp-block-navigation__responsive-container\"  id=\"modal-1\" \n\t\t\t\tdata-wp-class--has-modal-open=\"state.isMenuOpen\"\n\t\t\t\tdata-wp-class--is-menu-open=\"state.isMenuOpen\"\n\t\t\t\tdata-wp-watch=\"callbacks.initMenu\"\n\t\t\t\tdata-wp-on--keydown=\"actions.handleMenuKeydown\"\n\t\t\t\tdata-wp-on--focusout=\"actions.handleMenuFocusout\"\n\t\t\t\ttabindex=\"-1\"\n\t\t\t>\n\t\t\t\t\t<div class=\"wp-block-navigation__responsive-close\" tabindex=\"-1\">\n\t\t\t\t\t\t<div class=\"wp-block-navigation__responsive-dialog\" \n\t\t\t\tdata-wp-bind--aria-modal=\"state.ariaModal\"\n\t\t\t\tdata-wp-bind--aria-label=\"state.ariaLabel\"\n\t\t\t\tdata-wp-bind--role=\"state.roleAttribute\"\n\t\t\t>\n\t\t\t\t\t\t\t<button aria-label=\"St\u00e4ng meny\" class=\"wp-block-navigation__responsive-container-close\" \n\t\t\t\tdata-wp-on--click=\"actions.closeMenuOnClick\"\n\t\t\t><svg xmlns=\"http:\/\/www.w3.org\/2000\/svg\" viewBox=\"0 0 24 24\" width=\"24\" height=\"24\" aria-hidden=\"true\" focusable=\"false\"><path d=\"m13.06 12 6.47-6.47-1.06-1.06L12 10.94 5.53 4.47 4.47 5.53 10.94 12l-6.47 6.47 1.06 1.06L12 13.06l6.47 6.47 1.06-1.06L13.06 12Z\"><\/path><\/svg><\/button>\n\t\t\t\t\t\t\t<div class=\"wp-block-navigation__responsive-container-content\" \n\t\t\t\tdata-wp-watch=\"callbacks.focusFirstElement\"\n\t\t\t id=\"modal-1-content\">\n\t\t\t\t\t\t\t\t<ul class=\"wp-block-navigation__container has-text-color has-background-color has-background has-foreground-background-color is-responsive alignfull wp-block-navigation\"><li class=\"wp-block-navigation-item\"><div class=\"is-default-size wp-block-site-logo\"><a href=\"https:\/\/blogs2.abo.fi\/undervisningslabb\/\" class=\"custom-logo-link\" rel=\"home\"><img loading=\"lazy\" decoding=\"async\" width=\"322\" height=\"320\" src=\"https:\/\/blogs2.abo.fi\/undervisningslabb\/wp-content\/uploads\/sites\/216\/2022\/03\/AboAkademiUniversity_white-text.png\" class=\"custom-logo\" alt=\"Undervisnings- och medialabb\" srcset=\"https:\/\/blogs2.abo.fi\/undervisningslabb\/wp-content\/uploads\/sites\/216\/2022\/03\/AboAkademiUniversity_white-text.png 322w, https:\/\/blogs2.abo.fi\/undervisningslabb\/wp-content\/uploads\/sites\/216\/2022\/03\/AboAkademiUniversity_white-text-300x298.png 300w, https:\/\/blogs2.abo.fi\/undervisningslabb\/wp-content\/uploads\/sites\/216\/2022\/03\/AboAkademiUniversity_white-text-150x150.png 150w\" sizes=\"auto, (max-width: 322px) 100vw, 322px\" \/><\/a><\/div><\/li><li class=\" wp-block-navigation-item wp-block-navigation-link\"><a class=\"wp-block-navigation-item__content\"  href=\"https:\/\/blogs2.abo.fi\/undervisningslabb\/videostudio\/\"><span class=\"wp-block-navigation-item__label\">Videostudio<\/span><\/a><\/li><li class=\" wp-block-navigation-item wp-block-navigation-link\"><a class=\"wp-block-navigation-item__content\"  href=\"https:\/\/blogs2.abo.fi\/undervisningslabb\/podcaststudio\/\"><span class=\"wp-block-navigation-item__label\">Podcaststudio<\/span><\/a><\/li><li class=\" wp-block-navigation-item wp-block-navigation-link\"><a class=\"wp-block-navigation-item__content\"  href=\"https:\/\/blogs2.abo.fi\/undervisningslabb\/\"><span class=\"wp-block-navigation-item__label\">Projektets hemsida<\/span><\/a><\/li><li class=\" wp-block-navigation-item wp-block-navigation-link\"><a class=\"wp-block-navigation-item__content\"  href=\"https:\/\/blogs2.abo.fi\/undervisningslabb\/blogg\/\"><span class=\"wp-block-navigation-item__label\">Blogg<\/span><\/a><\/li><\/ul>\n\t\t\t\t\t\t\t<\/div>\n\t\t\t\t\t\t<\/div>\n\t\t\t\t\t<\/div>\n\t\t\t\t<\/div><\/nav>\n\n\n<div class=\"wp-block-group alignfull has-background is-layout-flow wp-block-group-is-layout-flow\" style=\"background-color:#f8f4e4\">\n<div class=\"wp-block-columns alignwide is-layout-flex wp-container-core-columns-is-layout-28f84493 wp-block-columns-is-layout-flex\">\n<div class=\"wp-block-column is-layout-flow wp-block-column-is-layout-flow\">\n<h6 class=\"has-text-color wp-block-heading\" id=\"ecosystem\" style=\"color:#000000\">\u00c5bo<\/h6>\n\n\n\n<p class=\"has-text-color\" style=\"color:#000000;font-size:5vw;line-height:1.1\"><strong>Videostudio<\/strong><\/p>\n\n\n\n<div class=\"wp-block-columns is-layout-flex wp-container-core-columns-is-layout-28f84493 wp-block-columns-is-layout-flex\">\n<div class=\"wp-block-column is-layout-flow wp-block-column-is-layout-flow\" style=\"flex-basis:66.66%\">\n<p>&lt;sidan \u00e4r under uppdatering&gt;<br><\/p>\n\n\n\n<p>I videostudion kan man spela in t ex diskussioner, intervjuer, f\u00f6rel\u00e4sningar. Man kan ocks\u00e5 s\u00e4nda live fr\u00e5n studion. Storleksm\u00e4ssigt passar studion b\u00e4st f\u00f6r en session med 1-4 personer p\u00e5 plats samtidigt. <\/p>\n\n\n\n<p>Instruktioner f\u00f6r videostudion hittar du h\u00e4r: <\/p>\n\n\n\n<ul class=\"wp-block-list\">\n<li><a href=\"https:\/\/web.abo.fi\/dc\/guides\/VideostudionQuickGuide.pdf\" target=\"_blank\" rel=\"noreferrer noopener\">Snabbguide f\u00f6r inspelning (pdf)<\/a><\/li>\n\n\n\n<li><a rel=\"noreferrer noopener\" href=\"https:\/\/web.abo.fi\/dc\/guides\/VideostudionASAsimpelinspelning.pdf\" data-type=\"URL\" data-id=\"https:\/\/web.abo.fi\/dc\/guides\/VideostudionASAsimpelinspelning.pdf\" target=\"_blank\">Guide f\u00f6r enkel inspelning (pdf)<\/a><\/li>\n\n\n\n<li><a rel=\"noreferrer noopener\" href=\"https:\/\/web.abo.fi\/dc\/guides\/VideostudionASAavanceradinspelning.pdf\" target=\"_blank\">Guide f\u00f6r avancerad inspelning (4K-6K kvalitet) (pdf)<\/a><\/li>\n<\/ul>\n\n\n\n<p>&nbsp;&nbsp;<\/p>\n\n\n\n<figure class=\"wp-block-image size-large\"><img loading=\"lazy\" decoding=\"async\" width=\"1024\" height=\"584\" src=\"http:\/\/blogs2.abo.fi\/undervisningslabb\/wp-content\/uploads\/sites\/216\/2023\/01\/VS-fondvagg-med-personer-och-kameror-1024x584.jpeg\" alt=\"\" class=\"wp-image-275\" srcset=\"https:\/\/blogs2.abo.fi\/undervisningslabb\/wp-content\/uploads\/sites\/216\/2023\/01\/VS-fondvagg-med-personer-och-kameror-1024x584.jpeg 1024w, https:\/\/blogs2.abo.fi\/undervisningslabb\/wp-content\/uploads\/sites\/216\/2023\/01\/VS-fondvagg-med-personer-och-kameror-300x171.jpeg 300w, https:\/\/blogs2.abo.fi\/undervisningslabb\/wp-content\/uploads\/sites\/216\/2023\/01\/VS-fondvagg-med-personer-och-kameror-768x438.jpeg 768w, https:\/\/blogs2.abo.fi\/undervisningslabb\/wp-content\/uploads\/sites\/216\/2023\/01\/VS-fondvagg-med-personer-och-kameror-1536x876.jpeg 1536w, https:\/\/blogs2.abo.fi\/undervisningslabb\/wp-content\/uploads\/sites\/216\/2023\/01\/VS-fondvagg-med-personer-och-kameror-2048x1168.jpeg 2048w\" sizes=\"auto, (max-width: 1024px) 100vw, 1024px\" \/><\/figure>\n<\/div>\n\n\n\n<div class=\"wp-block-column is-layout-flow wp-block-column-is-layout-flow\"><\/div>\n\n\n\n<div class=\"wp-block-column is-layout-flow wp-block-column-is-layout-flow\"><\/div>\n\n\n\n<div class=\"wp-block-column is-layout-flow wp-block-column-is-layout-flow\"><\/div>\n\n\n\n<div class=\"wp-block-column is-layout-flow wp-block-column-is-layout-flow\"><\/div>\n\n\n\n<div class=\"wp-block-column is-layout-flow wp-block-column-is-layout-flow\" style=\"flex-basis:33.33%\">\n<h4 class=\"wp-block-heading\">Plats<\/h4>\n\n\n\n<p>ASA C, 2 v\u00e5ningen<\/p>\n\n\n\n<p>&nbsp;<\/p>\n\n\n\n<h4 class=\"wp-block-heading\">Bokning<\/h4>\n\n\n\n<p>Bokas via Peppi. Studion kan bokas av personal och studerande vardagar mellan kl 8-17.&nbsp;<\/p>\n\n\n\n<h4 class=\"wp-block-heading\">Support<\/h4>\n\n\n\n<p>Boka en handledningsession f\u00f6re du anv\u00e4nder studion f\u00f6rsta g\u00e5ngen! Kontakta digimentorerna eller helpdesk om du har fr\u00e5gor.<\/p>\n\n\n\n<p>&nbsp;<\/p>\n\n\n\n<h4 class=\"wp-block-heading\">Lista p\u00e5 teknik i studion<\/h4>\n\n\n\n<ul class=\"wp-block-list\">\n<li>&nbsp;2 st videokameror Blackmagic Pocket Cinema Camera 6K G2 med objektivet Sigma 24-105MM F\/4 DG OS HSM Art Canon<\/li>\n\n\n\n<li>4 st tr\u00e5dl\u00f6sa mikrofoner Sennheiser XSW-D lavalier set<\/li>\n\n\n\n<li>Audiomixer R\u00d8DECaster Pro II<\/li>\n\n\n\n<li>Videoswitch Blackmagic Design Atem Mini Pro ISO<\/li>\n\n\n\n<li>Belysning: 4 st ledpaneler (Ledgo E268) och en m\u00e5ngf\u00e4rgad led-spotlight (Fun Generation LED Pot 12x1W RGBW)<\/li>\n\n\n\n<li> Mac-dator med bl.a. OBS och DaVinci Resolve<\/li>\n<\/ul>\n\n\n\n<p>&nbsp;<\/p>\n\n\n\n<p>&nbsp;<\/p>\n\n\n\n<h4 class=\"wp-block-heading\">Tips<\/h4>\n\n\n\n<p>&lt;l\u00e4nkar till externa guider&gt;<\/p>\n<\/div>\n<\/div>\n<\/div>\n<\/div>\n\n\n\n<div class=\"wp-block-columns alignwide is-layout-flex wp-container-core-columns-is-layout-28f84493 wp-block-columns-is-layout-flex\"><\/div>\n\n\n\n<div class=\"wp-block-columns is-layout-flex wp-container-core-columns-is-layout-28f84493 wp-block-columns-is-layout-flex\">\n<div class=\"wp-block-column is-layout-flow wp-block-column-is-layout-flow\">\n<p>&nbsp;<\/p>\n<\/div>\n<\/div>\n<\/div>\n\n\n\n<p>&nbsp;<\/p>\n","protected":false},"excerpt":{"rendered":"<p>&nbsp; \u00c5bo Videostudio &lt;sidan \u00e4r under uppdatering&gt; I videostudion kan man spela in t ex diskussioner, intervjuer, f\u00f6rel\u00e4sningar. Man kan ocks\u00e5 s\u00e4nda live fr\u00e5n studion. Storleksm\u00e4ssigt passar studion b\u00e4st f\u00f6r en session med 1-4 personer p\u00e5 plats samtidigt. Instruktioner f\u00f6r videostudion hittar du h\u00e4r: &nbsp;&nbsp; Plats ASA C, 2 v\u00e5ningen &nbsp; Bokning Bokas via Peppi. [&hellip;]<\/p>\n","protected":false},"author":569,"featured_media":0,"parent":0,"menu_order":0,"comment_status":"closed","ping_status":"closed","template":"blank","meta":{"footnotes":""},"class_list":["post-321","page","type-page","status-publish","hentry"],"_links":{"self":[{"href":"https:\/\/blogs2.abo.fi\/undervisningslabb\/wp-json\/wp\/v2\/pages\/321","targetHints":{"allow":["GET"]}}],"collection":[{"href":"https:\/\/blogs2.abo.fi\/undervisningslabb\/wp-json\/wp\/v2\/pages"}],"about":[{"href":"https:\/\/blogs2.abo.fi\/undervisningslabb\/wp-json\/wp\/v2\/types\/page"}],"author":[{"embeddable":true,"href":"https:\/\/blogs2.abo.fi\/undervisningslabb\/wp-json\/wp\/v2\/users\/569"}],"replies":[{"embeddable":true,"href":"https:\/\/blogs2.abo.fi\/undervisningslabb\/wp-json\/wp\/v2\/comments?post=321"}],"version-history":[{"count":10,"href":"https:\/\/blogs2.abo.fi\/undervisningslabb\/wp-json\/wp\/v2\/pages\/321\/revisions"}],"predecessor-version":[{"id":342,"href":"https:\/\/blogs2.abo.fi\/undervisningslabb\/wp-json\/wp\/v2\/pages\/321\/revisions\/342"}],"wp:attachment":[{"href":"https:\/\/blogs2.abo.fi\/undervisningslabb\/wp-json\/wp\/v2\/media?parent=321"}],"curies":[{"name":"wp","href":"https:\/\/api.w.org\/{rel}","templated":true}]}}