{"id":117,"date":"2022-03-24T07:16:31","date_gmt":"2022-03-24T07:16:31","guid":{"rendered":"https:\/\/blogs2.abo.fi\/undervisningslabb\/?page_id=117"},"modified":"2022-04-19T10:54:41","modified_gmt":"2022-04-19T10:54:41","slug":"formular","status":"publish","type":"page","link":"https:\/\/blogs2.abo.fi\/undervisningslabb\/formular\/","title":{"rendered":"Feedback"},"content":{"rendered":"<p>Genom det h\u00e4r formul\u00e4ret kan du skicka dina \u00e5sikter och \u00f6nskem\u00e5l g\u00e4llande undervisnings- och medielabbet till projektgruppen.<\/p>\n<p>***<br \/>\nPlease use the form below to send the project group your thoughts and wishes regarding the teaching and media lab\u00a0 (you can change the language to English at the top of the survey)<\/p>\n<p><iframe loading=\"lazy\" style=\"border: none; width: 100%; height: 2700px;\" src=\"https:\/\/forms.office.com\/Pages\/ResponsePage.aspx?id=DQbGlX7E_0m9cCfepJPyQXgObs_9bqdAqC1eI7E9srhUQksxMTc3RDhYUkI3MTEzSVZHM09RSDdRRi4u&amp;embed=true\" width=\"640px\" height=\"480px\" frameborder=\"0\" marginwidth=\"0\" marginheight=\"0\" allowfullscreen=\"allowfullscreen\"><span data-mce-type=\"bookmark\" style=\"display: inline-block; width: 0px; overflow: hidden; line-height: 0;\" class=\"mce_SELRES_start\">\ufeff<\/span> <\/iframe><\/p>\n","protected":false},"excerpt":{"rendered":"<p>Genom det h\u00e4r formul\u00e4ret kan du skicka dina \u00e5sikter och \u00f6nskem\u00e5l g\u00e4llande undervisnings- och medielabbet till projektgruppen. *** Please use the form below to send the project group your thoughts and wishes regarding the teaching and media lab\u00a0 (you can change the language to English at the top of the survey) \ufeff<\/p>\n","protected":false},"author":612,"featured_media":0,"parent":0,"menu_order":0,"comment_status":"closed","ping_status":"closed","template":"single-no-separators","meta":{"footnotes":""},"class_list":["post-117","page","type-page","status-publish","hentry"],"_links":{"self":[{"href":"https:\/\/blogs2.abo.fi\/undervisningslabb\/wp-json\/wp\/v2\/pages\/117","targetHints":{"allow":["GET"]}}],"collection":[{"href":"https:\/\/blogs2.abo.fi\/undervisningslabb\/wp-json\/wp\/v2\/pages"}],"about":[{"href":"https:\/\/blogs2.abo.fi\/undervisningslabb\/wp-json\/wp\/v2\/types\/page"}],"author":[{"embeddable":true,"href":"https:\/\/blogs2.abo.fi\/undervisningslabb\/wp-json\/wp\/v2\/users\/612"}],"replies":[{"embeddable":true,"href":"https:\/\/blogs2.abo.fi\/undervisningslabb\/wp-json\/wp\/v2\/comments?post=117"}],"version-history":[{"count":16,"href":"https:\/\/blogs2.abo.fi\/undervisningslabb\/wp-json\/wp\/v2\/pages\/117\/revisions"}],"predecessor-version":[{"id":209,"href":"https:\/\/blogs2.abo.fi\/undervisningslabb\/wp-json\/wp\/v2\/pages\/117\/revisions\/209"}],"wp:attachment":[{"href":"https:\/\/blogs2.abo.fi\/undervisningslabb\/wp-json\/wp\/v2\/media?parent=117"}],"curies":[{"name":"wp","href":"https:\/\/api.w.org\/{rel}","templated":true}]}}