{"id":97,"date":"2020-10-26T12:56:10","date_gmt":"2020-10-26T12:56:10","guid":{"rendered":"http:\/\/blogs2.abo.fi\/tin\/?page_id=97"},"modified":"2021-09-29T12:56:01","modified_gmt":"2021-09-29T12:56:01","slug":"annan-kursverksamhet","status":"publish","type":"page","link":"https:\/\/blogs2.abo.fi\/tin\/annan-kursverksamhet\/","title":{"rendered":"\u00d6vrig kursverksamhet"},"content":{"rendered":"<p><strong>Som doktorand \u00e4r det viktigt att man f\u00e5r m\u00f6jlighet att f\u00f6rkovra sig i sitt \u00e4mnesomr\u00e5de.<\/strong><\/p>\n<p>\u00c5bo Akademi har samlat relevant information g\u00e4llande kurser f\u00f6r doktorander. Kolla g\u00e4rna in denna sida (inloggningsuppgifter beh\u00f6vs) f\u00f6r att f\u00e5 tips:<\/p>\n<p><a href=\"https:\/\/abofi.sharepoint.com\/sites\/intra-forska\/SitePages\/Kurser-f%C3%B6r-doktorander.aspx\">Kurser f\u00f6r doktorander<\/a><\/p>\n<p>&nbsp;<\/p>\n<p>Nedan hittas specifikt l\u00e4nkar, under vilka man kan hitta intressanta kurser som kan vara relevanta f\u00f6r doktorandstud\u00ederna:<\/p>\n<p><a href=\"https:\/\/studiehandboken.abo.fi\/sv\/index?period=2020-2022\"><strong>\u00c5bo Akademis Studiehandbok\u00a0<\/strong><\/a><\/p>\n<p><strong><a href=\"https:\/\/fitech.io\/en\/?gclid=EAIaIQobChMI36uN_KjS7AIVFvuyCh3I6AbUEAAYASAAEgKmcPD_BwE\">FITECH<\/a><\/strong><\/p>\n<p><b>Hanken Svenska handelsskolan<\/b><\/p>\n<p>&nbsp;<\/p>\n","protected":false},"excerpt":{"rendered":"<p>Som doktorand \u00e4r det viktigt att man f\u00e5r m\u00f6jlighet att f\u00f6rkovra sig i sitt \u00e4mnesomr\u00e5de. \u00c5bo Akademi har samlat relevant information g\u00e4llande kurser f\u00f6r doktorander. Kolla g\u00e4rna in denna sida (inloggningsuppgifter beh\u00f6vs) f\u00f6r att f\u00e5 tips: Kurser f\u00f6r doktorander &nbsp; Nedan hittas specifikt l\u00e4nkar, under vilka man kan hitta intressanta kurser som kan vara relevanta &hellip; <\/p>\n<p class=\"link-more\"><a href=\"https:\/\/blogs2.abo.fi\/tin\/annan-kursverksamhet\/\" class=\"more-link\">Forts\u00e4tt l\u00e4sa<span class=\"screen-reader-text\"> \u201d\u00d6vrig kursverksamhet\u201d<\/span><\/a><\/p>\n","protected":false},"author":567,"featured_media":0,"parent":0,"menu_order":0,"comment_status":"closed","ping_status":"closed","template":"","meta":{"footnotes":""},"class_list":["post-97","page","type-page","status-publish","hentry"],"_links":{"self":[{"href":"https:\/\/blogs2.abo.fi\/tin\/wp-json\/wp\/v2\/pages\/97","targetHints":{"allow":["GET"]}}],"collection":[{"href":"https:\/\/blogs2.abo.fi\/tin\/wp-json\/wp\/v2\/pages"}],"about":[{"href":"https:\/\/blogs2.abo.fi\/tin\/wp-json\/wp\/v2\/types\/page"}],"author":[{"embeddable":true,"href":"https:\/\/blogs2.abo.fi\/tin\/wp-json\/wp\/v2\/users\/567"}],"replies":[{"embeddable":true,"href":"https:\/\/blogs2.abo.fi\/tin\/wp-json\/wp\/v2\/comments?post=97"}],"version-history":[{"count":9,"href":"https:\/\/blogs2.abo.fi\/tin\/wp-json\/wp\/v2\/pages\/97\/revisions"}],"predecessor-version":[{"id":305,"href":"https:\/\/blogs2.abo.fi\/tin\/wp-json\/wp\/v2\/pages\/97\/revisions\/305"}],"wp:attachment":[{"href":"https:\/\/blogs2.abo.fi\/tin\/wp-json\/wp\/v2\/media?parent=97"}],"curies":[{"name":"wp","href":"https:\/\/api.w.org\/{rel}","templated":true}]}}