{"id":82,"date":"2020-10-21T11:22:23","date_gmt":"2020-10-21T11:22:23","guid":{"rendered":"http:\/\/blogs2.abo.fi\/tin\/?page_id=82"},"modified":"2024-06-04T11:16:27","modified_gmt":"2024-06-04T11:16:27","slug":"arbetsgruppen","status":"publish","type":"page","link":"https:\/\/blogs2.abo.fi\/tin\/arbetsgruppen\/","title":{"rendered":"Arbetsgruppen"},"content":{"rendered":"<p><strong>Arbetsgruppen f\u00f6r TIN-doktorandn\u00e4tverket<\/strong>\u00a0best\u00e5r av:<\/p>\n<p style=\"padding-left: 40px\">Margareta Bj\u00f6rklund-S\u00e4nkiaho (Professor i Energiteknik, \u00c5A, Vasa)<\/p>\n<p style=\"padding-left: 40px\">Jessica Tuuf (Projektforskare i Energiteknik, \u00c5A, Vasa)<\/p>\n<p style=\"padding-left: 40px\">Andreas Lundell (Tenure track professor, Informationsteknologi, \u00c5A, Vasa)<\/p>\n<p style=\"padding-left: 40px\">Stefan Backlund (Projektledare, IT, \u00c5A, Vasa)<\/p>\n<p style=\"padding-left: 40px\">John Dahlbacka (Forskningsledare, FoU, Novia)<\/p>\n<p style=\"padding-left: 40px\">Charlotta Risku (General Manager, Mirka)<\/p>\n<p>&nbsp;<\/p>\n<p>Till arbetsgruppens uppgifter h\u00f6r:<\/p>\n<ul>\n<li>att planera och och verkst\u00e4lla verksamheten<\/li>\n<li>att uppr\u00e4tth\u00e5lla webb-sidan<\/li>\n<li>att behandla ans\u00f6kningar g\u00e4llande finansiering<\/li>\n<\/ul>\n","protected":false},"excerpt":{"rendered":"<p>Arbetsgruppen f\u00f6r TIN-doktorandn\u00e4tverket\u00a0best\u00e5r av: Margareta Bj\u00f6rklund-S\u00e4nkiaho (Professor i Energiteknik, \u00c5A, Vasa) Jessica Tuuf (Projektforskare i Energiteknik, \u00c5A, Vasa) Andreas Lundell (Tenure track professor, Informationsteknologi, \u00c5A, Vasa) Stefan Backlund (Projektledare, IT, \u00c5A, Vasa) John Dahlbacka (Forskningsledare, FoU, Novia) Charlotta Risku (General Manager, Mirka) &nbsp; Till arbetsgruppens uppgifter h\u00f6r: att planera och och verkst\u00e4lla verksamheten att uppr\u00e4tth\u00e5lla &hellip; <\/p>\n<p class=\"link-more\"><a href=\"https:\/\/blogs2.abo.fi\/tin\/arbetsgruppen\/\" class=\"more-link\">Forts\u00e4tt l\u00e4sa<span class=\"screen-reader-text\"> \u201dArbetsgruppen\u201d<\/span><\/a><\/p>\n","protected":false},"author":567,"featured_media":0,"parent":0,"menu_order":0,"comment_status":"closed","ping_status":"closed","template":"","meta":{"footnotes":""},"class_list":["post-82","page","type-page","status-publish","hentry"],"_links":{"self":[{"href":"https:\/\/blogs2.abo.fi\/tin\/wp-json\/wp\/v2\/pages\/82","targetHints":{"allow":["GET"]}}],"collection":[{"href":"https:\/\/blogs2.abo.fi\/tin\/wp-json\/wp\/v2\/pages"}],"about":[{"href":"https:\/\/blogs2.abo.fi\/tin\/wp-json\/wp\/v2\/types\/page"}],"author":[{"embeddable":true,"href":"https:\/\/blogs2.abo.fi\/tin\/wp-json\/wp\/v2\/users\/567"}],"replies":[{"embeddable":true,"href":"https:\/\/blogs2.abo.fi\/tin\/wp-json\/wp\/v2\/comments?post=82"}],"version-history":[{"count":14,"href":"https:\/\/blogs2.abo.fi\/tin\/wp-json\/wp\/v2\/pages\/82\/revisions"}],"predecessor-version":[{"id":497,"href":"https:\/\/blogs2.abo.fi\/tin\/wp-json\/wp\/v2\/pages\/82\/revisions\/497"}],"wp:attachment":[{"href":"https:\/\/blogs2.abo.fi\/tin\/wp-json\/wp\/v2\/media?parent=82"}],"curies":[{"name":"wp","href":"https:\/\/api.w.org\/{rel}","templated":true}]}}