{"id":75,"date":"2020-10-21T11:09:09","date_gmt":"2020-10-21T11:09:09","guid":{"rendered":"http:\/\/blogs2.abo.fi\/tin\/?page_id=75"},"modified":"2020-11-17T11:06:15","modified_gmt":"2020-11-17T11:06:15","slug":"kick-off-tillfalle-2-12-2020-kl-13-15","status":"publish","type":"page","link":"https:\/\/blogs2.abo.fi\/tin\/kick-off-tillfalle-2-12-2020-kl-13-15\/","title":{"rendered":"Kick-off tillf\u00e4lle 4.12.2020 kl 13-15"},"content":{"rendered":"<p><strong>V\u00e4lkomna med p\u00e5 TIN-doktorandn\u00e4tverkets f\u00f6rsta tr\u00e4ff!<\/strong><\/p>\n<p>&nbsp;<\/p>\n<p><strong>Program<\/strong><\/p>\n<p>13.00 &#8211; 13.05\u00a0 \u00a0 \u00a0 \u00a0Inledning och v\u00e4lkomstord<\/p>\n<p>13.05 &#8211; 13.25\u00a0 \u00a0 \u00a0 \u00a0Presentation av TIN-doktorandn\u00e4tverket i \u00d6sterbotten\u00a0 \u00a0 \u00a0 \u00a0 \u00a0 \u00a0 \u00a0 \u00a0 \u00a0 \u00a0 \u00a0 \u00a0 \u00a0 \u00a0 \u00a0 \u00a0 \u00a0 \u00a0 \u00a0 \u00a0 \u00a0 \u00a0 \u00a0 \u00a0 \u00a0 \u00a0 \u00a0 <em>Margareta Bj\u00f6rklund-S\u00e4nkiaho, Professor i Energiteknik vid \u00c5A<\/em><\/p>\n<p>13.25 &#8211; 14.00\u00a0 \u00a0 \u00a0 \u00a0Gruppdiskussioner och sammanfattning<\/p>\n<p>14.00 &#8211; 14.05\u00a0 \u00a0 \u00a0 \u00a0Virtuell kaffe- eller gl\u00f6ggpaus<\/p>\n<p>14.05 &#8211; 14.25\u00a0 \u00a0 \u00a0 \u00a0TIN-doktorandn\u00e4tverket fr\u00e5n industrins synvinkel\u00a0 \u00a0 \u00a0 \u00a0 \u00a0 \u00a0 \u00a0 \u00a0 \u00a0 \u00a0 \u00a0 \u00a0 \u00a0 \u00a0 \u00a0 \u00a0 \u00a0 \u00a0 \u00a0 \u00a0 \u00a0 \u00a0 \u00a0 \u00a0 \u00a0 \u00a0 \u00a0 \u00a0 \u00a0 \u00a0 \u00a0 <em>Beatriz Meana Esteban, Development Manager Bonded Abrasives,\u00a0 \u00a0 \u00a0 \u00a0 \u00a0 \u00a0 \u00a0 \u00a0 \u00a0 \u00a0 \u00a0 \u00a0 \u00a0 \u00a0 \u00a0 \u00a0 \u00a0 Mirka<\/em><\/p>\n<p>14.25 &#8211; 14.55\u00a0 \u00a0 \u00a0 \u00a0Gruppdiskussioner och sammanfattning<\/p>\n<p>14.55 -15.00\u00a0 \u00a0 \u00a0 \u00a0 Avslutande ord<\/p>\n<p>&nbsp;<\/p>\n<p><strong>V\u00e4nligen registrera dig f\u00f6re Onsdagen den 2.12<\/strong> p\u00e5 f\u00f6ljande l\u00e4nk:<\/p>\n<p><a href=\"https:\/\/survey.abo.fi\/lomakkeet\/12899\/lomake.html\">https:\/\/survey.abo.fi\/lomakkeet\/12899\/lomake.html<\/a><\/p>\n<p>Efter registrering och en dag f\u00f6re Webbinariet skickas zoom-l\u00e4nken till den e-mail adress som uppges i anm\u00e4lan.<\/p>\n<p>&nbsp;<\/p>\n<p><strong>Varmt v\u00e4lkommen med!<\/strong><\/p>\n<p>&nbsp;<\/p>\n<p>Ifall du har fr\u00e5gor, v\u00e4nligen kontakta <strong>tin@abo.fi<\/strong>.<\/p>\n<p>&nbsp;<\/p>\n<p>&nbsp;<\/p>\n","protected":false},"excerpt":{"rendered":"<p>V\u00e4lkomna med p\u00e5 TIN-doktorandn\u00e4tverkets f\u00f6rsta tr\u00e4ff! &nbsp; Program 13.00 &#8211; 13.05\u00a0 \u00a0 \u00a0 \u00a0Inledning och v\u00e4lkomstord 13.05 &#8211; 13.25\u00a0 \u00a0 \u00a0 \u00a0Presentation av TIN-doktorandn\u00e4tverket i \u00d6sterbotten\u00a0 \u00a0 \u00a0 \u00a0 \u00a0 \u00a0 \u00a0 \u00a0 \u00a0 \u00a0 \u00a0 \u00a0 \u00a0 \u00a0 \u00a0 \u00a0 \u00a0 \u00a0 \u00a0 \u00a0 \u00a0 \u00a0 \u00a0 \u00a0 \u00a0 \u00a0 \u00a0 Margareta Bj\u00f6rklund-S\u00e4nkiaho, Professor &hellip; <\/p>\n<p class=\"link-more\"><a href=\"https:\/\/blogs2.abo.fi\/tin\/kick-off-tillfalle-2-12-2020-kl-13-15\/\" class=\"more-link\">Forts\u00e4tt l\u00e4sa<span class=\"screen-reader-text\"> \u201dKick-off tillf\u00e4lle 4.12.2020 kl 13-15\u201d<\/span><\/a><\/p>\n","protected":false},"author":567,"featured_media":0,"parent":0,"menu_order":0,"comment_status":"closed","ping_status":"closed","template":"","meta":{"footnotes":""},"class_list":["post-75","page","type-page","status-publish","hentry"],"_links":{"self":[{"href":"https:\/\/blogs2.abo.fi\/tin\/wp-json\/wp\/v2\/pages\/75","targetHints":{"allow":["GET"]}}],"collection":[{"href":"https:\/\/blogs2.abo.fi\/tin\/wp-json\/wp\/v2\/pages"}],"about":[{"href":"https:\/\/blogs2.abo.fi\/tin\/wp-json\/wp\/v2\/types\/page"}],"author":[{"embeddable":true,"href":"https:\/\/blogs2.abo.fi\/tin\/wp-json\/wp\/v2\/users\/567"}],"replies":[{"embeddable":true,"href":"https:\/\/blogs2.abo.fi\/tin\/wp-json\/wp\/v2\/comments?post=75"}],"version-history":[{"count":8,"href":"https:\/\/blogs2.abo.fi\/tin\/wp-json\/wp\/v2\/pages\/75\/revisions"}],"predecessor-version":[{"id":192,"href":"https:\/\/blogs2.abo.fi\/tin\/wp-json\/wp\/v2\/pages\/75\/revisions\/192"}],"wp:attachment":[{"href":"https:\/\/blogs2.abo.fi\/tin\/wp-json\/wp\/v2\/media?parent=75"}],"curies":[{"name":"wp","href":"https:\/\/api.w.org\/{rel}","templated":true}]}}