{"id":631,"date":"2026-03-02T11:15:03","date_gmt":"2026-03-02T11:15:03","guid":{"rendered":"https:\/\/blogs2.abo.fi\/tin\/?page_id=631"},"modified":"2026-03-02T11:15:03","modified_gmt":"2026-03-02T11:15:03","slug":"en-techtisdag-17-3-2026","status":"publish","type":"page","link":"https:\/\/blogs2.abo.fi\/tin\/en-techtisdag-17-3-2026\/","title":{"rendered":"En Techtisdag 17.3.2026"},"content":{"rendered":"<p>TIN-doktorandn\u00e4tverket, ET och IT vid \u00c5bo Akademi i Vasa, ET-studerande samt Tekniska F\u00f6reningen i Finland (TFiF) ordnar ett event tisdagen den 17.3.2026.\u00a0 Eftermiddagen b\u00f6rjar med en workshop d\u00e4r vi tillsammans funderar och diskuterar energivisoner f\u00f6r \u00d6sterbotten. Senare p\u00e5 kv\u00e4llen \u00e4ter vi middag tillsammans i Academill.<\/p>\n<p>F\u00f6r mera info samt anm\u00e4lan se h\u00e4r:<\/p>\n<blockquote class=\"wp-embedded-content\" data-secret=\"iXEGmqxnEf\"><p><a href=\"https:\/\/tfif.fi\/evenemang\/en-techtisdag\/\">En TechTisdag<\/a><\/p><\/blockquote>\n<p><iframe loading=\"lazy\" class=\"wp-embedded-content\" sandbox=\"allow-scripts\" security=\"restricted\" style=\"position: absolute; visibility: hidden;\" title=\"\u201dEn TechTisdag\u201d &ndash; TFiF\" src=\"https:\/\/tfif.fi\/evenemang\/en-techtisdag\/embed\/#?secret=psluVvGOwR#?secret=iXEGmqxnEf\" data-secret=\"iXEGmqxnEf\" width=\"525\" height=\"296\" frameborder=\"0\" marginwidth=\"0\" marginheight=\"0\" scrolling=\"no\"><\/iframe><\/p>\n","protected":false},"excerpt":{"rendered":"<p>TIN-doktorandn\u00e4tverket, ET och IT vid \u00c5bo Akademi i Vasa, ET-studerande samt Tekniska F\u00f6reningen i Finland (TFiF) ordnar ett event tisdagen den 17.3.2026.\u00a0 Eftermiddagen b\u00f6rjar med en workshop d\u00e4r vi tillsammans funderar och diskuterar energivisoner f\u00f6r \u00d6sterbotten. Senare p\u00e5 kv\u00e4llen \u00e4ter vi middag tillsammans i Academill. F\u00f6r mera info samt anm\u00e4lan se h\u00e4r: En TechTisdag<\/p>\n","protected":false},"author":567,"featured_media":0,"parent":0,"menu_order":0,"comment_status":"closed","ping_status":"closed","template":"","meta":{"footnotes":""},"class_list":["post-631","page","type-page","status-publish","hentry"],"_links":{"self":[{"href":"https:\/\/blogs2.abo.fi\/tin\/wp-json\/wp\/v2\/pages\/631","targetHints":{"allow":["GET"]}}],"collection":[{"href":"https:\/\/blogs2.abo.fi\/tin\/wp-json\/wp\/v2\/pages"}],"about":[{"href":"https:\/\/blogs2.abo.fi\/tin\/wp-json\/wp\/v2\/types\/page"}],"author":[{"embeddable":true,"href":"https:\/\/blogs2.abo.fi\/tin\/wp-json\/wp\/v2\/users\/567"}],"replies":[{"embeddable":true,"href":"https:\/\/blogs2.abo.fi\/tin\/wp-json\/wp\/v2\/comments?post=631"}],"version-history":[{"count":1,"href":"https:\/\/blogs2.abo.fi\/tin\/wp-json\/wp\/v2\/pages\/631\/revisions"}],"predecessor-version":[{"id":632,"href":"https:\/\/blogs2.abo.fi\/tin\/wp-json\/wp\/v2\/pages\/631\/revisions\/632"}],"wp:attachment":[{"href":"https:\/\/blogs2.abo.fi\/tin\/wp-json\/wp\/v2\/media?parent=631"}],"curies":[{"name":"wp","href":"https:\/\/api.w.org\/{rel}","templated":true}]}}