{"id":578,"date":"2025-11-06T12:59:37","date_gmt":"2025-11-06T12:59:37","guid":{"rendered":"https:\/\/blogs2.abo.fi\/tin\/?page_id=578"},"modified":"2025-11-06T13:01:55","modified_gmt":"2025-11-06T13:01:55","slug":"tin-goes-novia","status":"publish","type":"page","link":"https:\/\/blogs2.abo.fi\/tin\/tin-goes-novia\/","title":{"rendered":"TIN goes Novia 11.11"},"content":{"rendered":"<p><strong>TIN bes\u00f6ker Yrkesh\u00f6gskolan Novia i Vasa tisdagen den 11.11. 2025 kl 13-16. Tillf\u00e4llet h\u00e5lls i rum F4210 p\u00e5 andra v\u00e5ningen i Technobothnia.<\/strong><\/p>\n<p>&nbsp;<\/p>\n<p>V\u00e4nligen anm\u00e4l dig <strong>senast 4.11<\/strong> h\u00e4r:<\/p>\n<p><a href=\"https:\/\/survey.abo.fi\/lomakkeet\/17220\/lomake.html\">https:\/\/survey.abo.fi\/lomakkeet\/17220\/lomake.html<\/a><\/p>\n<p><strong>\u00a0<\/strong><\/p>\n<p><strong>Programmet h\u00e5lls p\u00e5 svenska<\/strong>, men man har m\u00f6jlighet att st\u00e4lla fr\u00e5gor p\u00e5 engelska.<\/p>\n<p>&nbsp;<\/p>\n<p><strong>PROGRAM<\/strong><\/p>\n<p>13.00-13.10 \u00a0\u00a0\u00a0\u00a0\u00a0\u00a0\u00a0\u00a0\u00a0\u00a0\u00a0\u00a0\u00a0\u00a0\u00a0\u00a0\u00a0\u00a0\u00a0\u00a0\u00a0\u00a0\u00a0\u00a0\u00a0 <strong>V\u00e4lkommen till Novia<\/strong><\/p>\n<p><em>Forskningsledare <\/em><em>John Dahlbacka, Novia<\/em><\/p>\n<p>13.10-13.25 \u00a0\u00a0\u00a0\u00a0\u00a0\u00a0\u00a0\u00a0\u00a0\u00a0\u00a0\u00a0\u00a0\u00a0\u00a0\u00a0\u00a0\u00a0\u00a0\u00a0\u00a0\u00a0\u00a0\u00a0 <strong>Biogasutveckling vid Novia<\/strong><\/p>\n<p><em>Projektledare Andreas Willfors, Novia<\/em><\/p>\n<p>13.25-13.40 \u00a0\u00a0\u00a0\u00a0\u00a0\u00a0\u00a0\u00a0\u00a0\u00a0\u00a0\u00a0\u00a0\u00a0\u00a0\u00a0\u00a0\u00a0\u00a0\u00a0\u00a0\u00a0\u00a0\u00a0\u00a0 <strong>Intelligent Systems Institute @ Novia<\/strong><\/p>\n<p><em>Projektledare Johan West\u00f6, Novia<\/em><\/p>\n<p>13.40-13.55\u00a0\u00a0\u00a0\u00a0\u00a0\u00a0\u00a0\u00a0\u00a0\u00a0\u00a0\u00a0\u00a0\u00a0\u00a0\u00a0\u00a0\u00a0\u00a0\u00a0\u00a0\u00a0\u00a0\u00a0\u00a0\u00a0 <strong>Anv\u00e4ndning av sura sulfatjordar och sulfidjordar med minimerad milj\u00f6p\u00e5verkan<\/strong><\/p>\n<p><em>Projektledare Eva H\u00f6gfors-R\u00f6nnholm, Novia<\/em><\/p>\n<p>13.55-14.10\u00a0\u00a0\u00a0\u00a0\u00a0\u00a0\u00a0\u00a0\u00a0\u00a0\u00a0\u00a0\u00a0\u00a0\u00a0\u00a0\u00a0\u00a0\u00a0\u00a0\u00a0\u00a0\u00a0\u00a0\u00a0\u00a0 <strong>Digitalisering inom h\u00e4lsov\u00e5rden: Utv\u00e4rdering, kompetens och l\u00e4rande<\/strong><\/p>\n<p><em>Projektledare <\/em><em>Viveka \u00d6ling-W\u00e4rn\u00e5<\/em><em>, Novia<\/em><\/p>\n<p>14.10- 14.30 \u00a0\u00a0\u00a0\u00a0\u00a0\u00a0\u00a0\u00a0\u00a0\u00a0\u00a0\u00a0\u00a0\u00a0\u00a0\u00a0\u00a0\u00a0\u00a0\u00a0\u00a0\u00a0\u00a0\u00a0 <strong>Kaffepaus<\/strong><\/p>\n<p>14.30-14.45 \u00a0\u00a0\u00a0\u00a0\u00a0\u00a0\u00a0\u00a0\u00a0\u00a0\u00a0\u00a0\u00a0\u00a0\u00a0\u00a0\u00a0\u00a0\u00a0\u00a0\u00a0\u00a0\u00a0\u00a0\u00a0 <strong>\u00c5bo Akademis doktorandutbildning <\/strong><\/p>\n<p><em>Professor och Ledare f\u00f6r forskarskolan Ronald \u00d6sterbacka, \u00c5A<\/em><\/p>\n<p>14.45-15.00 \u00a0\u00a0\u00a0\u00a0\u00a0\u00a0\u00a0\u00a0\u00a0\u00a0\u00a0\u00a0\u00a0\u00a0\u00a0\u00a0\u00a0\u00a0\u00a0\u00a0\u00a0\u00a0\u00a0\u00a0\u00a0 <strong>Hur m\u00f6jligg\u00f6r Novia forskarstudier f\u00f6r sin personal<\/strong><\/p>\n<p><em>HR Specialist Maria Slotte, Novia<\/em><\/p>\n<p>15.00- 15.40 \u00a0\u00a0\u00a0\u00a0\u00a0\u00a0\u00a0\u00a0\u00a0\u00a0\u00a0\u00a0\u00a0\u00a0\u00a0\u00a0\u00a0\u00a0\u00a0\u00a0\u00a0\u00a0\u00a0\u00a0 <strong>Diskussionstillf\u00e4lle<\/strong><\/p>\n<p>P\u00e5 vilka s\u00e4tt kan man f\u00f6rb\u00e4ttra samverkan mellan \u00c5A och Novia g\u00e4llande doktorandutbildning?<\/p>\n<p>15.40-16.00\u00a0\u00a0\u00a0\u00a0\u00a0\u00a0\u00a0\u00a0\u00a0\u00a0\u00a0\u00a0\u00a0\u00a0\u00a0\u00a0\u00a0\u00a0\u00a0\u00a0\u00a0\u00a0\u00a0\u00a0\u00a0\u00a0 <strong>Rundtur p\u00e5 Technobothnia (WSTAR)<\/strong><\/p>\n<p>Bitr\u00e4dande Professor Andreas Lundell &amp; Projektledare Stefan Backlund, \u00c5bo Akademi<\/p>\n<p><strong>Avslutning<\/strong><\/p>\n<p><strong>\u00a0<\/strong><\/p>\n<p><strong>\u00a0<\/strong><strong>Varmt v\u00e4lkomna alla som \u00e4r intresserade av bes\u00f6ket!<\/strong><\/p>\n","protected":false},"excerpt":{"rendered":"<p>TIN bes\u00f6ker Yrkesh\u00f6gskolan Novia i Vasa tisdagen den 11.11. 2025 kl 13-16. Tillf\u00e4llet h\u00e5lls i rum F4210 p\u00e5 andra v\u00e5ningen i Technobothnia. &nbsp; V\u00e4nligen anm\u00e4l dig senast 4.11 h\u00e4r: https:\/\/survey.abo.fi\/lomakkeet\/17220\/lomake.html \u00a0 Programmet h\u00e5lls p\u00e5 svenska, men man har m\u00f6jlighet att st\u00e4lla fr\u00e5gor p\u00e5 engelska. &nbsp; PROGRAM 13.00-13.10 \u00a0\u00a0\u00a0\u00a0\u00a0\u00a0\u00a0\u00a0\u00a0\u00a0\u00a0\u00a0\u00a0\u00a0\u00a0\u00a0\u00a0\u00a0\u00a0\u00a0\u00a0\u00a0\u00a0\u00a0\u00a0 V\u00e4lkommen till Novia Forskningsledare John Dahlbacka, Novia &hellip; <\/p>\n<p class=\"link-more\"><a href=\"https:\/\/blogs2.abo.fi\/tin\/tin-goes-novia\/\" class=\"more-link\">Forts\u00e4tt l\u00e4sa<span class=\"screen-reader-text\"> \u201dTIN goes Novia 11.11\u201d<\/span><\/a><\/p>\n","protected":false},"author":567,"featured_media":0,"parent":0,"menu_order":0,"comment_status":"closed","ping_status":"closed","template":"","meta":{"footnotes":""},"class_list":["post-578","page","type-page","status-publish","hentry"],"_links":{"self":[{"href":"https:\/\/blogs2.abo.fi\/tin\/wp-json\/wp\/v2\/pages\/578","targetHints":{"allow":["GET"]}}],"collection":[{"href":"https:\/\/blogs2.abo.fi\/tin\/wp-json\/wp\/v2\/pages"}],"about":[{"href":"https:\/\/blogs2.abo.fi\/tin\/wp-json\/wp\/v2\/types\/page"}],"author":[{"embeddable":true,"href":"https:\/\/blogs2.abo.fi\/tin\/wp-json\/wp\/v2\/users\/567"}],"replies":[{"embeddable":true,"href":"https:\/\/blogs2.abo.fi\/tin\/wp-json\/wp\/v2\/comments?post=578"}],"version-history":[{"count":3,"href":"https:\/\/blogs2.abo.fi\/tin\/wp-json\/wp\/v2\/pages\/578\/revisions"}],"predecessor-version":[{"id":582,"href":"https:\/\/blogs2.abo.fi\/tin\/wp-json\/wp\/v2\/pages\/578\/revisions\/582"}],"wp:attachment":[{"href":"https:\/\/blogs2.abo.fi\/tin\/wp-json\/wp\/v2\/media?parent=578"}],"curies":[{"name":"wp","href":"https:\/\/api.w.org\/{rel}","templated":true}]}}