{"id":552,"date":"2025-03-21T10:30:54","date_gmt":"2025-03-21T10:30:54","guid":{"rendered":"https:\/\/blogs2.abo.fi\/tin\/?page_id=552"},"modified":"2025-03-21T10:30:54","modified_gmt":"2025-03-21T10:30:54","slug":"tin-goes-etha-10-4","status":"publish","type":"page","link":"https:\/\/blogs2.abo.fi\/tin\/tin-goes-etha-10-4\/","title":{"rendered":"TIN goes Etha 10.4"},"content":{"rendered":"<p><strong>Torsdagen den 10.4 2025 kl. 15.00 -16.30<\/strong> f\u00e5r vi m\u00f6jlighet att bes\u00f6ka Etha i Vasa. Under eftermiddagen f\u00e5r vi lyssna p\u00e5 presentation om f\u00f6retaget, och vi f\u00e5r m\u00f6jlighet att st\u00e4lla fr\u00e5gor och f\u00f6ra intressanta diskussioner.<\/p>\n<p>&nbsp;<\/p>\n<p>Vi syns vid \u00a0Ethas utrymmen i Vasa (R\u00e5dhusgatan 21 B, 5 v\u00e5n).<\/p>\n<p><a href=\"https:\/\/www.etha-consultancy.com\/sv\/startsida\/\">https:\/\/www.etha-consultancy.com\/sv\/startsida\/<\/a><\/p>\n<p>&nbsp;<\/p>\n<p><strong>Anm\u00e4l dig h\u00e4r innan 3.4 2025<\/strong>:<\/p>\n<p><a href=\"https:\/\/survey.abo.fi\/lomakkeet\/16999\/lomake.html\"><strong>https:\/\/survey.abo.fi\/lomakkeet\/16999\/lomake.html<\/strong><\/a><\/p>\n<p><strong>\u00a0<\/strong><\/p>\n<p><strong>Varmt v\u00e4lkomna med alla som vill veta mera om Ethas verksamhet!<\/strong><\/p>\n","protected":false},"excerpt":{"rendered":"<p>Torsdagen den 10.4 2025 kl. 15.00 -16.30 f\u00e5r vi m\u00f6jlighet att bes\u00f6ka Etha i Vasa. Under eftermiddagen f\u00e5r vi lyssna p\u00e5 presentation om f\u00f6retaget, och vi f\u00e5r m\u00f6jlighet att st\u00e4lla fr\u00e5gor och f\u00f6ra intressanta diskussioner. &nbsp; Vi syns vid \u00a0Ethas utrymmen i Vasa (R\u00e5dhusgatan 21 B, 5 v\u00e5n). https:\/\/www.etha-consultancy.com\/sv\/startsida\/ &nbsp; Anm\u00e4l dig h\u00e4r innan 3.4 &hellip; <\/p>\n<p class=\"link-more\"><a href=\"https:\/\/blogs2.abo.fi\/tin\/tin-goes-etha-10-4\/\" class=\"more-link\">Forts\u00e4tt l\u00e4sa<span class=\"screen-reader-text\"> \u201dTIN goes Etha 10.4\u201d<\/span><\/a><\/p>\n","protected":false},"author":567,"featured_media":0,"parent":0,"menu_order":0,"comment_status":"closed","ping_status":"closed","template":"","meta":{"footnotes":""},"class_list":["post-552","page","type-page","status-publish","hentry"],"_links":{"self":[{"href":"https:\/\/blogs2.abo.fi\/tin\/wp-json\/wp\/v2\/pages\/552","targetHints":{"allow":["GET"]}}],"collection":[{"href":"https:\/\/blogs2.abo.fi\/tin\/wp-json\/wp\/v2\/pages"}],"about":[{"href":"https:\/\/blogs2.abo.fi\/tin\/wp-json\/wp\/v2\/types\/page"}],"author":[{"embeddable":true,"href":"https:\/\/blogs2.abo.fi\/tin\/wp-json\/wp\/v2\/users\/567"}],"replies":[{"embeddable":true,"href":"https:\/\/blogs2.abo.fi\/tin\/wp-json\/wp\/v2\/comments?post=552"}],"version-history":[{"count":1,"href":"https:\/\/blogs2.abo.fi\/tin\/wp-json\/wp\/v2\/pages\/552\/revisions"}],"predecessor-version":[{"id":553,"href":"https:\/\/blogs2.abo.fi\/tin\/wp-json\/wp\/v2\/pages\/552\/revisions\/553"}],"wp:attachment":[{"href":"https:\/\/blogs2.abo.fi\/tin\/wp-json\/wp\/v2\/media?parent=552"}],"curies":[{"name":"wp","href":"https:\/\/api.w.org\/{rel}","templated":true}]}}