{"id":510,"date":"2024-09-25T12:37:46","date_gmt":"2024-09-25T12:37:46","guid":{"rendered":"https:\/\/blogs2.abo.fi\/tin\/?page_id=510"},"modified":"2024-09-25T12:37:46","modified_gmt":"2024-09-25T12:37:46","slug":"tin-goes-alholmens-industripark-10-10-2024","status":"publish","type":"page","link":"https:\/\/blogs2.abo.fi\/tin\/tin-goes-alholmens-industripark-10-10-2024\/","title":{"rendered":"TIN goes Alholmens industripark 10.10.2024"},"content":{"rendered":"<p><strong>TIN doktorandn\u00e4tverket i \u00d6sterbotten bjuder med dig p\u00e5 ett bes\u00f6k till Alholmens industripark!<\/strong><\/p>\n<p><strong>\u00a0<\/strong><\/p>\n<p><strong>Torsdagen den 10.10 2024 kl 9.00-13.30<\/strong> (avf\u00e4rd fr\u00e5n Alholmen ca 13.30)\u00a0 f\u00e5r vi m\u00f6jlighet att bes\u00f6ka Alholmens industripark (AIP).<\/p>\n<p>&nbsp;<\/p>\n<p>Under bes\u00f6ket f\u00e5r vi lyssna till f\u00f6retagspresentationer av UPM och Alholmens Kraft samt g\u00f6r en f\u00f6retagsrundtur till fots till UPM och AK. Lunch p\u00e5 egen bekostnad vid centralkafeterian klockan 12. (F\u00f6r \u00c5A-personal: TIN betalar <u>inte<\/u> dagtraktamente).<\/p>\n<p>&nbsp;<\/p>\n<p>Ni tar er p\u00e5 egen hand till Jakobstad, samk\u00f6rning rekommenderas!<\/p>\n<p>&nbsp;<\/p>\n<p>Anm\u00e4l dig h\u00e4r innan 3.10 2024:<\/p>\n<p><a href=\"https:\/\/survey.abo.fi\/lomakkeet\/16718\/lomake.html\">https:\/\/survey.abo.fi\/lomakkeet\/16718\/lomake.html<\/a><\/p>\n<p>&nbsp;<\/p>\n<p><strong>Varmt v\u00e4lkomna med alla som vill veta mera om vad som h\u00e4nder vid Alholmens industripark!<\/strong><\/p>\n","protected":false},"excerpt":{"rendered":"<p>TIN doktorandn\u00e4tverket i \u00d6sterbotten bjuder med dig p\u00e5 ett bes\u00f6k till Alholmens industripark! \u00a0 Torsdagen den 10.10 2024 kl 9.00-13.30 (avf\u00e4rd fr\u00e5n Alholmen ca 13.30)\u00a0 f\u00e5r vi m\u00f6jlighet att bes\u00f6ka Alholmens industripark (AIP). &nbsp; Under bes\u00f6ket f\u00e5r vi lyssna till f\u00f6retagspresentationer av UPM och Alholmens Kraft samt g\u00f6r en f\u00f6retagsrundtur till fots till UPM och &hellip; <\/p>\n<p class=\"link-more\"><a href=\"https:\/\/blogs2.abo.fi\/tin\/tin-goes-alholmens-industripark-10-10-2024\/\" class=\"more-link\">Forts\u00e4tt l\u00e4sa<span class=\"screen-reader-text\"> \u201dTIN goes Alholmens industripark 10.10.2024\u201d<\/span><\/a><\/p>\n","protected":false},"author":567,"featured_media":0,"parent":0,"menu_order":0,"comment_status":"closed","ping_status":"closed","template":"","meta":{"footnotes":""},"class_list":["post-510","page","type-page","status-publish","hentry"],"_links":{"self":[{"href":"https:\/\/blogs2.abo.fi\/tin\/wp-json\/wp\/v2\/pages\/510","targetHints":{"allow":["GET"]}}],"collection":[{"href":"https:\/\/blogs2.abo.fi\/tin\/wp-json\/wp\/v2\/pages"}],"about":[{"href":"https:\/\/blogs2.abo.fi\/tin\/wp-json\/wp\/v2\/types\/page"}],"author":[{"embeddable":true,"href":"https:\/\/blogs2.abo.fi\/tin\/wp-json\/wp\/v2\/users\/567"}],"replies":[{"embeddable":true,"href":"https:\/\/blogs2.abo.fi\/tin\/wp-json\/wp\/v2\/comments?post=510"}],"version-history":[{"count":1,"href":"https:\/\/blogs2.abo.fi\/tin\/wp-json\/wp\/v2\/pages\/510\/revisions"}],"predecessor-version":[{"id":511,"href":"https:\/\/blogs2.abo.fi\/tin\/wp-json\/wp\/v2\/pages\/510\/revisions\/511"}],"wp:attachment":[{"href":"https:\/\/blogs2.abo.fi\/tin\/wp-json\/wp\/v2\/media?parent=510"}],"curies":[{"name":"wp","href":"https:\/\/api.w.org\/{rel}","templated":true}]}}