{"id":51,"date":"2020-10-16T08:29:45","date_gmt":"2020-10-16T08:29:45","guid":{"rendered":"http:\/\/blogs2.abo.fi\/tin\/?page_id=51"},"modified":"2020-11-16T15:25:42","modified_gmt":"2020-11-16T15:25:42","slug":"hem","status":"publish","type":"page","link":"https:\/\/blogs2.abo.fi\/tin\/hem\/","title":{"rendered":"Hem"},"content":{"rendered":"<p style=\"text-align: left\"><span style=\"color: #333300\"><strong>V\u00e4l<\/strong><strong>kommen med i TIN-doktorandn\u00e4tverket i \u00d6sterbotten!<\/strong><\/span><\/p>\n<p><span style=\"color: #003300\">Denna blogg administreras av arbetsgruppen f\u00f6r TIN-doktorandn\u00e4tverket, som \u00e4r ett p\u00e5g\u00e5ende projekt (2020-2025), vars uppgift \u00e4r att locka allt flera doktorander inom teknik, informationsteknologi och naturvetenskaper (TIN) till \u00d6sterbotten.<\/span><\/p>\n<p>Samarbetspartners i projektet \u00e4r \u00c5bo Akademi, Yrkesh\u00f6gskolan Novia (FoU) och Industrin i regionen. Projektet koordineras av <a href=\"https:\/\/blogs.abo.fi\/energiteknik\/\">Energitekniken<\/a> vid \u00c5bo Akademi i Vasa.<\/p>\n","protected":false},"excerpt":{"rendered":"<p>V\u00e4lkommen med i TIN-doktorandn\u00e4tverket i \u00d6sterbotten! Denna blogg administreras av arbetsgruppen f\u00f6r TIN-doktorandn\u00e4tverket, som \u00e4r ett p\u00e5g\u00e5ende projekt (2020-2025), vars uppgift \u00e4r att locka allt flera doktorander inom teknik, informationsteknologi och naturvetenskaper (TIN) till \u00d6sterbotten. Samarbetspartners i projektet \u00e4r \u00c5bo Akademi, Yrkesh\u00f6gskolan Novia (FoU) och Industrin i regionen. Projektet koordineras av Energitekniken vid \u00c5bo Akademi &hellip; <\/p>\n<p class=\"link-more\"><a href=\"https:\/\/blogs2.abo.fi\/tin\/hem\/\" class=\"more-link\">Forts\u00e4tt l\u00e4sa<span class=\"screen-reader-text\"> \u201dHem\u201d<\/span><\/a><\/p>\n","protected":false},"author":567,"featured_media":0,"parent":0,"menu_order":0,"comment_status":"closed","ping_status":"closed","template":"","meta":{"footnotes":""},"class_list":["post-51","page","type-page","status-publish","hentry"],"_links":{"self":[{"href":"https:\/\/blogs2.abo.fi\/tin\/wp-json\/wp\/v2\/pages\/51","targetHints":{"allow":["GET"]}}],"collection":[{"href":"https:\/\/blogs2.abo.fi\/tin\/wp-json\/wp\/v2\/pages"}],"about":[{"href":"https:\/\/blogs2.abo.fi\/tin\/wp-json\/wp\/v2\/types\/page"}],"author":[{"embeddable":true,"href":"https:\/\/blogs2.abo.fi\/tin\/wp-json\/wp\/v2\/users\/567"}],"replies":[{"embeddable":true,"href":"https:\/\/blogs2.abo.fi\/tin\/wp-json\/wp\/v2\/comments?post=51"}],"version-history":[{"count":12,"href":"https:\/\/blogs2.abo.fi\/tin\/wp-json\/wp\/v2\/pages\/51\/revisions"}],"predecessor-version":[{"id":171,"href":"https:\/\/blogs2.abo.fi\/tin\/wp-json\/wp\/v2\/pages\/51\/revisions\/171"}],"wp:attachment":[{"href":"https:\/\/blogs2.abo.fi\/tin\/wp-json\/wp\/v2\/media?parent=51"}],"curies":[{"name":"wp","href":"https:\/\/api.w.org\/{rel}","templated":true}]}}