{"id":5,"date":"2020-10-08T10:38:09","date_gmt":"2020-10-08T10:38:09","guid":{"rendered":"http:\/\/blogs2.abo.fi\/tin\/?page_id=5"},"modified":"2024-06-04T11:26:23","modified_gmt":"2024-06-04T11:26:23","slug":"om-doktorandnatverket","status":"publish","type":"page","link":"https:\/\/blogs2.abo.fi\/tin\/om-doktorandnatverket\/","title":{"rendered":"Om doktorandn\u00e4tverket"},"content":{"rendered":"<p>M\u00e4ngden utexaminerade doktorer inom TIN-omr\u00e5det har varit ganska anspr\u00e5ksl\u00f6s i Vasa-regionen. Projektet tog 2020 avstamp fr\u00e5n detta faktum och arbetar fr\u00e5n 2024 allt mer med att utveckla\u00a0 samarbetsformer med industrin och yrkesh\u00f6gkolorna.\u00a0 Verksamhetens m\u00e5ls\u00e4ttning \u00e4r att st\u00f6da 16-20 doktorander inom TIN-omr\u00e5det som\u00a0 utf\u00f6r sina forskarstudier i \u00d6sterbotten. Detta m\u00f6jligg\u00f6r att utexamineringen av TIN-doktorer skulle f\u00f6rdubblas j\u00e4mf\u00f6rt med niv\u00e5n 2017-19 (d\u00e5 projektet planerades).<\/p>\n<p>Projektet startade 2020 och har en uppdaterad projektplan f\u00f6r 2024-2027. TIN-projektet \u00e4r ett samarbete mellan Energitekniken vid \u00c5A i Vasa, forskare och professorer vid FNT i \u00c5bo, FoU vid Yrkesh\u00f6gskolan Novia i Vasa samt Vasaregionens industri.<\/p>\n<p>Ifall du planerar att doktorera, h\u00e5ller p\u00e5 att doktorera eller redan har doktorerat i ovann\u00e4mnda \u00e4mnesomr\u00e5den och \u00e4r verksam i \u00d6sterbotten, ta d\u00e5 g\u00e4rna kontakt med oss i doktorandn\u00e4tverket!<\/p>\n<p><a href=\"http:\/\/blogs2.abo.fi\/tin\/forskning-som-hobby\/pre-doktorand-samarbete\/\"><strong>Pre-doktorand samarbete<\/strong><\/a><\/p>\n<p><a href=\"http:\/\/blogs2.abo.fi\/tin\/forskning-som-hobby\/post-doc-samarbete-efter-doktorsexamen\/\"><strong>Post doc samarbete (efter doktorsexamen)<\/strong><\/a><\/p>\n<p><a href=\"http:\/\/blogs2.abo.fi\/tin\/doktorera-vid-aa\/\"><strong>B\u00f6rja doktorera vid \u00c5A<\/strong><\/a><\/p>\n<p><a href=\"http:\/\/blogs2.abo.fi\/tin\/aktiva-doktorander-och-postdocs\/\"><strong>I n\u00e4tverket aktiva doktorander och post docs<\/strong><\/a><\/p>\n","protected":false},"excerpt":{"rendered":"<p>M\u00e4ngden utexaminerade doktorer inom TIN-omr\u00e5det har varit ganska anspr\u00e5ksl\u00f6s i Vasa-regionen. Projektet tog 2020 avstamp fr\u00e5n detta faktum och arbetar fr\u00e5n 2024 allt mer med att utveckla\u00a0 samarbetsformer med industrin och yrkesh\u00f6gkolorna.\u00a0 Verksamhetens m\u00e5ls\u00e4ttning \u00e4r att st\u00f6da 16-20 doktorander inom TIN-omr\u00e5det som\u00a0 utf\u00f6r sina forskarstudier i \u00d6sterbotten. Detta m\u00f6jligg\u00f6r att utexamineringen av TIN-doktorer skulle f\u00f6rdubblas &hellip; <\/p>\n<p class=\"link-more\"><a href=\"https:\/\/blogs2.abo.fi\/tin\/om-doktorandnatverket\/\" class=\"more-link\">Forts\u00e4tt l\u00e4sa<span class=\"screen-reader-text\"> \u201dOm doktorandn\u00e4tverket\u201d<\/span><\/a><\/p>\n","protected":false},"author":567,"featured_media":0,"parent":0,"menu_order":0,"comment_status":"closed","ping_status":"closed","template":"","meta":{"footnotes":""},"class_list":["post-5","page","type-page","status-publish","hentry"],"_links":{"self":[{"href":"https:\/\/blogs2.abo.fi\/tin\/wp-json\/wp\/v2\/pages\/5","targetHints":{"allow":["GET"]}}],"collection":[{"href":"https:\/\/blogs2.abo.fi\/tin\/wp-json\/wp\/v2\/pages"}],"about":[{"href":"https:\/\/blogs2.abo.fi\/tin\/wp-json\/wp\/v2\/types\/page"}],"author":[{"embeddable":true,"href":"https:\/\/blogs2.abo.fi\/tin\/wp-json\/wp\/v2\/users\/567"}],"replies":[{"embeddable":true,"href":"https:\/\/blogs2.abo.fi\/tin\/wp-json\/wp\/v2\/comments?post=5"}],"version-history":[{"count":17,"href":"https:\/\/blogs2.abo.fi\/tin\/wp-json\/wp\/v2\/pages\/5\/revisions"}],"predecessor-version":[{"id":498,"href":"https:\/\/blogs2.abo.fi\/tin\/wp-json\/wp\/v2\/pages\/5\/revisions\/498"}],"wp:attachment":[{"href":"https:\/\/blogs2.abo.fi\/tin\/wp-json\/wp\/v2\/media?parent=5"}],"curies":[{"name":"wp","href":"https:\/\/api.w.org\/{rel}","templated":true}]}}