{"id":479,"date":"2024-03-18T12:40:46","date_gmt":"2024-03-18T12:40:46","guid":{"rendered":"https:\/\/blogs2.abo.fi\/tin\/?page_id=479"},"modified":"2024-03-18T12:40:46","modified_gmt":"2024-03-18T12:40:46","slug":"tin-goes-danfoss-10-4-kl-13-16","status":"publish","type":"page","link":"https:\/\/blogs2.abo.fi\/tin\/tin-goes-danfoss-10-4-kl-13-16\/","title":{"rendered":"TIN goes Danfoss 10.4 kl 13-16"},"content":{"rendered":"<p><strong>TIN doktorandn\u00e4tverket i \u00d6sterbotten bjuder med dig p\u00e5 f\u00f6retagsbes\u00f6k till Danfoss i Vasa!<\/strong><\/p>\n<p>&nbsp;<\/p>\n<p><strong>Onsdagen den 10.4 kl. 13-16<\/strong> f\u00e5r vi m\u00f6jlighet att bes\u00f6ka Danfoss i Runsor (Runsorintie 7), Vasa. Under eftermiddagen f\u00e5r vi lyssna p\u00e5 presentation om f\u00f6retaget, g\u00f6ra en rundtur i fabriken samt f\u00e5r m\u00f6jlighet till fr\u00e5gor och intressanta diskussioner.<\/p>\n<p>&nbsp;<\/p>\n<p>Vi syns vid \u00a0Danfoss utrymmen i Runsor.<\/p>\n<p><strong>\u00a0<\/strong><strong>Anm\u00e4l dig h\u00e4r innan 3.4 2024<\/strong>:<\/p>\n<p><a href=\"https:\/\/survey.abo.fi\/lomakkeet\/16381\/lomake.html\">https:\/\/survey.abo.fi\/lomakkeet\/16381\/lomake.html<\/a><\/p>\n<p>&nbsp;<\/p>\n<p><strong>Varmt v\u00e4lkomna med alla som vill veta mera om Danfoss verksamhet!<\/strong><\/p>\n","protected":false},"excerpt":{"rendered":"<p>TIN doktorandn\u00e4tverket i \u00d6sterbotten bjuder med dig p\u00e5 f\u00f6retagsbes\u00f6k till Danfoss i Vasa! &nbsp; Onsdagen den 10.4 kl. 13-16 f\u00e5r vi m\u00f6jlighet att bes\u00f6ka Danfoss i Runsor (Runsorintie 7), Vasa. Under eftermiddagen f\u00e5r vi lyssna p\u00e5 presentation om f\u00f6retaget, g\u00f6ra en rundtur i fabriken samt f\u00e5r m\u00f6jlighet till fr\u00e5gor och intressanta diskussioner. &nbsp; Vi syns &hellip; <\/p>\n<p class=\"link-more\"><a href=\"https:\/\/blogs2.abo.fi\/tin\/tin-goes-danfoss-10-4-kl-13-16\/\" class=\"more-link\">Forts\u00e4tt l\u00e4sa<span class=\"screen-reader-text\"> \u201dTIN goes Danfoss 10.4 kl 13-16\u201d<\/span><\/a><\/p>\n","protected":false},"author":567,"featured_media":0,"parent":0,"menu_order":0,"comment_status":"closed","ping_status":"closed","template":"","meta":{"footnotes":""},"class_list":["post-479","page","type-page","status-publish","hentry"],"_links":{"self":[{"href":"https:\/\/blogs2.abo.fi\/tin\/wp-json\/wp\/v2\/pages\/479","targetHints":{"allow":["GET"]}}],"collection":[{"href":"https:\/\/blogs2.abo.fi\/tin\/wp-json\/wp\/v2\/pages"}],"about":[{"href":"https:\/\/blogs2.abo.fi\/tin\/wp-json\/wp\/v2\/types\/page"}],"author":[{"embeddable":true,"href":"https:\/\/blogs2.abo.fi\/tin\/wp-json\/wp\/v2\/users\/567"}],"replies":[{"embeddable":true,"href":"https:\/\/blogs2.abo.fi\/tin\/wp-json\/wp\/v2\/comments?post=479"}],"version-history":[{"count":1,"href":"https:\/\/blogs2.abo.fi\/tin\/wp-json\/wp\/v2\/pages\/479\/revisions"}],"predecessor-version":[{"id":480,"href":"https:\/\/blogs2.abo.fi\/tin\/wp-json\/wp\/v2\/pages\/479\/revisions\/480"}],"wp:attachment":[{"href":"https:\/\/blogs2.abo.fi\/tin\/wp-json\/wp\/v2\/media?parent=479"}],"curies":[{"name":"wp","href":"https:\/\/api.w.org\/{rel}","templated":true}]}}