{"id":458,"date":"2023-11-03T10:05:24","date_gmt":"2023-11-03T10:05:24","guid":{"rendered":"https:\/\/blogs2.abo.fi\/tin\/?page_id=458"},"modified":"2023-11-03T10:05:24","modified_gmt":"2023-11-03T10:05:24","slug":"tin-kryssning-9-november-2023","status":"publish","type":"page","link":"https:\/\/blogs2.abo.fi\/tin\/tin-kryssning-9-november-2023\/","title":{"rendered":"TIN-kryssning 9 November 2023"},"content":{"rendered":"<p>Kryssning med Wasaline den 9.11 2023 f\u00f6r TIN-doktorander, deras handledare samt andra intresserade av TIN-verksamheten.<\/p>\n<p>P\u00e5 programmet st\u00e5r workshop och diskussioner, lunch p\u00e5 sk\u00e4rg\u00e5rdsbordet samt bes\u00f6k till observationsrummet.<\/p>\n<p>&nbsp;<\/p>\n","protected":false},"excerpt":{"rendered":"<p>Kryssning med Wasaline den 9.11 2023 f\u00f6r TIN-doktorander, deras handledare samt andra intresserade av TIN-verksamheten. P\u00e5 programmet st\u00e5r workshop och diskussioner, lunch p\u00e5 sk\u00e4rg\u00e5rdsbordet samt bes\u00f6k till observationsrummet. &nbsp;<\/p>\n","protected":false},"author":567,"featured_media":0,"parent":0,"menu_order":0,"comment_status":"closed","ping_status":"closed","template":"","meta":{"footnotes":""},"class_list":["post-458","page","type-page","status-publish","hentry"],"_links":{"self":[{"href":"https:\/\/blogs2.abo.fi\/tin\/wp-json\/wp\/v2\/pages\/458","targetHints":{"allow":["GET"]}}],"collection":[{"href":"https:\/\/blogs2.abo.fi\/tin\/wp-json\/wp\/v2\/pages"}],"about":[{"href":"https:\/\/blogs2.abo.fi\/tin\/wp-json\/wp\/v2\/types\/page"}],"author":[{"embeddable":true,"href":"https:\/\/blogs2.abo.fi\/tin\/wp-json\/wp\/v2\/users\/567"}],"replies":[{"embeddable":true,"href":"https:\/\/blogs2.abo.fi\/tin\/wp-json\/wp\/v2\/comments?post=458"}],"version-history":[{"count":1,"href":"https:\/\/blogs2.abo.fi\/tin\/wp-json\/wp\/v2\/pages\/458\/revisions"}],"predecessor-version":[{"id":459,"href":"https:\/\/blogs2.abo.fi\/tin\/wp-json\/wp\/v2\/pages\/458\/revisions\/459"}],"wp:attachment":[{"href":"https:\/\/blogs2.abo.fi\/tin\/wp-json\/wp\/v2\/media?parent=458"}],"curies":[{"name":"wp","href":"https:\/\/api.w.org\/{rel}","templated":true}]}}