{"id":444,"date":"2023-04-24T05:34:30","date_gmt":"2023-04-24T05:34:30","guid":{"rendered":"https:\/\/blogs2.abo.fi\/tin\/?page_id=444"},"modified":"2023-04-24T05:34:30","modified_gmt":"2023-04-24T05:34:30","slug":"tin-goes-mirka-15-5","status":"publish","type":"page","link":"https:\/\/blogs2.abo.fi\/tin\/tin-goes-mirka-15-5\/","title":{"rendered":"TIN goes Mirka 15.5"},"content":{"rendered":"<p><strong>TIN doktorandn\u00e4tverket i \u00d6sterbotten bjuder med dig p\u00e5 f\u00f6retagsbes\u00f6k till Mirka i Jeppo!<\/strong><\/p>\n<p><strong>M\u00e5ndagen den 15.5 kl. 13-16<\/strong> f\u00e5r vi m\u00f6jlighet att bes\u00f6ka Mirka, ett innovativt familje\u00e4gt f\u00f6retag som \u00e4r v\u00e4rldsledare inom ytbehandlingsteknologi. Under eftermiddagen f\u00e5r vi lyssna p\u00e5 presentationer kring Mirkas utveckling samt h\u00f6ra om Mirkas nya utmaningar kring h\u00e5llbar utveckling: Veturiprojektet SHAPE.<\/p>\n<p>\u00c4ven en rundtur, kaffe med tilltugg samt intressanta diskussioner ing\u00e5r i bes\u00f6ket.<\/p>\n<p>Ni tar er p\u00e5 egen hand till Mirka, Jeppo, samk\u00f6rning rekommenderas!<\/p>\n<p>Anm\u00e4l dig h\u00e4r innan 8.5 2023:<\/p>\n<p><a href=\"https:\/\/survey.abo.fi\/lomakkeet\/15598\/lomake.html\">https:\/\/survey.abo.fi\/lomakkeet\/15598\/lomake.html<\/a><\/p>\n<p>&nbsp;<\/p>\n<p><strong>Varmt v\u00e4lkomna med alla som vill veta mera om Mirkas verksamhet!<\/strong><\/p>\n","protected":false},"excerpt":{"rendered":"<p>TIN doktorandn\u00e4tverket i \u00d6sterbotten bjuder med dig p\u00e5 f\u00f6retagsbes\u00f6k till Mirka i Jeppo! M\u00e5ndagen den 15.5 kl. 13-16 f\u00e5r vi m\u00f6jlighet att bes\u00f6ka Mirka, ett innovativt familje\u00e4gt f\u00f6retag som \u00e4r v\u00e4rldsledare inom ytbehandlingsteknologi. Under eftermiddagen f\u00e5r vi lyssna p\u00e5 presentationer kring Mirkas utveckling samt h\u00f6ra om Mirkas nya utmaningar kring h\u00e5llbar utveckling: Veturiprojektet SHAPE. \u00c4ven &hellip; <\/p>\n<p class=\"link-more\"><a href=\"https:\/\/blogs2.abo.fi\/tin\/tin-goes-mirka-15-5\/\" class=\"more-link\">Forts\u00e4tt l\u00e4sa<span class=\"screen-reader-text\"> \u201dTIN goes Mirka 15.5\u201d<\/span><\/a><\/p>\n","protected":false},"author":567,"featured_media":0,"parent":0,"menu_order":0,"comment_status":"closed","ping_status":"closed","template":"","meta":{"footnotes":""},"class_list":["post-444","page","type-page","status-publish","hentry"],"_links":{"self":[{"href":"https:\/\/blogs2.abo.fi\/tin\/wp-json\/wp\/v2\/pages\/444","targetHints":{"allow":["GET"]}}],"collection":[{"href":"https:\/\/blogs2.abo.fi\/tin\/wp-json\/wp\/v2\/pages"}],"about":[{"href":"https:\/\/blogs2.abo.fi\/tin\/wp-json\/wp\/v2\/types\/page"}],"author":[{"embeddable":true,"href":"https:\/\/blogs2.abo.fi\/tin\/wp-json\/wp\/v2\/users\/567"}],"replies":[{"embeddable":true,"href":"https:\/\/blogs2.abo.fi\/tin\/wp-json\/wp\/v2\/comments?post=444"}],"version-history":[{"count":1,"href":"https:\/\/blogs2.abo.fi\/tin\/wp-json\/wp\/v2\/pages\/444\/revisions"}],"predecessor-version":[{"id":445,"href":"https:\/\/blogs2.abo.fi\/tin\/wp-json\/wp\/v2\/pages\/444\/revisions\/445"}],"wp:attachment":[{"href":"https:\/\/blogs2.abo.fi\/tin\/wp-json\/wp\/v2\/media?parent=444"}],"curies":[{"name":"wp","href":"https:\/\/api.w.org\/{rel}","templated":true}]}}