{"id":433,"date":"2023-04-05T07:14:13","date_gmt":"2023-04-05T07:14:13","guid":{"rendered":"https:\/\/blogs2.abo.fi\/tin\/?page_id=433"},"modified":"2023-04-05T07:17:01","modified_gmt":"2023-04-05T07:17:01","slug":"tin-seminarium-torsdagen-den-20-4-kl-14-16","status":"publish","type":"page","link":"https:\/\/blogs2.abo.fi\/tin\/tin-seminarium-torsdagen-den-20-4-kl-14-16\/","title":{"rendered":"TIN seminarium Torsdagen den 20.4 kl 14-16"},"content":{"rendered":"<p>S\u00f6ker du ett diplomarbete, \u00e4r intresserad av att b\u00f6rja doktorera eller bara vill\u00a0 h\u00f6ra vad som h\u00e4nder vid ET\/IT?<\/p>\n<p><b>Energitekniken och <\/b><b>Informationsteknologin <\/b><b>vid \u00c5A i <\/b><b>Vasa<br \/>\n<\/b><br \/>\npresenterar p\u00e5g\u00e5ende\/kommande projekt inom sina \u00e4mnen, <b>Torsdagen den 20 April kl 14-16<\/b><\/p>\n<ul>\n<li><b>WSTAR \u2013 wasa zero emission data center <\/b><\/li>\n<li><b> <\/b><b>Hydrothermal conversion of wet biomass wastes for circular bioeconomy <\/b><\/li>\n<li><b> <\/b><b>Developing battery 2nd-life battery business opportunities in Ostrobothnia <\/b><\/li>\n<li><b> DAzE \u2013 Data automation for zero emission marine <\/b><\/li>\n<li><b><\/b> <b>DDSM &#8211; Data driven sustainability management <\/b><b><\/b><\/li>\n<li><b> <\/b><b>Carbon <\/b><b>Neutral Vaasa 202X &#8211; Testing and development of IoT <\/b><b>Platform<\/b><\/li>\n<li><b> <\/b><b>Hydrogen backbone \u2013 a Preliminary investigation<\/b><\/li>\n<li><b> <\/b><b>Algorithms and Software for Large-Scale Optimization<\/b><\/li>\n<\/ul>\n<p><u><b>Vad<\/b><\/u><b>: <\/b>Kaffe med snacks, korta presentationer (sve. eller eng.) samt m\u00f6jlighet till fr\u00e5gor<\/p>\n<p><u><b>Tidpunkt<\/b><\/u><b>: <\/b>Torsdagen den 20.4 kl 14-16 (b\u00f6rjar kl 14 med kaffe i foaj\u00e9n)<\/p>\n<p><u><b>Plats: <\/b><\/u>Kaffe i foaj\u00e9n, seminarie i Aud Bruhn, Academill<\/p>\n<p><u><b>Anm\u00e4lan (f\u00f6re 13.4 kl 13)<\/b><\/u><b>: <\/b><a href=\"https:\/\/survey.abo.fi\/lomakkeet\/15534\/lomake.html\"><u>https<\/u><u>:\/\/<\/u><u>survey.abo.fi\/lomakkeet\/15534\/lomake.html<\/u><\/a><\/p>\n<p><b>Varmt v\u00e4lkomna med<\/b>!<\/p>\n","protected":false},"excerpt":{"rendered":"<p>S\u00f6ker du ett diplomarbete, \u00e4r intresserad av att b\u00f6rja doktorera eller bara vill\u00a0 h\u00f6ra vad som h\u00e4nder vid ET\/IT? Energitekniken och Informationsteknologin vid \u00c5A i Vasa presenterar p\u00e5g\u00e5ende\/kommande projekt inom sina \u00e4mnen, Torsdagen den 20 April kl 14-16 WSTAR \u2013 wasa zero emission data center Hydrothermal conversion of wet biomass wastes for circular bioeconomy Developing &hellip; <\/p>\n<p class=\"link-more\"><a href=\"https:\/\/blogs2.abo.fi\/tin\/tin-seminarium-torsdagen-den-20-4-kl-14-16\/\" class=\"more-link\">Forts\u00e4tt l\u00e4sa<span class=\"screen-reader-text\"> \u201dTIN seminarium Torsdagen den 20.4 kl 14-16\u201d<\/span><\/a><\/p>\n","protected":false},"author":567,"featured_media":0,"parent":0,"menu_order":0,"comment_status":"closed","ping_status":"closed","template":"","meta":{"footnotes":""},"class_list":["post-433","page","type-page","status-publish","hentry"],"_links":{"self":[{"href":"https:\/\/blogs2.abo.fi\/tin\/wp-json\/wp\/v2\/pages\/433","targetHints":{"allow":["GET"]}}],"collection":[{"href":"https:\/\/blogs2.abo.fi\/tin\/wp-json\/wp\/v2\/pages"}],"about":[{"href":"https:\/\/blogs2.abo.fi\/tin\/wp-json\/wp\/v2\/types\/page"}],"author":[{"embeddable":true,"href":"https:\/\/blogs2.abo.fi\/tin\/wp-json\/wp\/v2\/users\/567"}],"replies":[{"embeddable":true,"href":"https:\/\/blogs2.abo.fi\/tin\/wp-json\/wp\/v2\/comments?post=433"}],"version-history":[{"count":3,"href":"https:\/\/blogs2.abo.fi\/tin\/wp-json\/wp\/v2\/pages\/433\/revisions"}],"predecessor-version":[{"id":438,"href":"https:\/\/blogs2.abo.fi\/tin\/wp-json\/wp\/v2\/pages\/433\/revisions\/438"}],"wp:attachment":[{"href":"https:\/\/blogs2.abo.fi\/tin\/wp-json\/wp\/v2\/media?parent=433"}],"curies":[{"name":"wp","href":"https:\/\/api.w.org\/{rel}","templated":true}]}}