{"id":379,"date":"2022-05-11T12:09:58","date_gmt":"2022-05-11T12:09:58","guid":{"rendered":"https:\/\/blogs2.abo.fi\/tin\/?page_id=379"},"modified":"2022-05-11T12:09:58","modified_gmt":"2022-05-11T12:09:58","slug":"veturi-mojligheter-for-foretag-och-hogskolor-i-osterbotten-mandagen-den-23-5-2022-kl-13-00-13-45","status":"publish","type":"page","link":"https:\/\/blogs2.abo.fi\/tin\/veturi-mojligheter-for-foretag-och-hogskolor-i-osterbotten-mandagen-den-23-5-2022-kl-13-00-13-45\/","title":{"rendered":"Veturi \u2013 M\u00f6jligheter f\u00f6r f\u00f6retag och h\u00f6gskolor i \u00d6sterbotten, M\u00e5ndagen den 23.5 2022 kl 13.00-13.45"},"content":{"rendered":"<p>&nbsp;<\/p>\n<p><strong>M\u00e5ndagen den 23.5 2022 kl 13.00-13.45<\/strong> ordnar TIN-doktorandn\u00e4tverket i \u00d6sterbotten ett tillf\u00e4lle d\u00e4r Kenneth Widell, W\u00e4rtsil\u00e4 presenterar Veturi-projektet. Efter presentationen har vi m\u00f6jligheter att diskutera och st\u00e4lla fr\u00e5gor. Tillf\u00e4llet ordnas fysiskt i Academill, men m\u00f6jligheten att lyssna p\u00e5 presentationen via distans finns \u00e4ven.<\/p>\n<p><strong>\u00a0<\/strong><\/p>\n<p><strong>M\u00e5ndagen den 23.5 kl 13.00-13.45<\/strong><\/p>\n<p><strong><u>Veturi \u2013 M\u00f6jligheter f\u00f6r f\u00f6retag och h\u00f6gskolor i \u00d6sterbotten<\/u><\/strong><\/p>\n<p><em>Kenneth Widell, Senior Project Manager, W\u00e4rtsil\u00e4<\/em><\/p>\n<p>&nbsp;<\/p>\n<p>&nbsp;<\/p>\n<p><strong>V\u00e4nligen registrera dig senast <u>Torsdagen den 19.5<\/u><\/strong>\u00a0p\u00e5 f\u00f6ljande l\u00e4nk:<\/p>\n<p><a href=\"https:\/\/survey.abo.fi\/lomakkeet\/14600\/lomake.html\">https:\/\/survey.abo.fi\/lomakkeet\/14600\/lomake.html<\/a><\/p>\n<p>&nbsp;<\/p>\n<p>Varmt v\u00e4lkomna!<\/p>\n","protected":false},"excerpt":{"rendered":"<p>&nbsp; M\u00e5ndagen den 23.5 2022 kl 13.00-13.45 ordnar TIN-doktorandn\u00e4tverket i \u00d6sterbotten ett tillf\u00e4lle d\u00e4r Kenneth Widell, W\u00e4rtsil\u00e4 presenterar Veturi-projektet. Efter presentationen har vi m\u00f6jligheter att diskutera och st\u00e4lla fr\u00e5gor. Tillf\u00e4llet ordnas fysiskt i Academill, men m\u00f6jligheten att lyssna p\u00e5 presentationen via distans finns \u00e4ven. \u00a0 M\u00e5ndagen den 23.5 kl 13.00-13.45 Veturi \u2013 M\u00f6jligheter f\u00f6r f\u00f6retag &hellip; <\/p>\n<p class=\"link-more\"><a href=\"https:\/\/blogs2.abo.fi\/tin\/veturi-mojligheter-for-foretag-och-hogskolor-i-osterbotten-mandagen-den-23-5-2022-kl-13-00-13-45\/\" class=\"more-link\">Forts\u00e4tt l\u00e4sa<span class=\"screen-reader-text\"> \u201dVeturi \u2013 M\u00f6jligheter f\u00f6r f\u00f6retag och h\u00f6gskolor i \u00d6sterbotten, M\u00e5ndagen den 23.5 2022 kl 13.00-13.45\u201d<\/span><\/a><\/p>\n","protected":false},"author":567,"featured_media":0,"parent":0,"menu_order":0,"comment_status":"closed","ping_status":"closed","template":"","meta":{"footnotes":""},"class_list":["post-379","page","type-page","status-publish","hentry"],"_links":{"self":[{"href":"https:\/\/blogs2.abo.fi\/tin\/wp-json\/wp\/v2\/pages\/379","targetHints":{"allow":["GET"]}}],"collection":[{"href":"https:\/\/blogs2.abo.fi\/tin\/wp-json\/wp\/v2\/pages"}],"about":[{"href":"https:\/\/blogs2.abo.fi\/tin\/wp-json\/wp\/v2\/types\/page"}],"author":[{"embeddable":true,"href":"https:\/\/blogs2.abo.fi\/tin\/wp-json\/wp\/v2\/users\/567"}],"replies":[{"embeddable":true,"href":"https:\/\/blogs2.abo.fi\/tin\/wp-json\/wp\/v2\/comments?post=379"}],"version-history":[{"count":1,"href":"https:\/\/blogs2.abo.fi\/tin\/wp-json\/wp\/v2\/pages\/379\/revisions"}],"predecessor-version":[{"id":380,"href":"https:\/\/blogs2.abo.fi\/tin\/wp-json\/wp\/v2\/pages\/379\/revisions\/380"}],"wp:attachment":[{"href":"https:\/\/blogs2.abo.fi\/tin\/wp-json\/wp\/v2\/media?parent=379"}],"curies":[{"name":"wp","href":"https:\/\/api.w.org\/{rel}","templated":true}]}}