{"id":329,"date":"2021-12-13T11:47:46","date_gmt":"2021-12-13T11:47:46","guid":{"rendered":"https:\/\/blogs2.abo.fi\/tin\/?page_id=329"},"modified":"2022-04-26T08:04:03","modified_gmt":"2022-04-26T08:04:03","slug":"alumnevent-2022","status":"publish","type":"page","link":"https:\/\/blogs2.abo.fi\/tin\/alumnevent-2022\/","title":{"rendered":"Alumnevent 2022"},"content":{"rendered":"<p><strong>Varmt v\u00e4lkomna p\u00e5 Energi- och Datateknikens alumntr\u00e4ff Fredagen den 13 Maj kl 17.30 i Academill i Vasa<\/strong><\/p>\n<p><strong>\u00a0<\/strong><\/p>\n<p>Kv\u00e4llens program\u00a0 b\u00f6rjar med att<strong> Kim Talus, Professor i Juridik vid Helsingfors Universitet <\/strong>diskuterar temat \u201d<strong>L\u00f6sg\u00f6randet fr\u00e5n ryska energiberoendet<\/strong>\u201d. D\u00e4refter har ni sedan \u00a0m\u00f6jlighet att mingla samt \u00e4ta en god middag.<\/p>\n<p>&nbsp;<\/p>\n<p>Mera information om programmet samt anm\u00e4lan till eventet sker via TFIF\u00b4s hemsida:<\/p>\n<p><a href=\"https:\/\/tfif.fi\/evenemang\/energi-och-datateknikens-alumntraff-i-vasa\/\">https:\/\/tfif.fi\/evenemang\/energi-och-datateknikens-alumntraff-i-vasa\/<\/a><\/p>\n<p>&nbsp;<\/p>\n<p>Kom med p\u00e5 en trevlig kv\u00e4ll med andra likasinnade!<\/p>\n","protected":false},"excerpt":{"rendered":"<p>Varmt v\u00e4lkomna p\u00e5 Energi- och Datateknikens alumntr\u00e4ff Fredagen den 13 Maj kl 17.30 i Academill i Vasa \u00a0 Kv\u00e4llens program\u00a0 b\u00f6rjar med att Kim Talus, Professor i Juridik vid Helsingfors Universitet diskuterar temat \u201dL\u00f6sg\u00f6randet fr\u00e5n ryska energiberoendet\u201d. D\u00e4refter har ni sedan \u00a0m\u00f6jlighet att mingla samt \u00e4ta en god middag. &nbsp; Mera information om programmet samt &hellip; <\/p>\n<p class=\"link-more\"><a href=\"https:\/\/blogs2.abo.fi\/tin\/alumnevent-2022\/\" class=\"more-link\">Forts\u00e4tt l\u00e4sa<span class=\"screen-reader-text\"> \u201dAlumnevent 2022\u201d<\/span><\/a><\/p>\n","protected":false},"author":567,"featured_media":0,"parent":0,"menu_order":0,"comment_status":"closed","ping_status":"closed","template":"","meta":{"footnotes":""},"class_list":["post-329","page","type-page","status-publish","hentry"],"_links":{"self":[{"href":"https:\/\/blogs2.abo.fi\/tin\/wp-json\/wp\/v2\/pages\/329","targetHints":{"allow":["GET"]}}],"collection":[{"href":"https:\/\/blogs2.abo.fi\/tin\/wp-json\/wp\/v2\/pages"}],"about":[{"href":"https:\/\/blogs2.abo.fi\/tin\/wp-json\/wp\/v2\/types\/page"}],"author":[{"embeddable":true,"href":"https:\/\/blogs2.abo.fi\/tin\/wp-json\/wp\/v2\/users\/567"}],"replies":[{"embeddable":true,"href":"https:\/\/blogs2.abo.fi\/tin\/wp-json\/wp\/v2\/comments?post=329"}],"version-history":[{"count":4,"href":"https:\/\/blogs2.abo.fi\/tin\/wp-json\/wp\/v2\/pages\/329\/revisions"}],"predecessor-version":[{"id":375,"href":"https:\/\/blogs2.abo.fi\/tin\/wp-json\/wp\/v2\/pages\/329\/revisions\/375"}],"wp:attachment":[{"href":"https:\/\/blogs2.abo.fi\/tin\/wp-json\/wp\/v2\/media?parent=329"}],"curies":[{"name":"wp","href":"https:\/\/api.w.org\/{rel}","templated":true}]}}