{"id":307,"date":"2021-10-08T11:04:29","date_gmt":"2021-10-08T11:04:29","guid":{"rendered":"https:\/\/blogs2.abo.fi\/tin\/?page_id=307"},"modified":"2021-10-11T06:33:07","modified_gmt":"2021-10-11T06:33:07","slug":"webbinarium-29-10-2021-kl-14-00-15-30","status":"publish","type":"page","link":"https:\/\/blogs2.abo.fi\/tin\/webbinarium-29-10-2021-kl-14-00-15-30\/","title":{"rendered":"Webbinarium 29.10.2021 kl 14.00-15.30"},"content":{"rendered":"<p><strong><em>TIN-doktorandn\u00e4tverket i \u00d6sterbotten<\/em><\/strong>\u00a0ordnar ett webbinarium<\/p>\n<p><strong>Fredagen <\/strong><strong>den 29.10 2021 kl 14.00-15.30 p\u00e5 zoom<\/strong><\/p>\n<p>&nbsp;<\/p>\n<p><strong><u>Aktuell IT-forskning inom industri och samh\u00e4lle <\/u><\/strong><\/p>\n<p><strong>Program<\/strong><\/p>\n<p><strong>14.00 \u2013 14.05\u00a0 \u00a0 Inledning och v\u00e4lkomstord <\/strong><\/p>\n<p><em>Andreas Lundell, Akademilektor, Informationsteknologi vid \u00c5A, Vasa<\/em><\/p>\n<p><strong>14.05 \u2013 14.30\u00a0\u00a0\u00a0\u00a0Den nya IT-utbildningen vid \u00c5A i Vasa<\/strong><\/p>\n<p><em>\u00a0Andreas Lundell, Akademilektor, Informationsteknologi vid \u00c5A, Vasa<\/em><\/p>\n<p><strong>14.30 \u2013 14.55\u00a0\u00a0\u00a0 Samarbetsprojekt med industrin\u00a0 <\/strong><\/p>\n<p><em>Jerker Bj\u00f6rkqvist, Akademilektor, Informationsteknologi vid \u00c5A, \u00c5bo <\/em><\/p>\n<p><strong>14.55 \u2013 15.20\u00a0\u00a0\u00a0\u00a0<\/strong><strong>OboDigI 4.0 &#8211; Ostrobothnia Digitalization Industry 4.0<\/strong><\/p>\n<p><em>S\u00f6ren Mattb\u00e4ck, Projektledare vid Novia, Vasa<\/em><\/p>\n<p><em>Johan West\u00f6, Projektledare och Expert p\u00e5 AI vid Novia, Vasa,<\/em><\/p>\n<p><em>Hans Lind\u00e9n, Laboratorieingenj\u00f6r, F\u00f6rel\u00e4sare och Expert p\u00e5 IoT vid\u00a0 \u00a0 \u00a0 \u00a0 \u00a0 \u00a0 \u00a0 \u00a0 \u00a0 \u00a0 \u00a0 \u00a0 \u00a0 \u00a0 \u00a0 \u00a0 \u00a0 \u00a0 \u00a0 \u00a0 \u00a0 \u00a0 \u00a0 \u00a0 \u00a0 \u00a0 \u00a0 Novia, Vasa<\/em><\/p>\n<p><strong>15.20\u2013 15.30\u00a0 \u00a0 Avslutande ord<\/strong><\/p>\n<p>&nbsp;<\/p>\n<p>&nbsp;<\/p>\n<p><strong>V\u00e4nligen registrera dig f\u00f6re\u00a0<u>Onsdagen den 27.10<\/u><\/strong>\u00a0p\u00e5 f\u00f6ljande l\u00e4nk:<\/p>\n<p><a href=\"https:\/\/survey.abo.fi\/lomakkeet\/13875\/lomake.html\"><u>https:\/\/survey.abo.fi\/lomakkeet\/13875\/lomake.html<\/u><\/a><\/p>\n<p>Efter registrering och en dag f\u00f6re webbinariet skickas zoom-l\u00e4nken till den e-mail adress som uppges i anm\u00e4lan.<\/p>\n<p><strong>Varmt v\u00e4lkommen med!<\/strong><\/p>\n","protected":false},"excerpt":{"rendered":"<p>TIN-doktorandn\u00e4tverket i \u00d6sterbotten\u00a0ordnar ett webbinarium Fredagen den 29.10 2021 kl 14.00-15.30 p\u00e5 zoom &nbsp; Aktuell IT-forskning inom industri och samh\u00e4lle Program 14.00 \u2013 14.05\u00a0 \u00a0 Inledning och v\u00e4lkomstord Andreas Lundell, Akademilektor, Informationsteknologi vid \u00c5A, Vasa 14.05 \u2013 14.30\u00a0\u00a0\u00a0\u00a0Den nya IT-utbildningen vid \u00c5A i Vasa \u00a0Andreas Lundell, Akademilektor, Informationsteknologi vid \u00c5A, Vasa 14.30 \u2013 14.55\u00a0\u00a0\u00a0 Samarbetsprojekt &hellip; <\/p>\n<p class=\"link-more\"><a href=\"https:\/\/blogs2.abo.fi\/tin\/webbinarium-29-10-2021-kl-14-00-15-30\/\" class=\"more-link\">Forts\u00e4tt l\u00e4sa<span class=\"screen-reader-text\"> \u201dWebbinarium 29.10.2021 kl 14.00-15.30\u201d<\/span><\/a><\/p>\n","protected":false},"author":567,"featured_media":0,"parent":0,"menu_order":0,"comment_status":"closed","ping_status":"closed","template":"","meta":{"footnotes":""},"class_list":["post-307","page","type-page","status-publish","hentry"],"_links":{"self":[{"href":"https:\/\/blogs2.abo.fi\/tin\/wp-json\/wp\/v2\/pages\/307","targetHints":{"allow":["GET"]}}],"collection":[{"href":"https:\/\/blogs2.abo.fi\/tin\/wp-json\/wp\/v2\/pages"}],"about":[{"href":"https:\/\/blogs2.abo.fi\/tin\/wp-json\/wp\/v2\/types\/page"}],"author":[{"embeddable":true,"href":"https:\/\/blogs2.abo.fi\/tin\/wp-json\/wp\/v2\/users\/567"}],"replies":[{"embeddable":true,"href":"https:\/\/blogs2.abo.fi\/tin\/wp-json\/wp\/v2\/comments?post=307"}],"version-history":[{"count":2,"href":"https:\/\/blogs2.abo.fi\/tin\/wp-json\/wp\/v2\/pages\/307\/revisions"}],"predecessor-version":[{"id":309,"href":"https:\/\/blogs2.abo.fi\/tin\/wp-json\/wp\/v2\/pages\/307\/revisions\/309"}],"wp:attachment":[{"href":"https:\/\/blogs2.abo.fi\/tin\/wp-json\/wp\/v2\/media?parent=307"}],"curies":[{"name":"wp","href":"https:\/\/api.w.org\/{rel}","templated":true}]}}