{"id":268,"date":"2021-04-12T07:36:39","date_gmt":"2021-04-12T07:36:39","guid":{"rendered":"http:\/\/blogs2.abo.fi\/tin\/?page_id=268"},"modified":"2021-10-18T12:42:45","modified_gmt":"2021-10-18T12:42:45","slug":"publikationer","status":"publish","type":"page","link":"https:\/\/blogs2.abo.fi\/tin\/publikationer\/","title":{"rendered":"Publikationer"},"content":{"rendered":"<p><strong>Vetenskapliga publikationer<\/strong><\/p>\n<p><strong>2021<\/strong><\/p>\n<p>Lage S., Willfors A., H\u00f6rnberg A., Gentili F.G. (2021) <a href=\"https:\/\/www.sciencedirect.com\/science\/article\/pii\/S2589014X21002280\">Impact of organic solvents on lipid-extracted microalgae residues and wastewater sludge co-digestion<\/a>, Bioresource Technology Reports, 16<\/p>\n<p>&nbsp;<\/p>\n<p>Gammelg\u00e5rd A., Tuuf J., Strand A., Sundell M. &amp; Bj\u00f6rklund-S\u00e4nkiaho M. (2021). <a href=\"https:\/\/link.springer.com\/article\/10.1007\/s11249-021-01425-x\">A Method for Tribological Measurements of Coated Abrasives using a Rheometer.<\/a> Tribology Letters, 69, 53, [Open Access]<\/p>\n<p>&nbsp;<\/p>\n<p><strong>\u00d6vriga publikationer<\/strong><\/p>\n<p><strong>2021<\/strong><\/p>\n<p>Koskinen, O.,\u00a0\u00a0Lieskoski, S., S\u00f6derbacka, C., Sharma, S.,\u00a0Tuuf, J.\u00a0(2021). Energy storage in our future low carbon society (Energilagring!). An Extended Literature Review. Vaasan ammattikorkeakoulu 2021. Other publikaton C28.\u00a0<a href=\"http:\/\/urn.fi\/URN:ISBN:978-952-5784-49-7\">http:\/\/urn.fi\/URN:ISBN:978-952-5784-49-7<\/a><\/p>\n","protected":false},"excerpt":{"rendered":"<p>Vetenskapliga publikationer 2021 Lage S., Willfors A., H\u00f6rnberg A., Gentili F.G. (2021) Impact of organic solvents on lipid-extracted microalgae residues and wastewater sludge co-digestion, Bioresource Technology Reports, 16 &nbsp; Gammelg\u00e5rd A., Tuuf J., Strand A., Sundell M. &amp; Bj\u00f6rklund-S\u00e4nkiaho M. (2021). A Method for Tribological Measurements of Coated Abrasives using a Rheometer. Tribology Letters, 69, &hellip; <\/p>\n<p class=\"link-more\"><a href=\"https:\/\/blogs2.abo.fi\/tin\/publikationer\/\" class=\"more-link\">Forts\u00e4tt l\u00e4sa<span class=\"screen-reader-text\"> \u201dPublikationer\u201d<\/span><\/a><\/p>\n","protected":false},"author":565,"featured_media":0,"parent":0,"menu_order":0,"comment_status":"closed","ping_status":"closed","template":"","meta":{"footnotes":""},"class_list":["post-268","page","type-page","status-publish","hentry"],"_links":{"self":[{"href":"https:\/\/blogs2.abo.fi\/tin\/wp-json\/wp\/v2\/pages\/268","targetHints":{"allow":["GET"]}}],"collection":[{"href":"https:\/\/blogs2.abo.fi\/tin\/wp-json\/wp\/v2\/pages"}],"about":[{"href":"https:\/\/blogs2.abo.fi\/tin\/wp-json\/wp\/v2\/types\/page"}],"author":[{"embeddable":true,"href":"https:\/\/blogs2.abo.fi\/tin\/wp-json\/wp\/v2\/users\/565"}],"replies":[{"embeddable":true,"href":"https:\/\/blogs2.abo.fi\/tin\/wp-json\/wp\/v2\/comments?post=268"}],"version-history":[{"count":6,"href":"https:\/\/blogs2.abo.fi\/tin\/wp-json\/wp\/v2\/pages\/268\/revisions"}],"predecessor-version":[{"id":317,"href":"https:\/\/blogs2.abo.fi\/tin\/wp-json\/wp\/v2\/pages\/268\/revisions\/317"}],"wp:attachment":[{"href":"https:\/\/blogs2.abo.fi\/tin\/wp-json\/wp\/v2\/media?parent=268"}],"curies":[{"name":"wp","href":"https:\/\/api.w.org\/{rel}","templated":true}]}}