{"id":259,"date":"2021-04-01T06:23:49","date_gmt":"2021-04-01T06:23:49","guid":{"rendered":"http:\/\/blogs2.abo.fi\/tin\/?page_id=259"},"modified":"2021-04-01T11:55:32","modified_gmt":"2021-04-01T11:55:32","slug":"webbinarium-16-4-2021-kl-14-00-16-00","status":"publish","type":"page","link":"https:\/\/blogs2.abo.fi\/tin\/webbinarium-16-4-2021-kl-14-00-16-00\/","title":{"rendered":"Webbinarium 16.4. 2021 kl 14.00-16.00"},"content":{"rendered":"<p><strong><em>TIN-doktorandn\u00e4tverket i \u00d6sterbotten<\/em><\/strong> ordnar ett webbinarium<\/p>\n<p><strong>Fredagen den 16.4 kl 14.00-16.00 p\u00e5 zoom<\/strong><\/p>\n<p>&nbsp;<\/p>\n<p><strong><u>\u00c5As PROFI-omr\u00e5den &#8211; M\u00f6jligheter f\u00f6r industrisamarbete i \u00d6sterbotten?<\/u><\/strong><\/p>\n<p><strong>Program<\/strong><\/p>\n<p>14.00 \u2013 14.05\u00a0 \u00a0 \u00a0 \u00a0 \u00a0 \u00a0Inledning och v\u00e4lkomstord<\/p>\n<p>14.05 \u2013 14.40\u00a0\u00a0\u00a0\u00a0\u00a0\u00a0\u00a0\u00a0\u00a0\u00a0 <strong>\u00c5As PROFI &#8211; omr\u00e5de: Teknologier f\u00f6r en h\u00e5llbar framtid<\/strong><\/p>\n<p><em>\u00a0 \u00a0 \u00a0 \u00a0 \u00a0 \u00a0 \u00a0 \u00a0 \u00a0 \u00a0 \u00a0 \u00a0 \u00a0 \u00a0 \u00a0 \u00a0 \u00a0Johan Bobacka, Professor i Analytisk kemi, \u00c5A<\/em><\/p>\n<p>14.40 \u2013 15.15\u00a0 \u00a0 \u00a0 \u00a0 \u00a0 \u00a0<strong>\u00c5As PROFI &#8211; omr\u00e5de: Havet \u2013 Ett Living Lab vid Kvarken?<\/strong><\/p>\n<p><em>\u00a0 \u00a0 \u00a0 \u00a0 \u00a0 \u00a0 \u00a0 \u00a0 \u00a0 \u00a0 \u00a0 \u00a0 \u00a0 \u00a0 \u00a0 \u00a0 \u00a0Magnus Hellstr\u00f6m, Tenure track Professor i Industriell ekonomi, \u00c5A<\/em><\/p>\n<p><em>\u00a0 \u00a0 \u00a0 \u00a0 \u00a0 \u00a0 \u00a0 \u00a0 \u00a0 \u00a0 \u00a0 \u00a0 \u00a0 \u00a0 \u00a0 \u00a0 \u00a0Anna T\u00f6rnroos-Remes, Tenure track Professor i Marinbiologi, \u00c5A<\/em><\/p>\n<p>15.15 \u2013 15.50\u00a0\u00a0\u00a0\u00a0\u00a0\u00a0\u00a0\u00a0\u00a0\u00a0 <strong>Samverka med Novia och p\u00e5verka!<\/strong><\/p>\n<p><em>\u00a0 \u00a0 \u00a0 \u00a0 \u00a0 \u00a0 \u00a0 \u00a0 \u00a0 \u00a0 \u00a0 \u00a0 \u00a0 \u00a0 \u00a0 \u00a0 \u00a0Johanna Liinamaa<strong>,<\/strong> Forskningschef, Novia<\/em><\/p>\n<p>15.50 \u2013 16.00\u00a0 \u00a0 \u00a0 \u00a0 \u00a0 \u00a0Avslutande ord<\/p>\n<p>&nbsp;<\/p>\n<p><strong>V\u00e4nligen registrera dig f\u00f6re <u>Onsdagen den 14.4<\/u><\/strong> p\u00e5 f\u00f6ljande l\u00e4nk:<\/p>\n<p><a href=\"https:\/\/survey.abo.fi\/lomakkeet\/13481\/lomake.html\">https:\/\/survey.abo.fi\/lomakkeet\/13481\/lomake.html<\/a><\/p>\n<p>&nbsp;<\/p>\n<p>&nbsp;<\/p>\n<p>Efter registrering och en dag f\u00f6re webbinariet skickas zoom-l\u00e4nken till den e-mail adress som uppges i anm\u00e4lan.<\/p>\n<p>&nbsp;<\/p>\n<p><strong>Varmt v\u00e4lkommen med!<\/strong><\/p>\n<p>&nbsp;<\/p>\n<p>&nbsp;<\/p>\n","protected":false},"excerpt":{"rendered":"<p>TIN-doktorandn\u00e4tverket i \u00d6sterbotten ordnar ett webbinarium Fredagen den 16.4 kl 14.00-16.00 p\u00e5 zoom &nbsp; \u00c5As PROFI-omr\u00e5den &#8211; M\u00f6jligheter f\u00f6r industrisamarbete i \u00d6sterbotten? Program 14.00 \u2013 14.05\u00a0 \u00a0 \u00a0 \u00a0 \u00a0 \u00a0Inledning och v\u00e4lkomstord 14.05 \u2013 14.40\u00a0\u00a0\u00a0\u00a0\u00a0\u00a0\u00a0\u00a0\u00a0\u00a0 \u00c5As PROFI &#8211; omr\u00e5de: Teknologier f\u00f6r en h\u00e5llbar framtid \u00a0 \u00a0 \u00a0 \u00a0 \u00a0 \u00a0 \u00a0 \u00a0 \u00a0 \u00a0 &hellip; <\/p>\n<p class=\"link-more\"><a href=\"https:\/\/blogs2.abo.fi\/tin\/webbinarium-16-4-2021-kl-14-00-16-00\/\" class=\"more-link\">Forts\u00e4tt l\u00e4sa<span class=\"screen-reader-text\"> \u201dWebbinarium 16.4. 2021 kl 14.00-16.00\u201d<\/span><\/a><\/p>\n","protected":false},"author":567,"featured_media":0,"parent":0,"menu_order":0,"comment_status":"closed","ping_status":"closed","template":"","meta":{"footnotes":""},"class_list":["post-259","page","type-page","status-publish","hentry"],"_links":{"self":[{"href":"https:\/\/blogs2.abo.fi\/tin\/wp-json\/wp\/v2\/pages\/259","targetHints":{"allow":["GET"]}}],"collection":[{"href":"https:\/\/blogs2.abo.fi\/tin\/wp-json\/wp\/v2\/pages"}],"about":[{"href":"https:\/\/blogs2.abo.fi\/tin\/wp-json\/wp\/v2\/types\/page"}],"author":[{"embeddable":true,"href":"https:\/\/blogs2.abo.fi\/tin\/wp-json\/wp\/v2\/users\/567"}],"replies":[{"embeddable":true,"href":"https:\/\/blogs2.abo.fi\/tin\/wp-json\/wp\/v2\/comments?post=259"}],"version-history":[{"count":6,"href":"https:\/\/blogs2.abo.fi\/tin\/wp-json\/wp\/v2\/pages\/259\/revisions"}],"predecessor-version":[{"id":266,"href":"https:\/\/blogs2.abo.fi\/tin\/wp-json\/wp\/v2\/pages\/259\/revisions\/266"}],"wp:attachment":[{"href":"https:\/\/blogs2.abo.fi\/tin\/wp-json\/wp\/v2\/media?parent=259"}],"curies":[{"name":"wp","href":"https:\/\/api.w.org\/{rel}","templated":true}]}}